{"id":9486,"date":"2021-03-23T11:05:50","date_gmt":"2021-03-23T09:05:50","guid":{"rendered":"https:\/\/www.shoppe.ee\/?post_type=product&#038;p=9486"},"modified":"2021-03-23T11:09:05","modified_gmt":"2021-03-23T09:09:05","slug":"makeat-mantelit-200g","status":"publish","type":"product","link":"https:\/\/www.shoppe.ee\/fi\/product\/makeat-mantelit-200g\/","title":{"rendered":"Makeat Mantelit 200g"},"content":{"rendered":"","protected":false},"excerpt":{"rendered":"<p>Herkullisen mantelimakeisen valmistuksessa mestarikokkimme k\u00e4ytt\u00e4v\u00e4t 1300-luvun reseptej\u00e4. Makeinen takaa hienon makuel\u00e4myksen ja est\u00e4\u00e4 1400-luvun kokin ja filosofin, Bartolome Sacchin, sanojen mukaan my\u00f6s humaltumasta.<\/p>\n<p>Ainesosat: paahdettuja manteleita (v\u00e4hint. 60 %), sokeri, ruokosokerimelassi, v\u00e4h\u00e4rasvainen ruokakerma, kirnupiim\u00e4, palmu\u00f6ljy, modifioitu t\u00e4rkkelys, emulgaattori (polysorbaatti 60), stabilointiaineet (metyyliselluloosa ja ksantaanikumi), happamuuden s\u00e4\u00e4t\u00f6aineet (natriumsitraatit), laktaasientsyymi, kaneli, pippuri, neilikka, vanilja-aromi, gylseroli, glukoosisiirappi, dekstroosi, maitojauhe, soijaproteiini.<br \/>\n100 g tuotetta sis\u00e4lt\u00e4\u00e4 keskim\u00e4\u00e4rin: energiaa 588 kcal \/ 2442 kJ,<br \/>\nrasvaa 43,2 g,<br \/>\njoista tyydyttyneit\u00e4 rasvoja 3,3 g,<br \/>\nhiilihydraatteja 32,8 g,<br \/>\njoista sokeria 31 g,<br \/>\nproteinia 14 g,<br \/>\nsuolaa 0 g<\/p>\n","protected":false},"author":1,"featured_media":8821,"template":"","meta":{"_acf_changed":false,"_monsterinsights_skip_tracking":false,"_monsterinsights_sitenote_active":false,"_monsterinsights_sitenote_note":"","_monsterinsights_sitenote_category":0},"product_brand":[],"product_cat":[115],"product_tag":[],"class_list":{"0":"post-9486","1":"product","2":"type-product","3":"status-publish","4":"has-post-thumbnail","6":"product_cat-makeiset","8":"first","9":"outofstock","10":"taxable","11":"shipping-taxable","12":"purchasable","13":"product-type-simple"},"acf":[],"yoast_head":"<!-- This site is optimized with the Yoast SEO plugin v26.4 - https:\/\/yoast.com\/wordpress\/plugins\/seo\/ -->\n<title>Makeat Mantelit 200g | Shoppe by Olde Hansa<\/title>\n<meta name=\"robots\" content=\"index, follow, max-snippet:-1, max-image-preview:large, max-video-preview:-1\" \/>\n<link rel=\"canonical\" href=\"https:\/\/www.shoppe.ee\/fi\/product\/makeat-mantelit-200g\/\" \/>\n<meta property=\"og:locale\" content=\"fi_FI\" \/>\n<meta property=\"og:type\" content=\"article\" \/>\n<meta property=\"og:title\" content=\"Makeat Mantelit 200g | Shoppe by Olde Hansa\" \/>\n<meta property=\"og:description\" content=\"Herkullisen mantelimakeisen valmistuksessa mestarikokkimme k\u00e4ytt\u00e4v\u00e4t 1300-luvun reseptej\u00e4. Makeinen takaa hienon makuel\u00e4myksen ja est\u00e4\u00e4 1400-luvun kokin ja filosofin, Bartolome Sacchin, sanojen mukaan my\u00f6s humaltumasta.  Ainesosat: paahdettuja manteleita (v\u00e4hint. 60 %), sokeri, ruokosokerimelassi, v\u00e4h\u00e4rasvainen ruokakerma, kirnupiim\u00e4, palmu\u00f6ljy, modifioitu t\u00e4rkkelys, emulgaattori (polysorbaatti 60), stabilointiaineet (metyyliselluloosa ja ksantaanikumi), happamuuden s\u00e4\u00e4t\u00f6aineet (natriumsitraatit), laktaasientsyymi, kaneli, pippuri, neilikka, vanilja-aromi, gylseroli, glukoosisiirappi, dekstroosi, maitojauhe, soijaproteiini. 100 g tuotetta sis\u00e4lt\u00e4\u00e4 keskim\u00e4\u00e4rin: energiaa 588 kcal \/ 2442 kJ, rasvaa 43,2 g, joista tyydyttyneit\u00e4 rasvoja 3,3 g, hiilihydraatteja 32,8 g, joista sokeria 31 g, proteinia 14 g, suolaa 0 g\" \/>\n<meta property=\"og:url\" content=\"https:\/\/www.shoppe.ee\/fi\/product\/makeat-mantelit-200g\/\" \/>\n<meta property=\"og:site_name\" content=\"Shoppe by Olde Hansa\" \/>\n<meta property=\"article:modified_time\" content=\"2021-03-23T09:09:05+00:00\" \/>\n<meta property=\"og:image\" content=\"https:\/\/www.shoppe.ee\/wp-content\/uploads\/2020\/08\/mandel-200g.jpg\" \/>\n\t<meta property=\"og:image:width\" content=\"1200\" \/>\n\t<meta property=\"og:image:height\" content=\"1200\" \/>\n\t<meta property=\"og:image:type\" content=\"image\/jpeg\" \/>\n<meta name=\"twitter:card\" content=\"summary_large_image\" \/>\n<script type=\"application\/ld+json\" class=\"yoast-schema-graph\">{\"@context\":\"https:\/\/schema.org\",\"@graph\":[{\"@type\":\"WebPage\",\"@id\":\"https:\/\/www.shoppe.ee\/fi\/product\/makeat-mantelit-200g\/\",\"url\":\"https:\/\/www.shoppe.ee\/fi\/product\/makeat-mantelit-200g\/\",\"name\":\"Makeat Mantelit 200g | Shoppe by Olde Hansa\",\"isPartOf\":{\"@id\":\"https:\/\/www.shoppe.ee\/ru\/#website\"},\"primaryImageOfPage\":{\"@id\":\"https:\/\/www.shoppe.ee\/fi\/product\/makeat-mantelit-200g\/#primaryimage\"},\"image\":{\"@id\":\"https:\/\/www.shoppe.ee\/fi\/product\/makeat-mantelit-200g\/#primaryimage\"},\"thumbnailUrl\":\"https:\/\/www.shoppe.ee\/wp-content\/uploads\/2020\/08\/mandel-200g.jpg\",\"datePublished\":\"2021-03-23T09:05:50+00:00\",\"dateModified\":\"2021-03-23T09:09:05+00:00\",\"breadcrumb\":{\"@id\":\"https:\/\/www.shoppe.ee\/fi\/product\/makeat-mantelit-200g\/#breadcrumb\"},\"inLanguage\":\"fi\",\"potentialAction\":[{\"@type\":\"ReadAction\",\"target\":[\"https:\/\/www.shoppe.ee\/fi\/product\/makeat-mantelit-200g\/\"]}]},{\"@type\":\"ImageObject\",\"inLanguage\":\"fi\",\"@id\":\"https:\/\/www.shoppe.ee\/fi\/product\/makeat-mantelit-200g\/#primaryimage\",\"url\":\"https:\/\/www.shoppe.ee\/wp-content\/uploads\/2020\/08\/mandel-200g.jpg\",\"contentUrl\":\"https:\/\/www.shoppe.ee\/wp-content\/uploads\/2020\/08\/mandel-200g.jpg\",\"width\":1200,\"height\":1200},{\"@type\":\"BreadcrumbList\",\"@id\":\"https:\/\/www.shoppe.ee\/fi\/product\/makeat-mantelit-200g\/#breadcrumb\",\"itemListElement\":[{\"@type\":\"ListItem\",\"position\":1,\"name\":\"Home\",\"item\":\"https:\/\/www.shoppe.ee\/fi\/\"},{\"@type\":\"ListItem\",\"position\":2,\"name\":\"Shop\",\"item\":\"https:\/\/www.shoppe.ee\/fi\/shop\/\"},{\"@type\":\"ListItem\",\"position\":3,\"name\":\"Makeat Mantelit 200g\"}]},{\"@type\":\"WebSite\",\"@id\":\"https:\/\/www.shoppe.ee\/ru\/#website\",\"url\":\"https:\/\/www.shoppe.ee\/ru\/\",\"name\":\"Shoppe by Olde Hansa\",\"description\":\"Food is good :)\",\"potentialAction\":[{\"@type\":\"SearchAction\",\"target\":{\"@type\":\"EntryPoint\",\"urlTemplate\":\"https:\/\/www.shoppe.ee\/ru\/?s={search_term_string}\"},\"query-input\":{\"@type\":\"PropertyValueSpecification\",\"valueRequired\":true,\"valueName\":\"search_term_string\"}}],\"inLanguage\":\"fi\"}]}<\/script>\n<!-- \/ Yoast SEO plugin. -->","yoast_head_json":{"title":"Makeat Mantelit 200g | Shoppe by Olde Hansa","robots":{"index":"index","follow":"follow","max-snippet":"max-snippet:-1","max-image-preview":"max-image-preview:large","max-video-preview":"max-video-preview:-1"},"canonical":"https:\/\/www.shoppe.ee\/fi\/product\/makeat-mantelit-200g\/","og_locale":"fi_FI","og_type":"article","og_title":"Makeat Mantelit 200g | Shoppe by Olde Hansa","og_description":"Herkullisen mantelimakeisen valmistuksessa mestarikokkimme k\u00e4ytt\u00e4v\u00e4t 1300-luvun reseptej\u00e4. Makeinen takaa hienon makuel\u00e4myksen ja est\u00e4\u00e4 1400-luvun kokin ja filosofin, Bartolome Sacchin, sanojen mukaan my\u00f6s humaltumasta.  Ainesosat: paahdettuja manteleita (v\u00e4hint. 60 %), sokeri, ruokosokerimelassi, v\u00e4h\u00e4rasvainen ruokakerma, kirnupiim\u00e4, palmu\u00f6ljy, modifioitu t\u00e4rkkelys, emulgaattori (polysorbaatti 60), stabilointiaineet (metyyliselluloosa ja ksantaanikumi), happamuuden s\u00e4\u00e4t\u00f6aineet (natriumsitraatit), laktaasientsyymi, kaneli, pippuri, neilikka, vanilja-aromi, gylseroli, glukoosisiirappi, dekstroosi, maitojauhe, soijaproteiini. 100 g tuotetta sis\u00e4lt\u00e4\u00e4 keskim\u00e4\u00e4rin: energiaa 588 kcal \/ 2442 kJ, rasvaa 43,2 g, joista tyydyttyneit\u00e4 rasvoja 3,3 g, hiilihydraatteja 32,8 g, joista sokeria 31 g, proteinia 14 g, suolaa 0 g","og_url":"https:\/\/www.shoppe.ee\/fi\/product\/makeat-mantelit-200g\/","og_site_name":"Shoppe by Olde Hansa","article_modified_time":"2021-03-23T09:09:05+00:00","og_image":[{"width":1200,"height":1200,"url":"https:\/\/www.shoppe.ee\/wp-content\/uploads\/2020\/08\/mandel-200g.jpg","type":"image\/jpeg"}],"twitter_card":"summary_large_image","schema":{"@context":"https:\/\/schema.org","@graph":[{"@type":"WebPage","@id":"https:\/\/www.shoppe.ee\/fi\/product\/makeat-mantelit-200g\/","url":"https:\/\/www.shoppe.ee\/fi\/product\/makeat-mantelit-200g\/","name":"Makeat Mantelit 200g | Shoppe by Olde Hansa","isPartOf":{"@id":"https:\/\/www.shoppe.ee\/ru\/#website"},"primaryImageOfPage":{"@id":"https:\/\/www.shoppe.ee\/fi\/product\/makeat-mantelit-200g\/#primaryimage"},"image":{"@id":"https:\/\/www.shoppe.ee\/fi\/product\/makeat-mantelit-200g\/#primaryimage"},"thumbnailUrl":"https:\/\/www.shoppe.ee\/wp-content\/uploads\/2020\/08\/mandel-200g.jpg","datePublished":"2021-03-23T09:05:50+00:00","dateModified":"2021-03-23T09:09:05+00:00","breadcrumb":{"@id":"https:\/\/www.shoppe.ee\/fi\/product\/makeat-mantelit-200g\/#breadcrumb"},"inLanguage":"fi","potentialAction":[{"@type":"ReadAction","target":["https:\/\/www.shoppe.ee\/fi\/product\/makeat-mantelit-200g\/"]}]},{"@type":"ImageObject","inLanguage":"fi","@id":"https:\/\/www.shoppe.ee\/fi\/product\/makeat-mantelit-200g\/#primaryimage","url":"https:\/\/www.shoppe.ee\/wp-content\/uploads\/2020\/08\/mandel-200g.jpg","contentUrl":"https:\/\/www.shoppe.ee\/wp-content\/uploads\/2020\/08\/mandel-200g.jpg","width":1200,"height":1200},{"@type":"BreadcrumbList","@id":"https:\/\/www.shoppe.ee\/fi\/product\/makeat-mantelit-200g\/#breadcrumb","itemListElement":[{"@type":"ListItem","position":1,"name":"Home","item":"https:\/\/www.shoppe.ee\/fi\/"},{"@type":"ListItem","position":2,"name":"Shop","item":"https:\/\/www.shoppe.ee\/fi\/shop\/"},{"@type":"ListItem","position":3,"name":"Makeat Mantelit 200g"}]},{"@type":"WebSite","@id":"https:\/\/www.shoppe.ee\/ru\/#website","url":"https:\/\/www.shoppe.ee\/ru\/","name":"Shoppe by Olde Hansa","description":"Food is good :)","potentialAction":[{"@type":"SearchAction","target":{"@type":"EntryPoint","urlTemplate":"https:\/\/www.shoppe.ee\/ru\/?s={search_term_string}"},"query-input":{"@type":"PropertyValueSpecification","valueRequired":true,"valueName":"search_term_string"}}],"inLanguage":"fi"}]}},"_links":{"self":[{"href":"https:\/\/www.shoppe.ee\/fi\/wp-json\/wp\/v2\/product\/9486","targetHints":{"allow":["GET"]}}],"collection":[{"href":"https:\/\/www.shoppe.ee\/fi\/wp-json\/wp\/v2\/product"}],"about":[{"href":"https:\/\/www.shoppe.ee\/fi\/wp-json\/wp\/v2\/types\/product"}],"author":[{"embeddable":true,"href":"https:\/\/www.shoppe.ee\/fi\/wp-json\/wp\/v2\/users\/1"}],"wp:featuredmedia":[{"embeddable":true,"href":"https:\/\/www.shoppe.ee\/fi\/wp-json\/wp\/v2\/media\/8821"}],"wp:attachment":[{"href":"https:\/\/www.shoppe.ee\/fi\/wp-json\/wp\/v2\/media?parent=9486"}],"wp:term":[{"taxonomy":"product_brand","embeddable":true,"href":"https:\/\/www.shoppe.ee\/fi\/wp-json\/wp\/v2\/product_brand?post=9486"},{"taxonomy":"product_cat","embeddable":true,"href":"https:\/\/www.shoppe.ee\/fi\/wp-json\/wp\/v2\/product_cat?post=9486"},{"taxonomy":"product_tag","embeddable":true,"href":"https:\/\/www.shoppe.ee\/fi\/wp-json\/wp\/v2\/product_tag?post=9486"}],"curies":[{"name":"wp","href":"https:\/\/api.w.org\/{rel}","templated":true}]}}