{"id":8994,"date":"2020-09-21T18:40:17","date_gmt":"2020-09-21T16:40:17","guid":{"rendered":"https:\/\/www.shoppe.ee\/product\/8994\/"},"modified":"2020-10-17T15:04:25","modified_gmt":"2020-10-17T13:04:25","slug":"8994","status":"publish","type":"product","link":"https:\/\/www.shoppe.ee\/fi\/product\/8994\/","title":{"rendered":"MESTARKOKIN SY\u00d6MINKI"},"content":{"rendered":"","protected":false},"excerpt":{"rendered":"<p><strong>Osanottajam\u00e4\u00e4r\u00e4 v\u00e4hint\u00e4\u00e4n 2 henkil\u00f6\u00e4.<\/strong><\/p>\n<p>Oston suorittamisen j\u00e4lkeen varaa p\u00f6yt\u00e4 halutulle p\u00e4iv\u00e4lle ja ilmoita ravintolaan toiveesta k\u00e4ytt\u00e4\u00e4 tarjousta &#8221;\u00a0MESTARKOKIN SY\u00d6MINKI&#8221;<\/p>\n<p><img loading=\"lazy\" decoding=\"async\" class=\"aligncenter size-large wp-image-8990\" src=\"https:\/\/www.shoppe.ee\/wp-content\/uploads\/2020\/09\/Feast_fi-790x1024.png\" alt=\"\" width=\"790\" height=\"1024\" srcset=\"https:\/\/www.shoppe.ee\/wp-content\/uploads\/2020\/09\/Feast_fi-790x1024.png 790w, https:\/\/www.shoppe.ee\/wp-content\/uploads\/2020\/09\/Feast_fi-600x778.png 600w, https:\/\/www.shoppe.ee\/wp-content\/uploads\/2020\/09\/Feast_fi-231x300.png 231w, https:\/\/www.shoppe.ee\/wp-content\/uploads\/2020\/09\/Feast_fi-768x996.png 768w, https:\/\/www.shoppe.ee\/wp-content\/uploads\/2020\/09\/Feast_fi.png 1080w\" sizes=\"auto, (max-width: 790px) 100vw, 790px\" \/><\/p>\n","protected":false},"author":1,"featured_media":8971,"template":"","meta":{"_acf_changed":false,"_monsterinsights_skip_tracking":false,"_monsterinsights_sitenote_active":false,"_monsterinsights_sitenote_note":"","_monsterinsights_sitenote_category":0},"product_brand":[],"product_cat":[101],"product_tag":[],"class_list":{"0":"post-8994","1":"product","2":"type-product","3":"status-publish","4":"has-post-thumbnail","6":"product_cat-elamykset","8":"first","9":"instock","10":"downloadable","11":"virtual","12":"taxable","13":"purchasable","14":"product-type-simple"},"acf":[],"yoast_head":"<!-- This site is optimized with the Yoast SEO plugin v26.4 - https:\/\/yoast.com\/wordpress\/plugins\/seo\/ -->\n<title>MESTARKOKIN SY\u00d6MINKI | Shoppe by Olde Hansa<\/title>\n<meta name=\"robots\" content=\"index, follow, max-snippet:-1, max-image-preview:large, max-video-preview:-1\" \/>\n<link rel=\"canonical\" href=\"https:\/\/www.shoppe.ee\/fi\/product\/8994\/\" \/>\n<meta property=\"og:locale\" content=\"fi_FI\" \/>\n<meta property=\"og:type\" content=\"article\" \/>\n<meta property=\"og:title\" content=\"MESTARKOKIN SY\u00d6MINKI | Shoppe by Olde Hansa\" \/>\n<meta property=\"og:description\" content=\"Osanottajam\u00e4\u00e4r\u00e4 v\u00e4hint\u00e4\u00e4n 2 henkil\u00f6\u00e4.  Oston suorittamisen j\u00e4lkeen varaa p\u00f6yt\u00e4 halutulle p\u00e4iv\u00e4lle ja ilmoita ravintolaan toiveesta k\u00e4ytt\u00e4\u00e4 tarjousta &quot;\u00a0MESTARKOKIN SY\u00d6MINKI&quot;\" \/>\n<meta property=\"og:url\" content=\"https:\/\/www.shoppe.ee\/fi\/product\/8994\/\" \/>\n<meta property=\"og:site_name\" content=\"Shoppe by Olde Hansa\" \/>\n<meta property=\"article:modified_time\" content=\"2020-10-17T13:04:25+00:00\" \/>\n<meta property=\"og:image\" content=\"https:\/\/www.shoppe.ee\/wp-content\/uploads\/2020\/09\/1000x1300-788x1024.png\" \/>\n\t<meta property=\"og:image:width\" content=\"788\" \/>\n\t<meta property=\"og:image:height\" content=\"1024\" \/>\n\t<meta property=\"og:image:type\" content=\"image\/png\" \/>\n<meta name=\"twitter:card\" content=\"summary_large_image\" \/>\n<script type=\"application\/ld+json\" class=\"yoast-schema-graph\">{\"@context\":\"https:\/\/schema.org\",\"@graph\":[{\"@type\":\"WebPage\",\"@id\":\"https:\/\/www.shoppe.ee\/fi\/product\/8994\/\",\"url\":\"https:\/\/www.shoppe.ee\/fi\/product\/8994\/\",\"name\":\"MESTARKOKIN SY\u00d6MINKI | Shoppe by Olde Hansa\",\"isPartOf\":{\"@id\":\"https:\/\/www.shoppe.ee\/ru\/#website\"},\"primaryImageOfPage\":{\"@id\":\"https:\/\/www.shoppe.ee\/fi\/product\/8994\/#primaryimage\"},\"image\":{\"@id\":\"https:\/\/www.shoppe.ee\/fi\/product\/8994\/#primaryimage\"},\"thumbnailUrl\":\"https:\/\/www.shoppe.ee\/wp-content\/uploads\/2020\/09\/1000x1300.png\",\"datePublished\":\"2020-09-21T16:40:17+00:00\",\"dateModified\":\"2020-10-17T13:04:25+00:00\",\"breadcrumb\":{\"@id\":\"https:\/\/www.shoppe.ee\/fi\/product\/8994\/#breadcrumb\"},\"inLanguage\":\"fi\",\"potentialAction\":[{\"@type\":\"ReadAction\",\"target\":[\"https:\/\/www.shoppe.ee\/fi\/product\/8994\/\"]}]},{\"@type\":\"ImageObject\",\"inLanguage\":\"fi\",\"@id\":\"https:\/\/www.shoppe.ee\/fi\/product\/8994\/#primaryimage\",\"url\":\"https:\/\/www.shoppe.ee\/wp-content\/uploads\/2020\/09\/1000x1300.png\",\"contentUrl\":\"https:\/\/www.shoppe.ee\/wp-content\/uploads\/2020\/09\/1000x1300.png\",\"width\":1000,\"height\":1300},{\"@type\":\"BreadcrumbList\",\"@id\":\"https:\/\/www.shoppe.ee\/fi\/product\/8994\/#breadcrumb\",\"itemListElement\":[{\"@type\":\"ListItem\",\"position\":1,\"name\":\"Home\",\"item\":\"https:\/\/www.shoppe.ee\/fi\/\"},{\"@type\":\"ListItem\",\"position\":2,\"name\":\"Shop\",\"item\":\"https:\/\/www.shoppe.ee\/fi\/shop\/\"},{\"@type\":\"ListItem\",\"position\":3,\"name\":\"MESTARKOKIN SY\u00d6MINKI\"}]},{\"@type\":\"WebSite\",\"@id\":\"https:\/\/www.shoppe.ee\/ru\/#website\",\"url\":\"https:\/\/www.shoppe.ee\/ru\/\",\"name\":\"Shoppe by Olde Hansa\",\"description\":\"Food is good :)\",\"potentialAction\":[{\"@type\":\"SearchAction\",\"target\":{\"@type\":\"EntryPoint\",\"urlTemplate\":\"https:\/\/www.shoppe.ee\/ru\/?s={search_term_string}\"},\"query-input\":{\"@type\":\"PropertyValueSpecification\",\"valueRequired\":true,\"valueName\":\"search_term_string\"}}],\"inLanguage\":\"fi\"}]}<\/script>\n<!-- \/ Yoast SEO plugin. -->","yoast_head_json":{"title":"MESTARKOKIN SY\u00d6MINKI | Shoppe by Olde Hansa","robots":{"index":"index","follow":"follow","max-snippet":"max-snippet:-1","max-image-preview":"max-image-preview:large","max-video-preview":"max-video-preview:-1"},"canonical":"https:\/\/www.shoppe.ee\/fi\/product\/8994\/","og_locale":"fi_FI","og_type":"article","og_title":"MESTARKOKIN SY\u00d6MINKI | Shoppe by Olde Hansa","og_description":"Osanottajam\u00e4\u00e4r\u00e4 v\u00e4hint\u00e4\u00e4n 2 henkil\u00f6\u00e4.  Oston suorittamisen j\u00e4lkeen varaa p\u00f6yt\u00e4 halutulle p\u00e4iv\u00e4lle ja ilmoita ravintolaan toiveesta k\u00e4ytt\u00e4\u00e4 tarjousta \"\u00a0MESTARKOKIN SY\u00d6MINKI\"","og_url":"https:\/\/www.shoppe.ee\/fi\/product\/8994\/","og_site_name":"Shoppe by Olde Hansa","article_modified_time":"2020-10-17T13:04:25+00:00","og_image":[{"width":788,"height":1024,"url":"https:\/\/www.shoppe.ee\/wp-content\/uploads\/2020\/09\/1000x1300-788x1024.png","type":"image\/png"}],"twitter_card":"summary_large_image","schema":{"@context":"https:\/\/schema.org","@graph":[{"@type":"WebPage","@id":"https:\/\/www.shoppe.ee\/fi\/product\/8994\/","url":"https:\/\/www.shoppe.ee\/fi\/product\/8994\/","name":"MESTARKOKIN SY\u00d6MINKI | Shoppe by Olde Hansa","isPartOf":{"@id":"https:\/\/www.shoppe.ee\/ru\/#website"},"primaryImageOfPage":{"@id":"https:\/\/www.shoppe.ee\/fi\/product\/8994\/#primaryimage"},"image":{"@id":"https:\/\/www.shoppe.ee\/fi\/product\/8994\/#primaryimage"},"thumbnailUrl":"https:\/\/www.shoppe.ee\/wp-content\/uploads\/2020\/09\/1000x1300.png","datePublished":"2020-09-21T16:40:17+00:00","dateModified":"2020-10-17T13:04:25+00:00","breadcrumb":{"@id":"https:\/\/www.shoppe.ee\/fi\/product\/8994\/#breadcrumb"},"inLanguage":"fi","potentialAction":[{"@type":"ReadAction","target":["https:\/\/www.shoppe.ee\/fi\/product\/8994\/"]}]},{"@type":"ImageObject","inLanguage":"fi","@id":"https:\/\/www.shoppe.ee\/fi\/product\/8994\/#primaryimage","url":"https:\/\/www.shoppe.ee\/wp-content\/uploads\/2020\/09\/1000x1300.png","contentUrl":"https:\/\/www.shoppe.ee\/wp-content\/uploads\/2020\/09\/1000x1300.png","width":1000,"height":1300},{"@type":"BreadcrumbList","@id":"https:\/\/www.shoppe.ee\/fi\/product\/8994\/#breadcrumb","itemListElement":[{"@type":"ListItem","position":1,"name":"Home","item":"https:\/\/www.shoppe.ee\/fi\/"},{"@type":"ListItem","position":2,"name":"Shop","item":"https:\/\/www.shoppe.ee\/fi\/shop\/"},{"@type":"ListItem","position":3,"name":"MESTARKOKIN SY\u00d6MINKI"}]},{"@type":"WebSite","@id":"https:\/\/www.shoppe.ee\/ru\/#website","url":"https:\/\/www.shoppe.ee\/ru\/","name":"Shoppe by Olde Hansa","description":"Food is good :)","potentialAction":[{"@type":"SearchAction","target":{"@type":"EntryPoint","urlTemplate":"https:\/\/www.shoppe.ee\/ru\/?s={search_term_string}"},"query-input":{"@type":"PropertyValueSpecification","valueRequired":true,"valueName":"search_term_string"}}],"inLanguage":"fi"}]}},"_links":{"self":[{"href":"https:\/\/www.shoppe.ee\/fi\/wp-json\/wp\/v2\/product\/8994","targetHints":{"allow":["GET"]}}],"collection":[{"href":"https:\/\/www.shoppe.ee\/fi\/wp-json\/wp\/v2\/product"}],"about":[{"href":"https:\/\/www.shoppe.ee\/fi\/wp-json\/wp\/v2\/types\/product"}],"author":[{"embeddable":true,"href":"https:\/\/www.shoppe.ee\/fi\/wp-json\/wp\/v2\/users\/1"}],"wp:featuredmedia":[{"embeddable":true,"href":"https:\/\/www.shoppe.ee\/fi\/wp-json\/wp\/v2\/media\/8971"}],"wp:attachment":[{"href":"https:\/\/www.shoppe.ee\/fi\/wp-json\/wp\/v2\/media?parent=8994"}],"wp:term":[{"taxonomy":"product_brand","embeddable":true,"href":"https:\/\/www.shoppe.ee\/fi\/wp-json\/wp\/v2\/product_brand?post=8994"},{"taxonomy":"product_cat","embeddable":true,"href":"https:\/\/www.shoppe.ee\/fi\/wp-json\/wp\/v2\/product_cat?post=8994"},{"taxonomy":"product_tag","embeddable":true,"href":"https:\/\/www.shoppe.ee\/fi\/wp-json\/wp\/v2\/product_tag?post=8994"}],"curies":[{"name":"wp","href":"https:\/\/api.w.org\/{rel}","templated":true}]}}