{"id":6402,"date":"2018-12-19T16:46:01","date_gmt":"2018-12-19T14:46:01","guid":{"rendered":"https:\/\/www.shoppe.ee\/?post_type=product&#038;p=6402"},"modified":"2019-12-09T10:52:37","modified_gmt":"2019-12-09T08:52:37","slug":"keskiaikainen-uudenvuodenjuhla-hortuksessa-lasten-liput-2","status":"publish","type":"product","link":"https:\/\/www.shoppe.ee\/fi\/product\/keskiaikainen-uudenvuodenjuhla-hortuksessa-lasten-liput-2\/","title":{"rendered":"KESKIAIKAINEN UUDENVUODENJUHLA Kauppias kammio lasten liput"},"content":{"rendered":"","protected":false},"excerpt":{"rendered":"<p>Oivallinen tapa aloittaa vuoden ihmeellisin ilta. Kuten vanha keskiaikainen sanonta kuuluu, \u201cKunnianarvoisan tulee sy\u00f6d\u00e4 ainakin kahtatoista eri ruokaa t\u00e4n\u00e4 erityisen\u00e4 iltana.\u201d<br \/>\nTervetuloa!<\/p>\n<p>Ylt\u00e4kyll\u00e4inen uudenvuodenaaton sy\u00f6minki on ehta ja tuhti keskiaikainen kattaus, jossa ruokaa kannetaan p\u00f6yt\u00e4\u00e4n, kunnes kaikki ovat m\u00e4ss\u00e4illeet enemm\u00e4n kuin kyll\u00e4kseen.<\/p>\n<p>Hintaan sis\u00e4ltyy:<\/p>\n<ul>\n<li style=\"list-style-type: none;\">\n<ul>\n<li><strong>Ylt\u00e4kyll\u00e4inen sy\u00f6minki<\/strong><\/li>\n<li><strong>3 lasia kuohuviini\u00e4<\/strong><\/li>\n<li><strong>Alkoholittomat juomat<\/strong><\/li>\n<li><strong>Yll\u00e4tys ruoka<\/strong><\/li>\n<\/ul>\n<\/li>\n<\/ul>\n<p>&nbsp;<\/p>\n<p><strong>ALKURUOAT:<\/strong><br \/>\nRanskan hovin linnunmaksaherkkua sipulihillon kanssa<br \/>\nAndalusian lohta<br \/>\nSuuresti siugnatun oliivipuun marjoja<br \/>\nLiivinmaan kreivin hapankurkkuja<br \/>\nYrtti-p\u00e4hkin\u00e4leip\u00e4\u00e4<br \/>\nK\u00e4risteleip\u00e4\u00e4<br \/>\nLinnan tuorejuustoa<br \/>\nPinaatti ja mantelimurot kaukaisten maiden yrteill\u00e4<\/p>\n<p><strong>P\u00c4\u00c4RUOAT:<\/strong><br \/>\n<strong><em>Ensimm\u00e4inen ruokalaji<\/em><\/strong><br \/>\nNuotion lohta p\u00e4hkin\u00e4kastikkeessa<br \/>\n<strong><em>Toinen ruokalaji<\/em><\/strong><br \/>\nCunnioitetun Frederik Cokin Riistamackaroita Carhun, Willisian ja Hirwen woimin<br \/>\n<strong><em>Kolmas ruokalaji <\/em><\/strong><br \/>\nVeneetsianmaan Suuri Ankajalka<br \/>\n<strong>IHANIEN LISUKKEIDEN KANSSA:<\/strong><br \/>\nHaudettu savuhapankaali<br \/>\nInkw\u00e4rlanttu<br \/>\nHienoimman wiljan sahramispeltti\u00e4<br \/>\nRistiretkel\u00e4isten linssimuhennos<\/p>\n<p><strong>J\u00c4LKIRUOKA:<\/strong><br \/>\nHildegardin makea Jouluvanukas<\/p>\n<p><strong>JUOMAT:<\/strong><br \/>\nIllallisen hintaan sis\u00e4ltyy 3 lasia kuohuviini\u00e4<br \/>\nLis\u00e4ksi vesi, kahvi\/tee<\/p>\n<p>&nbsp;<\/p>\n<p>&nbsp;<\/p>\n<p>Olde Hansa reserves the right to make changes to the program<\/p>\n","protected":false},"author":1,"featured_media":4166,"template":"","meta":{"_acf_changed":false,"_monsterinsights_skip_tracking":false,"_monsterinsights_sitenote_active":false,"_monsterinsights_sitenote_note":"","_monsterinsights_sitenote_category":0},"product_brand":[],"product_cat":[92],"product_tag":[],"class_list":{"0":"post-6402","1":"product","2":"type-product","3":"status-publish","4":"has-post-thumbnail","6":"product_cat-uncategorized-fi","8":"first","9":"outofstock","10":"virtual","11":"purchasable","12":"product-type-simple"},"acf":[],"yoast_head":"<!-- This site is optimized with the Yoast SEO plugin v26.4 - https:\/\/yoast.com\/wordpress\/plugins\/seo\/ -->\n<title>KESKIAIKAINEN UUDENVUODENJUHLA Kauppias kammio lasten liput | Shoppe by Olde Hansa<\/title>\n<meta name=\"robots\" content=\"index, follow, max-snippet:-1, max-image-preview:large, max-video-preview:-1\" \/>\n<link rel=\"canonical\" href=\"https:\/\/www.shoppe.ee\/fi\/product\/keskiaikainen-uudenvuodenjuhla-hortuksessa-lasten-liput-2\/\" \/>\n<meta property=\"og:locale\" content=\"fi_FI\" \/>\n<meta property=\"og:type\" content=\"article\" \/>\n<meta property=\"og:title\" content=\"KESKIAIKAINEN UUDENVUODENJUHLA Kauppias kammio lasten liput | Shoppe by Olde Hansa\" \/>\n<meta property=\"og:description\" content=\"Oivallinen tapa aloittaa vuoden ihmeellisin ilta. Kuten vanha keskiaikainen sanonta kuuluu, \u201cKunnianarvoisan tulee sy\u00f6d\u00e4 ainakin kahtatoista eri ruokaa t\u00e4n\u00e4 erityisen\u00e4 iltana.\u201d Tervetuloa!  Ylt\u00e4kyll\u00e4inen uudenvuodenaaton sy\u00f6minki on ehta ja tuhti keskiaikainen kattaus, jossa ruokaa kannetaan p\u00f6yt\u00e4\u00e4n, kunnes kaikki ovat m\u00e4ss\u00e4illeet enemm\u00e4n kuin kyll\u00e4kseen.  Hintaan sis\u00e4ltyy:      Ylt\u00e4kyll\u00e4inen sy\u00f6minki  3 lasia kuohuviini\u00e4  Alkoholittomat juomat  Yll\u00e4tys ruoka    &nbsp;  ALKURUOAT: Ranskan hovin linnunmaksaherkkua sipulihillon kanssa Andalusian lohta Suuresti siugnatun oliivipuun marjoja Liivinmaan kreivin hapankurkkuja Yrtti-p\u00e4hkin\u00e4leip\u00e4\u00e4 K\u00e4risteleip\u00e4\u00e4 Linnan tuorejuustoa Pinaatti ja mantelimurot kaukaisten maiden yrteill\u00e4  P\u00c4\u00c4RUOAT: Ensimm\u00e4inen ruokalaji Nuotion lohta p\u00e4hkin\u00e4kastikkeessa Toinen ruokalaji Cunnioitetun Frederik Cokin Riistamackaroita Carhun, Willisian ja Hirwen woimin Kolmas ruokalaji  Veneetsianmaan Suuri Ankajalka IHANIEN LISUKKEIDEN KANSSA: Haudettu savuhapankaali Inkw\u00e4rlanttu Hienoimman wiljan sahramispeltti\u00e4 Ristiretkel\u00e4isten linssimuhennos  J\u00c4LKIRUOKA: Hildegardin makea Jouluvanukas  JUOMAT: Illallisen hintaan sis\u00e4ltyy 3 lasia kuohuviini\u00e4 Lis\u00e4ksi vesi, kahvi\/tee  &nbsp;  &nbsp;  Olde Hansa reserves the right to make changes to the program\" \/>\n<meta property=\"og:url\" content=\"https:\/\/www.shoppe.ee\/fi\/product\/keskiaikainen-uudenvuodenjuhla-hortuksessa-lasten-liput-2\/\" \/>\n<meta property=\"og:site_name\" content=\"Shoppe by Olde Hansa\" \/>\n<meta property=\"article:modified_time\" content=\"2019-12-09T08:52:37+00:00\" \/>\n<meta property=\"og:image\" content=\"https:\/\/www.shoppe.ee\/wp-content\/uploads\/2018\/08\/TTT0907.jpg\" \/>\n\t<meta property=\"og:image:width\" content=\"1668\" \/>\n\t<meta property=\"og:image:height\" content=\"1667\" \/>\n\t<meta property=\"og:image:type\" content=\"image\/jpeg\" \/>\n<meta name=\"twitter:card\" content=\"summary_large_image\" \/>\n<script type=\"application\/ld+json\" class=\"yoast-schema-graph\">{\"@context\":\"https:\/\/schema.org\",\"@graph\":[{\"@type\":\"WebPage\",\"@id\":\"https:\/\/www.shoppe.ee\/fi\/product\/keskiaikainen-uudenvuodenjuhla-hortuksessa-lasten-liput-2\/\",\"url\":\"https:\/\/www.shoppe.ee\/fi\/product\/keskiaikainen-uudenvuodenjuhla-hortuksessa-lasten-liput-2\/\",\"name\":\"KESKIAIKAINEN UUDENVUODENJUHLA Kauppias kammio lasten liput | Shoppe by Olde Hansa\",\"isPartOf\":{\"@id\":\"https:\/\/www.shoppe.ee\/ru\/#website\"},\"primaryImageOfPage\":{\"@id\":\"https:\/\/www.shoppe.ee\/fi\/product\/keskiaikainen-uudenvuodenjuhla-hortuksessa-lasten-liput-2\/#primaryimage\"},\"image\":{\"@id\":\"https:\/\/www.shoppe.ee\/fi\/product\/keskiaikainen-uudenvuodenjuhla-hortuksessa-lasten-liput-2\/#primaryimage\"},\"thumbnailUrl\":\"https:\/\/www.shoppe.ee\/wp-content\/uploads\/2018\/08\/TTT0907.jpg\",\"datePublished\":\"2018-12-19T14:46:01+00:00\",\"dateModified\":\"2019-12-09T08:52:37+00:00\",\"breadcrumb\":{\"@id\":\"https:\/\/www.shoppe.ee\/fi\/product\/keskiaikainen-uudenvuodenjuhla-hortuksessa-lasten-liput-2\/#breadcrumb\"},\"inLanguage\":\"fi\",\"potentialAction\":[{\"@type\":\"ReadAction\",\"target\":[\"https:\/\/www.shoppe.ee\/fi\/product\/keskiaikainen-uudenvuodenjuhla-hortuksessa-lasten-liput-2\/\"]}]},{\"@type\":\"ImageObject\",\"inLanguage\":\"fi\",\"@id\":\"https:\/\/www.shoppe.ee\/fi\/product\/keskiaikainen-uudenvuodenjuhla-hortuksessa-lasten-liput-2\/#primaryimage\",\"url\":\"https:\/\/www.shoppe.ee\/wp-content\/uploads\/2018\/08\/TTT0907.jpg\",\"contentUrl\":\"https:\/\/www.shoppe.ee\/wp-content\/uploads\/2018\/08\/TTT0907.jpg\",\"width\":1668,\"height\":1667,\"caption\":\"j\u00f5ulupidu\"},{\"@type\":\"BreadcrumbList\",\"@id\":\"https:\/\/www.shoppe.ee\/fi\/product\/keskiaikainen-uudenvuodenjuhla-hortuksessa-lasten-liput-2\/#breadcrumb\",\"itemListElement\":[{\"@type\":\"ListItem\",\"position\":1,\"name\":\"Home\",\"item\":\"https:\/\/www.shoppe.ee\/fi\/\"},{\"@type\":\"ListItem\",\"position\":2,\"name\":\"Shop\",\"item\":\"https:\/\/www.shoppe.ee\/fi\/shop\/\"},{\"@type\":\"ListItem\",\"position\":3,\"name\":\"KESKIAIKAINEN UUDENVUODENJUHLA Kauppias kammio lasten liput\"}]},{\"@type\":\"WebSite\",\"@id\":\"https:\/\/www.shoppe.ee\/ru\/#website\",\"url\":\"https:\/\/www.shoppe.ee\/ru\/\",\"name\":\"Shoppe by Olde Hansa\",\"description\":\"Food is good :)\",\"potentialAction\":[{\"@type\":\"SearchAction\",\"target\":{\"@type\":\"EntryPoint\",\"urlTemplate\":\"https:\/\/www.shoppe.ee\/ru\/?s={search_term_string}\"},\"query-input\":{\"@type\":\"PropertyValueSpecification\",\"valueRequired\":true,\"valueName\":\"search_term_string\"}}],\"inLanguage\":\"fi\"}]}<\/script>\n<!-- \/ Yoast SEO plugin. -->","yoast_head_json":{"title":"KESKIAIKAINEN UUDENVUODENJUHLA Kauppias kammio lasten liput | Shoppe by Olde Hansa","robots":{"index":"index","follow":"follow","max-snippet":"max-snippet:-1","max-image-preview":"max-image-preview:large","max-video-preview":"max-video-preview:-1"},"canonical":"https:\/\/www.shoppe.ee\/fi\/product\/keskiaikainen-uudenvuodenjuhla-hortuksessa-lasten-liput-2\/","og_locale":"fi_FI","og_type":"article","og_title":"KESKIAIKAINEN UUDENVUODENJUHLA Kauppias kammio lasten liput | Shoppe by Olde Hansa","og_description":"Oivallinen tapa aloittaa vuoden ihmeellisin ilta. Kuten vanha keskiaikainen sanonta kuuluu, \u201cKunnianarvoisan tulee sy\u00f6d\u00e4 ainakin kahtatoista eri ruokaa t\u00e4n\u00e4 erityisen\u00e4 iltana.\u201d Tervetuloa!  Ylt\u00e4kyll\u00e4inen uudenvuodenaaton sy\u00f6minki on ehta ja tuhti keskiaikainen kattaus, jossa ruokaa kannetaan p\u00f6yt\u00e4\u00e4n, kunnes kaikki ovat m\u00e4ss\u00e4illeet enemm\u00e4n kuin kyll\u00e4kseen.  Hintaan sis\u00e4ltyy:      Ylt\u00e4kyll\u00e4inen sy\u00f6minki  3 lasia kuohuviini\u00e4  Alkoholittomat juomat  Yll\u00e4tys ruoka    &nbsp;  ALKURUOAT: Ranskan hovin linnunmaksaherkkua sipulihillon kanssa Andalusian lohta Suuresti siugnatun oliivipuun marjoja Liivinmaan kreivin hapankurkkuja Yrtti-p\u00e4hkin\u00e4leip\u00e4\u00e4 K\u00e4risteleip\u00e4\u00e4 Linnan tuorejuustoa Pinaatti ja mantelimurot kaukaisten maiden yrteill\u00e4  P\u00c4\u00c4RUOAT: Ensimm\u00e4inen ruokalaji Nuotion lohta p\u00e4hkin\u00e4kastikkeessa Toinen ruokalaji Cunnioitetun Frederik Cokin Riistamackaroita Carhun, Willisian ja Hirwen woimin Kolmas ruokalaji  Veneetsianmaan Suuri Ankajalka IHANIEN LISUKKEIDEN KANSSA: Haudettu savuhapankaali Inkw\u00e4rlanttu Hienoimman wiljan sahramispeltti\u00e4 Ristiretkel\u00e4isten linssimuhennos  J\u00c4LKIRUOKA: Hildegardin makea Jouluvanukas  JUOMAT: Illallisen hintaan sis\u00e4ltyy 3 lasia kuohuviini\u00e4 Lis\u00e4ksi vesi, kahvi\/tee  &nbsp;  &nbsp;  Olde Hansa reserves the right to make changes to the program","og_url":"https:\/\/www.shoppe.ee\/fi\/product\/keskiaikainen-uudenvuodenjuhla-hortuksessa-lasten-liput-2\/","og_site_name":"Shoppe by Olde Hansa","article_modified_time":"2019-12-09T08:52:37+00:00","og_image":[{"width":1668,"height":1667,"url":"https:\/\/www.shoppe.ee\/wp-content\/uploads\/2018\/08\/TTT0907.jpg","type":"image\/jpeg"}],"twitter_card":"summary_large_image","schema":{"@context":"https:\/\/schema.org","@graph":[{"@type":"WebPage","@id":"https:\/\/www.shoppe.ee\/fi\/product\/keskiaikainen-uudenvuodenjuhla-hortuksessa-lasten-liput-2\/","url":"https:\/\/www.shoppe.ee\/fi\/product\/keskiaikainen-uudenvuodenjuhla-hortuksessa-lasten-liput-2\/","name":"KESKIAIKAINEN UUDENVUODENJUHLA Kauppias kammio lasten liput | Shoppe by Olde Hansa","isPartOf":{"@id":"https:\/\/www.shoppe.ee\/ru\/#website"},"primaryImageOfPage":{"@id":"https:\/\/www.shoppe.ee\/fi\/product\/keskiaikainen-uudenvuodenjuhla-hortuksessa-lasten-liput-2\/#primaryimage"},"image":{"@id":"https:\/\/www.shoppe.ee\/fi\/product\/keskiaikainen-uudenvuodenjuhla-hortuksessa-lasten-liput-2\/#primaryimage"},"thumbnailUrl":"https:\/\/www.shoppe.ee\/wp-content\/uploads\/2018\/08\/TTT0907.jpg","datePublished":"2018-12-19T14:46:01+00:00","dateModified":"2019-12-09T08:52:37+00:00","breadcrumb":{"@id":"https:\/\/www.shoppe.ee\/fi\/product\/keskiaikainen-uudenvuodenjuhla-hortuksessa-lasten-liput-2\/#breadcrumb"},"inLanguage":"fi","potentialAction":[{"@type":"ReadAction","target":["https:\/\/www.shoppe.ee\/fi\/product\/keskiaikainen-uudenvuodenjuhla-hortuksessa-lasten-liput-2\/"]}]},{"@type":"ImageObject","inLanguage":"fi","@id":"https:\/\/www.shoppe.ee\/fi\/product\/keskiaikainen-uudenvuodenjuhla-hortuksessa-lasten-liput-2\/#primaryimage","url":"https:\/\/www.shoppe.ee\/wp-content\/uploads\/2018\/08\/TTT0907.jpg","contentUrl":"https:\/\/www.shoppe.ee\/wp-content\/uploads\/2018\/08\/TTT0907.jpg","width":1668,"height":1667,"caption":"j\u00f5ulupidu"},{"@type":"BreadcrumbList","@id":"https:\/\/www.shoppe.ee\/fi\/product\/keskiaikainen-uudenvuodenjuhla-hortuksessa-lasten-liput-2\/#breadcrumb","itemListElement":[{"@type":"ListItem","position":1,"name":"Home","item":"https:\/\/www.shoppe.ee\/fi\/"},{"@type":"ListItem","position":2,"name":"Shop","item":"https:\/\/www.shoppe.ee\/fi\/shop\/"},{"@type":"ListItem","position":3,"name":"KESKIAIKAINEN UUDENVUODENJUHLA Kauppias kammio lasten liput"}]},{"@type":"WebSite","@id":"https:\/\/www.shoppe.ee\/ru\/#website","url":"https:\/\/www.shoppe.ee\/ru\/","name":"Shoppe by Olde Hansa","description":"Food is good :)","potentialAction":[{"@type":"SearchAction","target":{"@type":"EntryPoint","urlTemplate":"https:\/\/www.shoppe.ee\/ru\/?s={search_term_string}"},"query-input":{"@type":"PropertyValueSpecification","valueRequired":true,"valueName":"search_term_string"}}],"inLanguage":"fi"}]}},"_links":{"self":[{"href":"https:\/\/www.shoppe.ee\/fi\/wp-json\/wp\/v2\/product\/6402","targetHints":{"allow":["GET"]}}],"collection":[{"href":"https:\/\/www.shoppe.ee\/fi\/wp-json\/wp\/v2\/product"}],"about":[{"href":"https:\/\/www.shoppe.ee\/fi\/wp-json\/wp\/v2\/types\/product"}],"author":[{"embeddable":true,"href":"https:\/\/www.shoppe.ee\/fi\/wp-json\/wp\/v2\/users\/1"}],"wp:featuredmedia":[{"embeddable":true,"href":"https:\/\/www.shoppe.ee\/fi\/wp-json\/wp\/v2\/media\/4166"}],"wp:attachment":[{"href":"https:\/\/www.shoppe.ee\/fi\/wp-json\/wp\/v2\/media?parent=6402"}],"wp:term":[{"taxonomy":"product_brand","embeddable":true,"href":"https:\/\/www.shoppe.ee\/fi\/wp-json\/wp\/v2\/product_brand?post=6402"},{"taxonomy":"product_cat","embeddable":true,"href":"https:\/\/www.shoppe.ee\/fi\/wp-json\/wp\/v2\/product_cat?post=6402"},{"taxonomy":"product_tag","embeddable":true,"href":"https:\/\/www.shoppe.ee\/fi\/wp-json\/wp\/v2\/product_tag?post=6402"}],"curies":[{"name":"wp","href":"https:\/\/api.w.org\/{rel}","templated":true}]}}