{"id":5905,"date":"2018-07-31T15:37:49","date_gmt":"2018-07-31T13:37:49","guid":{"rendered":"https:\/\/www.shoppe.ee\/product\/120-g-pakkaus-manteleita\/"},"modified":"2020-09-21T14:38:44","modified_gmt":"2020-09-21T12:38:44","slug":"120-g-pakkaus-manteleita","status":"publish","type":"product","link":"https:\/\/www.shoppe.ee\/fi\/product\/120-g-pakkaus-manteleita\/","title":{"rendered":"120 g pakkaus manteleita"},"content":{"rendered":"","protected":false},"excerpt":{"rendered":"<p>Tarjoamme yrityksille liike- tai henkil\u00f6kuntalahjaksi kuuluisia Olde Hansan makeita manteleita 120 gramman pakkauksissa. N\u00e4m\u00e4 ovat vuosien saatossa useiden suosikeiksi tulleita ajattomia makeisia. Joten miksip\u00e4 et lis\u00e4isi n\u00e4it\u00e4 rapeita manteleita 120 g:n pakkauksessa lahjakoriisi.<\/p>\n<p>Ota yhteys myyntiedustajaamme ja etsimme juuri sinun yrityksellesi sopivan ratkaisun:<br \/>\nshoppe@oldehansa.ee<\/p>\n","protected":false},"author":1,"featured_media":6751,"template":"","meta":{"_acf_changed":false,"_monsterinsights_skip_tracking":false,"_monsterinsights_sitenote_active":false,"_monsterinsights_sitenote_note":"","_monsterinsights_sitenote_category":0},"product_brand":[],"product_cat":[97],"product_tag":[],"class_list":{"0":"post-5905","1":"product","2":"type-product","3":"status-publish","4":"has-post-thumbnail","6":"product_cat-yrityslahjat","7":"product_shipping_class-large-product-fi-2","9":"first","10":"instock","11":"taxable","12":"shipping-taxable","13":"product-type-external"},"acf":[],"yoast_head":"<!-- This site is optimized with the Yoast SEO plugin v26.4 - https:\/\/yoast.com\/wordpress\/plugins\/seo\/ -->\n<title>120 g pakkaus manteleita | Shoppe by Olde Hansa<\/title>\n<meta name=\"robots\" content=\"index, follow, max-snippet:-1, max-image-preview:large, max-video-preview:-1\" \/>\n<link rel=\"canonical\" href=\"https:\/\/www.shoppe.ee\/fi\/product\/120-g-pakkaus-manteleita\/\" \/>\n<meta property=\"og:locale\" content=\"fi_FI\" \/>\n<meta property=\"og:type\" content=\"article\" \/>\n<meta property=\"og:title\" content=\"120 g pakkaus manteleita | Shoppe by Olde Hansa\" \/>\n<meta property=\"og:description\" content=\"Tarjoamme yrityksille liike- tai henkil\u00f6kuntalahjaksi kuuluisia Olde Hansan makeita manteleita 120 gramman pakkauksissa. N\u00e4m\u00e4 ovat vuosien saatossa useiden suosikeiksi tulleita ajattomia makeisia. Joten miksip\u00e4 et lis\u00e4isi n\u00e4it\u00e4 rapeita manteleita 120 g:n pakkauksessa lahjakoriisi.  Ota yhteys myyntiedustajaamme ja etsimme juuri sinun yrityksellesi sopivan ratkaisun: shoppe@oldehansa.ee\" \/>\n<meta property=\"og:url\" content=\"https:\/\/www.shoppe.ee\/fi\/product\/120-g-pakkaus-manteleita\/\" \/>\n<meta property=\"og:site_name\" content=\"Shoppe by Olde Hansa\" \/>\n<meta property=\"article:modified_time\" content=\"2020-09-21T12:38:44+00:00\" \/>\n<meta property=\"og:image\" content=\"https:\/\/www.shoppe.ee\/wp-content\/uploads\/2018\/07\/Uus-mandel-scaled.jpg\" \/>\n\t<meta property=\"og:image:width\" content=\"2560\" \/>\n\t<meta property=\"og:image:height\" content=\"2560\" \/>\n\t<meta property=\"og:image:type\" content=\"image\/jpeg\" \/>\n<meta name=\"twitter:card\" content=\"summary_large_image\" \/>\n<script type=\"application\/ld+json\" class=\"yoast-schema-graph\">{\"@context\":\"https:\/\/schema.org\",\"@graph\":[{\"@type\":\"WebPage\",\"@id\":\"https:\/\/www.shoppe.ee\/fi\/product\/120-g-pakkaus-manteleita\/\",\"url\":\"https:\/\/www.shoppe.ee\/fi\/product\/120-g-pakkaus-manteleita\/\",\"name\":\"120 g pakkaus manteleita | Shoppe by Olde Hansa\",\"isPartOf\":{\"@id\":\"https:\/\/www.shoppe.ee\/ru\/#website\"},\"primaryImageOfPage\":{\"@id\":\"https:\/\/www.shoppe.ee\/fi\/product\/120-g-pakkaus-manteleita\/#primaryimage\"},\"image\":{\"@id\":\"https:\/\/www.shoppe.ee\/fi\/product\/120-g-pakkaus-manteleita\/#primaryimage\"},\"thumbnailUrl\":\"https:\/\/www.shoppe.ee\/wp-content\/uploads\/2018\/07\/Uus-mandel-scaled.jpg\",\"datePublished\":\"2018-07-31T13:37:49+00:00\",\"dateModified\":\"2020-09-21T12:38:44+00:00\",\"breadcrumb\":{\"@id\":\"https:\/\/www.shoppe.ee\/fi\/product\/120-g-pakkaus-manteleita\/#breadcrumb\"},\"inLanguage\":\"fi\",\"potentialAction\":[{\"@type\":\"ReadAction\",\"target\":[\"https:\/\/www.shoppe.ee\/fi\/product\/120-g-pakkaus-manteleita\/\"]}]},{\"@type\":\"ImageObject\",\"inLanguage\":\"fi\",\"@id\":\"https:\/\/www.shoppe.ee\/fi\/product\/120-g-pakkaus-manteleita\/#primaryimage\",\"url\":\"https:\/\/www.shoppe.ee\/wp-content\/uploads\/2018\/07\/Uus-mandel-scaled.jpg\",\"contentUrl\":\"https:\/\/www.shoppe.ee\/wp-content\/uploads\/2018\/07\/Uus-mandel-scaled.jpg\",\"width\":2560,\"height\":2560},{\"@type\":\"BreadcrumbList\",\"@id\":\"https:\/\/www.shoppe.ee\/fi\/product\/120-g-pakkaus-manteleita\/#breadcrumb\",\"itemListElement\":[{\"@type\":\"ListItem\",\"position\":1,\"name\":\"Home\",\"item\":\"https:\/\/www.shoppe.ee\/fi\/\"},{\"@type\":\"ListItem\",\"position\":2,\"name\":\"Shop\",\"item\":\"https:\/\/www.shoppe.ee\/fi\/shop\/\"},{\"@type\":\"ListItem\",\"position\":3,\"name\":\"120 g pakkaus manteleita\"}]},{\"@type\":\"WebSite\",\"@id\":\"https:\/\/www.shoppe.ee\/ru\/#website\",\"url\":\"https:\/\/www.shoppe.ee\/ru\/\",\"name\":\"Shoppe by Olde Hansa\",\"description\":\"Food is good :)\",\"potentialAction\":[{\"@type\":\"SearchAction\",\"target\":{\"@type\":\"EntryPoint\",\"urlTemplate\":\"https:\/\/www.shoppe.ee\/ru\/?s={search_term_string}\"},\"query-input\":{\"@type\":\"PropertyValueSpecification\",\"valueRequired\":true,\"valueName\":\"search_term_string\"}}],\"inLanguage\":\"fi\"}]}<\/script>\n<!-- \/ Yoast SEO plugin. -->","yoast_head_json":{"title":"120 g pakkaus manteleita | Shoppe by Olde Hansa","robots":{"index":"index","follow":"follow","max-snippet":"max-snippet:-1","max-image-preview":"max-image-preview:large","max-video-preview":"max-video-preview:-1"},"canonical":"https:\/\/www.shoppe.ee\/fi\/product\/120-g-pakkaus-manteleita\/","og_locale":"fi_FI","og_type":"article","og_title":"120 g pakkaus manteleita | Shoppe by Olde Hansa","og_description":"Tarjoamme yrityksille liike- tai henkil\u00f6kuntalahjaksi kuuluisia Olde Hansan makeita manteleita 120 gramman pakkauksissa. N\u00e4m\u00e4 ovat vuosien saatossa useiden suosikeiksi tulleita ajattomia makeisia. Joten miksip\u00e4 et lis\u00e4isi n\u00e4it\u00e4 rapeita manteleita 120 g:n pakkauksessa lahjakoriisi.  Ota yhteys myyntiedustajaamme ja etsimme juuri sinun yrityksellesi sopivan ratkaisun: shoppe@oldehansa.ee","og_url":"https:\/\/www.shoppe.ee\/fi\/product\/120-g-pakkaus-manteleita\/","og_site_name":"Shoppe by Olde Hansa","article_modified_time":"2020-09-21T12:38:44+00:00","og_image":[{"width":2560,"height":2560,"url":"https:\/\/www.shoppe.ee\/wp-content\/uploads\/2018\/07\/Uus-mandel-scaled.jpg","type":"image\/jpeg"}],"twitter_card":"summary_large_image","schema":{"@context":"https:\/\/schema.org","@graph":[{"@type":"WebPage","@id":"https:\/\/www.shoppe.ee\/fi\/product\/120-g-pakkaus-manteleita\/","url":"https:\/\/www.shoppe.ee\/fi\/product\/120-g-pakkaus-manteleita\/","name":"120 g pakkaus manteleita | Shoppe by Olde Hansa","isPartOf":{"@id":"https:\/\/www.shoppe.ee\/ru\/#website"},"primaryImageOfPage":{"@id":"https:\/\/www.shoppe.ee\/fi\/product\/120-g-pakkaus-manteleita\/#primaryimage"},"image":{"@id":"https:\/\/www.shoppe.ee\/fi\/product\/120-g-pakkaus-manteleita\/#primaryimage"},"thumbnailUrl":"https:\/\/www.shoppe.ee\/wp-content\/uploads\/2018\/07\/Uus-mandel-scaled.jpg","datePublished":"2018-07-31T13:37:49+00:00","dateModified":"2020-09-21T12:38:44+00:00","breadcrumb":{"@id":"https:\/\/www.shoppe.ee\/fi\/product\/120-g-pakkaus-manteleita\/#breadcrumb"},"inLanguage":"fi","potentialAction":[{"@type":"ReadAction","target":["https:\/\/www.shoppe.ee\/fi\/product\/120-g-pakkaus-manteleita\/"]}]},{"@type":"ImageObject","inLanguage":"fi","@id":"https:\/\/www.shoppe.ee\/fi\/product\/120-g-pakkaus-manteleita\/#primaryimage","url":"https:\/\/www.shoppe.ee\/wp-content\/uploads\/2018\/07\/Uus-mandel-scaled.jpg","contentUrl":"https:\/\/www.shoppe.ee\/wp-content\/uploads\/2018\/07\/Uus-mandel-scaled.jpg","width":2560,"height":2560},{"@type":"BreadcrumbList","@id":"https:\/\/www.shoppe.ee\/fi\/product\/120-g-pakkaus-manteleita\/#breadcrumb","itemListElement":[{"@type":"ListItem","position":1,"name":"Home","item":"https:\/\/www.shoppe.ee\/fi\/"},{"@type":"ListItem","position":2,"name":"Shop","item":"https:\/\/www.shoppe.ee\/fi\/shop\/"},{"@type":"ListItem","position":3,"name":"120 g pakkaus manteleita"}]},{"@type":"WebSite","@id":"https:\/\/www.shoppe.ee\/ru\/#website","url":"https:\/\/www.shoppe.ee\/ru\/","name":"Shoppe by Olde Hansa","description":"Food is good :)","potentialAction":[{"@type":"SearchAction","target":{"@type":"EntryPoint","urlTemplate":"https:\/\/www.shoppe.ee\/ru\/?s={search_term_string}"},"query-input":{"@type":"PropertyValueSpecification","valueRequired":true,"valueName":"search_term_string"}}],"inLanguage":"fi"}]}},"_links":{"self":[{"href":"https:\/\/www.shoppe.ee\/fi\/wp-json\/wp\/v2\/product\/5905","targetHints":{"allow":["GET"]}}],"collection":[{"href":"https:\/\/www.shoppe.ee\/fi\/wp-json\/wp\/v2\/product"}],"about":[{"href":"https:\/\/www.shoppe.ee\/fi\/wp-json\/wp\/v2\/types\/product"}],"author":[{"embeddable":true,"href":"https:\/\/www.shoppe.ee\/fi\/wp-json\/wp\/v2\/users\/1"}],"wp:featuredmedia":[{"embeddable":true,"href":"https:\/\/www.shoppe.ee\/fi\/wp-json\/wp\/v2\/media\/6751"}],"wp:attachment":[{"href":"https:\/\/www.shoppe.ee\/fi\/wp-json\/wp\/v2\/media?parent=5905"}],"wp:term":[{"taxonomy":"product_brand","embeddable":true,"href":"https:\/\/www.shoppe.ee\/fi\/wp-json\/wp\/v2\/product_brand?post=5905"},{"taxonomy":"product_cat","embeddable":true,"href":"https:\/\/www.shoppe.ee\/fi\/wp-json\/wp\/v2\/product_cat?post=5905"},{"taxonomy":"product_tag","embeddable":true,"href":"https:\/\/www.shoppe.ee\/fi\/wp-json\/wp\/v2\/product_tag?post=5905"}],"curies":[{"name":"wp","href":"https:\/\/api.w.org\/{rel}","templated":true}]}}