{"id":5481,"date":"2018-07-17T13:41:53","date_gmt":"2018-07-17T10:41:53","guid":{"rendered":"https:\/\/www.shoppe.ee\/product\/5481\/"},"modified":"2020-09-30T00:00:10","modified_gmt":"2020-09-29T22:00:10","slug":"5481","status":"publish","type":"product","link":"https:\/\/www.shoppe.ee\/fi\/product\/5481\/","title":{"rendered":"Benedictus"},"content":{"rendered":"","protected":false},"excerpt":{"rendered":"<p>Pieni snapsipullo 1300-luvulta. Apteekkarit ja l\u00e4\u00e4ketieteilij\u00e4t tunsivat helpotusta, koska n\u00e4iss\u00e4 oli turvallista s\u00e4ilytt\u00e4\u00e4 arvokkaita \u00f6ljyj\u00e4 ja l\u00e4\u00e4kejuomia. Pienen pullon puhaltamisen voidaan arvata oleva lapsellisen helppoa, mutta siihen pystyiv\u00e4t vain taitavimmat mestarit. <\/p>\n<p>Tilavuus 0,175 litraa.<\/p>\n","protected":false},"author":1,"featured_media":10283,"template":"","meta":{"_acf_changed":false,"_monsterinsights_skip_tracking":false,"_monsterinsights_sitenote_active":false,"_monsterinsights_sitenote_note":"","_monsterinsights_sitenote_category":0},"product_brand":[],"product_cat":[104],"product_tag":[],"class_list":{"0":"post-5481","1":"product","2":"type-product","3":"status-publish","4":"has-post-thumbnail","6":"product_cat-lasit","7":"product_shipping_class-small-product-fi-2","9":"first","10":"instock","11":"featured","12":"taxable","13":"shipping-taxable","14":"purchasable","15":"product-type-variable"},"acf":[],"yoast_head":"<!-- This site is optimized with the Yoast SEO plugin v26.4 - https:\/\/yoast.com\/wordpress\/plugins\/seo\/ -->\n<title>Benedictus | Shoppe by Olde Hansa<\/title>\n<meta name=\"robots\" content=\"index, follow, max-snippet:-1, max-image-preview:large, max-video-preview:-1\" \/>\n<link rel=\"canonical\" href=\"https:\/\/www.shoppe.ee\/fi\/product\/5481\/\" \/>\n<meta property=\"og:locale\" content=\"fi_FI\" \/>\n<meta property=\"og:type\" content=\"article\" \/>\n<meta property=\"og:title\" content=\"Benedictus | Shoppe by Olde Hansa\" \/>\n<meta property=\"og:description\" content=\"Pieni snapsipullo 1300-luvulta. Apteekkarit ja l\u00e4\u00e4ketieteilij\u00e4t tunsivat helpotusta, koska n\u00e4iss\u00e4 oli turvallista s\u00e4ilytt\u00e4\u00e4 arvokkaita \u00f6ljyj\u00e4 ja l\u00e4\u00e4kejuomia. Pienen pullon puhaltamisen voidaan arvata oleva lapsellisen helppoa, mutta siihen pystyiv\u00e4t vain taitavimmat mestarit.   Tilavuus 0,175 litraa.\" \/>\n<meta property=\"og:url\" content=\"https:\/\/www.shoppe.ee\/fi\/product\/5481\/\" \/>\n<meta property=\"og:site_name\" content=\"Shoppe by Olde Hansa\" \/>\n<meta property=\"article:modified_time\" content=\"2020-09-29T22:00:10+00:00\" \/>\n<meta property=\"og:image\" content=\"https:\/\/www.shoppe.ee\/wp-content\/uploads\/2018\/07\/pisike-roheline-vaas-scaled.jpg\" \/>\n\t<meta property=\"og:image:width\" content=\"1922\" \/>\n\t<meta property=\"og:image:height\" content=\"2560\" \/>\n\t<meta property=\"og:image:type\" content=\"image\/jpeg\" \/>\n<meta name=\"twitter:card\" content=\"summary_large_image\" \/>\n<script type=\"application\/ld+json\" class=\"yoast-schema-graph\">{\"@context\":\"https:\/\/schema.org\",\"@graph\":[{\"@type\":\"WebPage\",\"@id\":\"https:\/\/www.shoppe.ee\/fi\/product\/5481\/\",\"url\":\"https:\/\/www.shoppe.ee\/fi\/product\/5481\/\",\"name\":\"Benedictus | Shoppe by Olde Hansa\",\"isPartOf\":{\"@id\":\"https:\/\/www.shoppe.ee\/ru\/#website\"},\"primaryImageOfPage\":{\"@id\":\"https:\/\/www.shoppe.ee\/fi\/product\/5481\/#primaryimage\"},\"image\":{\"@id\":\"https:\/\/www.shoppe.ee\/fi\/product\/5481\/#primaryimage\"},\"thumbnailUrl\":\"https:\/\/www.shoppe.ee\/wp-content\/uploads\/2018\/07\/pisike-roheline-vaas-scaled.jpg\",\"datePublished\":\"2018-07-17T10:41:53+00:00\",\"dateModified\":\"2020-09-29T22:00:10+00:00\",\"breadcrumb\":{\"@id\":\"https:\/\/www.shoppe.ee\/fi\/product\/5481\/#breadcrumb\"},\"inLanguage\":\"fi\",\"potentialAction\":[{\"@type\":\"ReadAction\",\"target\":[\"https:\/\/www.shoppe.ee\/fi\/product\/5481\/\"]}]},{\"@type\":\"ImageObject\",\"inLanguage\":\"fi\",\"@id\":\"https:\/\/www.shoppe.ee\/fi\/product\/5481\/#primaryimage\",\"url\":\"https:\/\/www.shoppe.ee\/wp-content\/uploads\/2018\/07\/pisike-roheline-vaas-scaled.jpg\",\"contentUrl\":\"https:\/\/www.shoppe.ee\/wp-content\/uploads\/2018\/07\/pisike-roheline-vaas-scaled.jpg\",\"width\":1922,\"height\":2560},{\"@type\":\"BreadcrumbList\",\"@id\":\"https:\/\/www.shoppe.ee\/fi\/product\/5481\/#breadcrumb\",\"itemListElement\":[{\"@type\":\"ListItem\",\"position\":1,\"name\":\"Home\",\"item\":\"https:\/\/www.shoppe.ee\/fi\/\"},{\"@type\":\"ListItem\",\"position\":2,\"name\":\"Shop\",\"item\":\"https:\/\/www.shoppe.ee\/fi\/shop\/\"},{\"@type\":\"ListItem\",\"position\":3,\"name\":\"Benedictus\"}]},{\"@type\":\"WebSite\",\"@id\":\"https:\/\/www.shoppe.ee\/ru\/#website\",\"url\":\"https:\/\/www.shoppe.ee\/ru\/\",\"name\":\"Shoppe by Olde Hansa\",\"description\":\"Food is good :)\",\"potentialAction\":[{\"@type\":\"SearchAction\",\"target\":{\"@type\":\"EntryPoint\",\"urlTemplate\":\"https:\/\/www.shoppe.ee\/ru\/?s={search_term_string}\"},\"query-input\":{\"@type\":\"PropertyValueSpecification\",\"valueRequired\":true,\"valueName\":\"search_term_string\"}}],\"inLanguage\":\"fi\"}]}<\/script>\n<!-- \/ Yoast SEO plugin. -->","yoast_head_json":{"title":"Benedictus | Shoppe by Olde Hansa","robots":{"index":"index","follow":"follow","max-snippet":"max-snippet:-1","max-image-preview":"max-image-preview:large","max-video-preview":"max-video-preview:-1"},"canonical":"https:\/\/www.shoppe.ee\/fi\/product\/5481\/","og_locale":"fi_FI","og_type":"article","og_title":"Benedictus | Shoppe by Olde Hansa","og_description":"Pieni snapsipullo 1300-luvulta. Apteekkarit ja l\u00e4\u00e4ketieteilij\u00e4t tunsivat helpotusta, koska n\u00e4iss\u00e4 oli turvallista s\u00e4ilytt\u00e4\u00e4 arvokkaita \u00f6ljyj\u00e4 ja l\u00e4\u00e4kejuomia. Pienen pullon puhaltamisen voidaan arvata oleva lapsellisen helppoa, mutta siihen pystyiv\u00e4t vain taitavimmat mestarit.   Tilavuus 0,175 litraa.","og_url":"https:\/\/www.shoppe.ee\/fi\/product\/5481\/","og_site_name":"Shoppe by Olde Hansa","article_modified_time":"2020-09-29T22:00:10+00:00","og_image":[{"width":1922,"height":2560,"url":"https:\/\/www.shoppe.ee\/wp-content\/uploads\/2018\/07\/pisike-roheline-vaas-scaled.jpg","type":"image\/jpeg"}],"twitter_card":"summary_large_image","schema":{"@context":"https:\/\/schema.org","@graph":[{"@type":"WebPage","@id":"https:\/\/www.shoppe.ee\/fi\/product\/5481\/","url":"https:\/\/www.shoppe.ee\/fi\/product\/5481\/","name":"Benedictus | Shoppe by Olde Hansa","isPartOf":{"@id":"https:\/\/www.shoppe.ee\/ru\/#website"},"primaryImageOfPage":{"@id":"https:\/\/www.shoppe.ee\/fi\/product\/5481\/#primaryimage"},"image":{"@id":"https:\/\/www.shoppe.ee\/fi\/product\/5481\/#primaryimage"},"thumbnailUrl":"https:\/\/www.shoppe.ee\/wp-content\/uploads\/2018\/07\/pisike-roheline-vaas-scaled.jpg","datePublished":"2018-07-17T10:41:53+00:00","dateModified":"2020-09-29T22:00:10+00:00","breadcrumb":{"@id":"https:\/\/www.shoppe.ee\/fi\/product\/5481\/#breadcrumb"},"inLanguage":"fi","potentialAction":[{"@type":"ReadAction","target":["https:\/\/www.shoppe.ee\/fi\/product\/5481\/"]}]},{"@type":"ImageObject","inLanguage":"fi","@id":"https:\/\/www.shoppe.ee\/fi\/product\/5481\/#primaryimage","url":"https:\/\/www.shoppe.ee\/wp-content\/uploads\/2018\/07\/pisike-roheline-vaas-scaled.jpg","contentUrl":"https:\/\/www.shoppe.ee\/wp-content\/uploads\/2018\/07\/pisike-roheline-vaas-scaled.jpg","width":1922,"height":2560},{"@type":"BreadcrumbList","@id":"https:\/\/www.shoppe.ee\/fi\/product\/5481\/#breadcrumb","itemListElement":[{"@type":"ListItem","position":1,"name":"Home","item":"https:\/\/www.shoppe.ee\/fi\/"},{"@type":"ListItem","position":2,"name":"Shop","item":"https:\/\/www.shoppe.ee\/fi\/shop\/"},{"@type":"ListItem","position":3,"name":"Benedictus"}]},{"@type":"WebSite","@id":"https:\/\/www.shoppe.ee\/ru\/#website","url":"https:\/\/www.shoppe.ee\/ru\/","name":"Shoppe by Olde Hansa","description":"Food is good :)","potentialAction":[{"@type":"SearchAction","target":{"@type":"EntryPoint","urlTemplate":"https:\/\/www.shoppe.ee\/ru\/?s={search_term_string}"},"query-input":{"@type":"PropertyValueSpecification","valueRequired":true,"valueName":"search_term_string"}}],"inLanguage":"fi"}]}},"_links":{"self":[{"href":"https:\/\/www.shoppe.ee\/fi\/wp-json\/wp\/v2\/product\/5481","targetHints":{"allow":["GET"]}}],"collection":[{"href":"https:\/\/www.shoppe.ee\/fi\/wp-json\/wp\/v2\/product"}],"about":[{"href":"https:\/\/www.shoppe.ee\/fi\/wp-json\/wp\/v2\/types\/product"}],"author":[{"embeddable":true,"href":"https:\/\/www.shoppe.ee\/fi\/wp-json\/wp\/v2\/users\/1"}],"wp:featuredmedia":[{"embeddable":true,"href":"https:\/\/www.shoppe.ee\/fi\/wp-json\/wp\/v2\/media\/10283"}],"wp:attachment":[{"href":"https:\/\/www.shoppe.ee\/fi\/wp-json\/wp\/v2\/media?parent=5481"}],"wp:term":[{"taxonomy":"product_brand","embeddable":true,"href":"https:\/\/www.shoppe.ee\/fi\/wp-json\/wp\/v2\/product_brand?post=5481"},{"taxonomy":"product_cat","embeddable":true,"href":"https:\/\/www.shoppe.ee\/fi\/wp-json\/wp\/v2\/product_cat?post=5481"},{"taxonomy":"product_tag","embeddable":true,"href":"https:\/\/www.shoppe.ee\/fi\/wp-json\/wp\/v2\/product_tag?post=5481"}],"curies":[{"name":"wp","href":"https:\/\/api.w.org\/{rel}","templated":true}]}}