{"id":10890,"date":"2024-08-08T09:02:41","date_gmt":"2024-08-08T07:02:41","guid":{"rendered":"https:\/\/www.shoppe.ee\/product\/valkosipulivaahtoa-garlumami-380-g\/"},"modified":"2024-08-08T09:02:41","modified_gmt":"2024-08-08T07:02:41","slug":"valkosipulivaahtoa-garlumami-380-g","status":"publish","type":"product","link":"https:\/\/www.shoppe.ee\/fi\/product\/valkosipulivaahtoa-garlumami-380-g\/","title":{"rendered":"Valkosipulivaahtoa Garlumami 380 g"},"content":{"rendered":"<p><span style=\"font-weight: 400;\">Herkk\u00e4 valkosipulin unelma Garlumami sopii erinomaisesti erilaisten v\u00e4lipalojen ja liharuokien seuraksi.<\/span><\/p>\n<p><span style=\"font-weight: 400;\">Sis\u00e4llys:<\/span><\/p>\n<p><span style=\"font-weight: 400;\">Ruoka\u00f6ljy, valkosipuli, sokeri, suola,mausteita, happamuudens\u00e4\u00e4t\u00f6aine, etikkahappo<\/span><\/p>\n<p><span style=\"font-weight: 400;\">Keskim\u00e4\u00e4r\u00e4inen ravintoarvo 100g:<\/span><\/p>\n<p><span style=\"font-weight: 400;\">Energiaa 697 kcal \/ 2945 kJ<\/span><\/p>\n<p><span style=\"font-weight: 400;\">Rasvaa 72,2 g<\/span><\/p>\n<p><span style=\"font-weight: 400;\">josta tyydytettyj\u00e4 rasvahappoja 10,3 g<\/span><\/p>\n<p><span style=\"font-weight: 400;\">Suolaa 1,2 g<\/span><\/p>\n<p><span style=\"font-weight: 400;\">Hiilihydraatteja 11 g<\/span><\/p>\n<p><span style=\"font-weight: 400;\">josta sokereita 7,9 g<\/span><\/p>\n<p><span style=\"font-weight: 400;\">Valkuaisaineita 0,8 g<\/span><\/p>\n<p><span style=\"font-weight: 400;\">\u00a0<\/span><\/p>\n<p><span style=\"font-weight: 400;\">S\u00e4ilytys: Kuivassa ja viile\u00e4ss\u00e4. Avattuna j\u00e4\u00e4kaapissa<\/span><\/p>\n","protected":false},"excerpt":{"rendered":"<p><span style=\"font-weight: 400;\">Herkk\u00e4 valkosipulin unelma Garlumami sopii erinomaisesti erilaisten v\u00e4lipalojen ja liharuokien seuraksi.<\/span><\/p>\n<p><span style=\"font-weight: 400;\">Sis\u00e4llys:<\/span><\/p>\n<p><span style=\"font-weight: 400;\">Ruoka\u00f6ljy, valkosipuli, sokeri, suola,mausteita, happamuudens\u00e4\u00e4t\u00f6aine, etikkahappo<\/span><\/p>\n<p><span style=\"font-weight: 400;\">Keskim\u00e4\u00e4r\u00e4inen ravintoarvo 100g:<\/span><\/p>\n<p><span style=\"font-weight: 400;\">Energiaa 697 kcal \/ 2945 kJ<\/span><\/p>\n<p><span style=\"font-weight: 400;\">Rasvaa 72,2 g<\/span><\/p>\n<p><span style=\"font-weight: 400;\">josta tyydytettyj\u00e4 rasvahappoja 10,3 g<\/span><\/p>\n<p><span style=\"font-weight: 400;\">Suolaa 1,2 g<\/span><\/p>\n<p><span style=\"font-weight: 400;\">Hiilihydraatteja 11 g<\/span><\/p>\n<p><span style=\"font-weight: 400;\">josta sokereita 7,9 g<\/span><\/p>\n<p><span style=\"font-weight: 400;\">Valkuaisaineita 0,8 g<\/span><\/p>\n<p><span style=\"font-weight: 400;\">\u00a0<\/span><\/p>\n<p><span style=\"font-weight: 400;\">S\u00e4ilytys: Kuivassa ja viile\u00e4ss\u00e4. Avattuna j\u00e4\u00e4kaapissa<\/span><\/p>\n","protected":false},"author":1,"featured_media":10886,"template":"","meta":{"_acf_changed":false,"_monsterinsights_skip_tracking":false,"_monsterinsights_sitenote_active":false,"_monsterinsights_sitenote_note":"","_monsterinsights_sitenote_category":0},"product_brand":[],"product_cat":[115],"product_tag":[],"class_list":{"0":"post-10890","1":"product","2":"type-product","3":"status-publish","4":"has-post-thumbnail","6":"product_cat-makeiset","8":"first","9":"instock","10":"taxable","11":"shipping-taxable","12":"purchasable","13":"product-type-simple"},"acf":[],"yoast_head":"<!-- This site is optimized with the Yoast SEO plugin v26.4 - https:\/\/yoast.com\/wordpress\/plugins\/seo\/ -->\n<title>Valkosipulivaahtoa Garlumami 380 g | Shoppe by Olde Hansa<\/title>\n<meta name=\"robots\" content=\"index, follow, max-snippet:-1, max-image-preview:large, max-video-preview:-1\" \/>\n<link rel=\"canonical\" href=\"https:\/\/www.shoppe.ee\/fi\/product\/valkosipulivaahtoa-garlumami-380-g\/\" \/>\n<meta property=\"og:locale\" content=\"fi_FI\" \/>\n<meta property=\"og:type\" content=\"article\" \/>\n<meta property=\"og:title\" content=\"Valkosipulivaahtoa Garlumami 380 g | Shoppe by Olde Hansa\" \/>\n<meta property=\"og:description\" content=\"Herkk\u00e4 valkosipulin unelma Garlumami sopii erinomaisesti erilaisten v\u00e4lipalojen ja liharuokien seuraksi.  Sis\u00e4llys:  Ruoka\u00f6ljy, valkosipuli, sokeri, suola,mausteita, happamuudens\u00e4\u00e4t\u00f6aine, etikkahappo  Keskim\u00e4\u00e4r\u00e4inen ravintoarvo 100g:  Energiaa 697 kcal \/ 2945 kJ  Rasvaa 72,2 g  josta tyydytettyj\u00e4 rasvahappoja 10,3 g  Suolaa 1,2 g  Hiilihydraatteja 11 g  josta sokereita 7,9 g  Valkuaisaineita 0,8 g  \u00a0  S\u00e4ilytys: Kuivassa ja viile\u00e4ss\u00e4. Avattuna j\u00e4\u00e4kaapissa\" \/>\n<meta property=\"og:url\" content=\"https:\/\/www.shoppe.ee\/fi\/product\/valkosipulivaahtoa-garlumami-380-g\/\" \/>\n<meta property=\"og:site_name\" content=\"Shoppe by Olde Hansa\" \/>\n<meta property=\"og:image\" content=\"https:\/\/www.shoppe.ee\/wp-content\/uploads\/2024\/08\/Garlumami-purkki-380-pic.jpg\" \/>\n\t<meta property=\"og:image:width\" content=\"2400\" \/>\n\t<meta property=\"og:image:height\" content=\"2400\" \/>\n\t<meta property=\"og:image:type\" content=\"image\/jpeg\" \/>\n<meta name=\"twitter:card\" content=\"summary_large_image\" \/>\n<script type=\"application\/ld+json\" class=\"yoast-schema-graph\">{\"@context\":\"https:\/\/schema.org\",\"@graph\":[{\"@type\":\"WebPage\",\"@id\":\"https:\/\/www.shoppe.ee\/fi\/product\/valkosipulivaahtoa-garlumami-380-g\/\",\"url\":\"https:\/\/www.shoppe.ee\/fi\/product\/valkosipulivaahtoa-garlumami-380-g\/\",\"name\":\"Valkosipulivaahtoa Garlumami 380 g | Shoppe by Olde Hansa\",\"isPartOf\":{\"@id\":\"https:\/\/www.shoppe.ee\/ru\/#website\"},\"primaryImageOfPage\":{\"@id\":\"https:\/\/www.shoppe.ee\/fi\/product\/valkosipulivaahtoa-garlumami-380-g\/#primaryimage\"},\"image\":{\"@id\":\"https:\/\/www.shoppe.ee\/fi\/product\/valkosipulivaahtoa-garlumami-380-g\/#primaryimage\"},\"thumbnailUrl\":\"https:\/\/www.shoppe.ee\/wp-content\/uploads\/2024\/08\/Garlumami-purkki-380-pic.jpg\",\"datePublished\":\"2024-08-08T07:02:41+00:00\",\"breadcrumb\":{\"@id\":\"https:\/\/www.shoppe.ee\/fi\/product\/valkosipulivaahtoa-garlumami-380-g\/#breadcrumb\"},\"inLanguage\":\"fi\",\"potentialAction\":[{\"@type\":\"ReadAction\",\"target\":[\"https:\/\/www.shoppe.ee\/fi\/product\/valkosipulivaahtoa-garlumami-380-g\/\"]}]},{\"@type\":\"ImageObject\",\"inLanguage\":\"fi\",\"@id\":\"https:\/\/www.shoppe.ee\/fi\/product\/valkosipulivaahtoa-garlumami-380-g\/#primaryimage\",\"url\":\"https:\/\/www.shoppe.ee\/wp-content\/uploads\/2024\/08\/Garlumami-purkki-380-pic.jpg\",\"contentUrl\":\"https:\/\/www.shoppe.ee\/wp-content\/uploads\/2024\/08\/Garlumami-purkki-380-pic.jpg\",\"width\":2400,\"height\":2400},{\"@type\":\"BreadcrumbList\",\"@id\":\"https:\/\/www.shoppe.ee\/fi\/product\/valkosipulivaahtoa-garlumami-380-g\/#breadcrumb\",\"itemListElement\":[{\"@type\":\"ListItem\",\"position\":1,\"name\":\"Home\",\"item\":\"https:\/\/www.shoppe.ee\/fi\/\"},{\"@type\":\"ListItem\",\"position\":2,\"name\":\"Shop\",\"item\":\"https:\/\/www.shoppe.ee\/fi\/shop\/\"},{\"@type\":\"ListItem\",\"position\":3,\"name\":\"Valkosipulivaahtoa Garlumami 380 g\"}]},{\"@type\":\"WebSite\",\"@id\":\"https:\/\/www.shoppe.ee\/ru\/#website\",\"url\":\"https:\/\/www.shoppe.ee\/ru\/\",\"name\":\"Shoppe by Olde Hansa\",\"description\":\"Food is good :)\",\"potentialAction\":[{\"@type\":\"SearchAction\",\"target\":{\"@type\":\"EntryPoint\",\"urlTemplate\":\"https:\/\/www.shoppe.ee\/ru\/?s={search_term_string}\"},\"query-input\":{\"@type\":\"PropertyValueSpecification\",\"valueRequired\":true,\"valueName\":\"search_term_string\"}}],\"inLanguage\":\"fi\"}]}<\/script>\n<!-- \/ Yoast SEO plugin. -->","yoast_head_json":{"title":"Valkosipulivaahtoa Garlumami 380 g | Shoppe by Olde Hansa","robots":{"index":"index","follow":"follow","max-snippet":"max-snippet:-1","max-image-preview":"max-image-preview:large","max-video-preview":"max-video-preview:-1"},"canonical":"https:\/\/www.shoppe.ee\/fi\/product\/valkosipulivaahtoa-garlumami-380-g\/","og_locale":"fi_FI","og_type":"article","og_title":"Valkosipulivaahtoa Garlumami 380 g | Shoppe by Olde Hansa","og_description":"Herkk\u00e4 valkosipulin unelma Garlumami sopii erinomaisesti erilaisten v\u00e4lipalojen ja liharuokien seuraksi.  Sis\u00e4llys:  Ruoka\u00f6ljy, valkosipuli, sokeri, suola,mausteita, happamuudens\u00e4\u00e4t\u00f6aine, etikkahappo  Keskim\u00e4\u00e4r\u00e4inen ravintoarvo 100g:  Energiaa 697 kcal \/ 2945 kJ  Rasvaa 72,2 g  josta tyydytettyj\u00e4 rasvahappoja 10,3 g  Suolaa 1,2 g  Hiilihydraatteja 11 g  josta sokereita 7,9 g  Valkuaisaineita 0,8 g  \u00a0  S\u00e4ilytys: Kuivassa ja viile\u00e4ss\u00e4. Avattuna j\u00e4\u00e4kaapissa","og_url":"https:\/\/www.shoppe.ee\/fi\/product\/valkosipulivaahtoa-garlumami-380-g\/","og_site_name":"Shoppe by Olde Hansa","og_image":[{"width":2400,"height":2400,"url":"https:\/\/www.shoppe.ee\/wp-content\/uploads\/2024\/08\/Garlumami-purkki-380-pic.jpg","type":"image\/jpeg"}],"twitter_card":"summary_large_image","schema":{"@context":"https:\/\/schema.org","@graph":[{"@type":"WebPage","@id":"https:\/\/www.shoppe.ee\/fi\/product\/valkosipulivaahtoa-garlumami-380-g\/","url":"https:\/\/www.shoppe.ee\/fi\/product\/valkosipulivaahtoa-garlumami-380-g\/","name":"Valkosipulivaahtoa Garlumami 380 g | Shoppe by Olde Hansa","isPartOf":{"@id":"https:\/\/www.shoppe.ee\/ru\/#website"},"primaryImageOfPage":{"@id":"https:\/\/www.shoppe.ee\/fi\/product\/valkosipulivaahtoa-garlumami-380-g\/#primaryimage"},"image":{"@id":"https:\/\/www.shoppe.ee\/fi\/product\/valkosipulivaahtoa-garlumami-380-g\/#primaryimage"},"thumbnailUrl":"https:\/\/www.shoppe.ee\/wp-content\/uploads\/2024\/08\/Garlumami-purkki-380-pic.jpg","datePublished":"2024-08-08T07:02:41+00:00","breadcrumb":{"@id":"https:\/\/www.shoppe.ee\/fi\/product\/valkosipulivaahtoa-garlumami-380-g\/#breadcrumb"},"inLanguage":"fi","potentialAction":[{"@type":"ReadAction","target":["https:\/\/www.shoppe.ee\/fi\/product\/valkosipulivaahtoa-garlumami-380-g\/"]}]},{"@type":"ImageObject","inLanguage":"fi","@id":"https:\/\/www.shoppe.ee\/fi\/product\/valkosipulivaahtoa-garlumami-380-g\/#primaryimage","url":"https:\/\/www.shoppe.ee\/wp-content\/uploads\/2024\/08\/Garlumami-purkki-380-pic.jpg","contentUrl":"https:\/\/www.shoppe.ee\/wp-content\/uploads\/2024\/08\/Garlumami-purkki-380-pic.jpg","width":2400,"height":2400},{"@type":"BreadcrumbList","@id":"https:\/\/www.shoppe.ee\/fi\/product\/valkosipulivaahtoa-garlumami-380-g\/#breadcrumb","itemListElement":[{"@type":"ListItem","position":1,"name":"Home","item":"https:\/\/www.shoppe.ee\/fi\/"},{"@type":"ListItem","position":2,"name":"Shop","item":"https:\/\/www.shoppe.ee\/fi\/shop\/"},{"@type":"ListItem","position":3,"name":"Valkosipulivaahtoa Garlumami 380 g"}]},{"@type":"WebSite","@id":"https:\/\/www.shoppe.ee\/ru\/#website","url":"https:\/\/www.shoppe.ee\/ru\/","name":"Shoppe by Olde Hansa","description":"Food is good :)","potentialAction":[{"@type":"SearchAction","target":{"@type":"EntryPoint","urlTemplate":"https:\/\/www.shoppe.ee\/ru\/?s={search_term_string}"},"query-input":{"@type":"PropertyValueSpecification","valueRequired":true,"valueName":"search_term_string"}}],"inLanguage":"fi"}]}},"_links":{"self":[{"href":"https:\/\/www.shoppe.ee\/fi\/wp-json\/wp\/v2\/product\/10890","targetHints":{"allow":["GET"]}}],"collection":[{"href":"https:\/\/www.shoppe.ee\/fi\/wp-json\/wp\/v2\/product"}],"about":[{"href":"https:\/\/www.shoppe.ee\/fi\/wp-json\/wp\/v2\/types\/product"}],"author":[{"embeddable":true,"href":"https:\/\/www.shoppe.ee\/fi\/wp-json\/wp\/v2\/users\/1"}],"wp:featuredmedia":[{"embeddable":true,"href":"https:\/\/www.shoppe.ee\/fi\/wp-json\/wp\/v2\/media\/10886"}],"wp:attachment":[{"href":"https:\/\/www.shoppe.ee\/fi\/wp-json\/wp\/v2\/media?parent=10890"}],"wp:term":[{"taxonomy":"product_brand","embeddable":true,"href":"https:\/\/www.shoppe.ee\/fi\/wp-json\/wp\/v2\/product_brand?post=10890"},{"taxonomy":"product_cat","embeddable":true,"href":"https:\/\/www.shoppe.ee\/fi\/wp-json\/wp\/v2\/product_cat?post=10890"},{"taxonomy":"product_tag","embeddable":true,"href":"https:\/\/www.shoppe.ee\/fi\/wp-json\/wp\/v2\/product_tag?post=10890"}],"curies":[{"name":"wp","href":"https:\/\/api.w.org\/{rel}","templated":true}]}}