{"id":5937,"date":"2018-06-16T19:11:55","date_gmt":"2018-06-16T16:11:55","guid":{"rendered":"https:\/\/www.shoppe.ee\/terms-conditions\/"},"modified":"2018-09-11T13:26:13","modified_gmt":"2018-09-11T10:26:13","slug":"terms-conditions","status":"publish","type":"page","link":"https:\/\/www.shoppe.ee\/fi\/terms-conditions\/","title":{"rendered":"Osto- ja myyntiehdot"},"content":{"rendered":"<h2><strong>Osto- ja myyntiehdot<\/strong><\/h2>\n<p><strong>TILAAMINEN<\/strong><br \/>\nTuotteen valinnan j\u00e4lkeen on tuote \/ tuotteet lis\u00e4tt\u00e4v\u00e4 ostoskoriin.<br \/>\nOstoskorin sis\u00e4ll\u00f6n n\u00e4et, kun klikkaat verkkosivun yl\u00e4reunassa olevaa ostoskorin painiketta ja siirryt eteenp\u00e4in ostoskorin sivulle.<br \/>\nOstoskorissa n\u00e4ytet\u00e4\u00e4n kaikki sinne lis\u00e4tyt tuotteet nimiluettelona, ja jokaisen tuotteen osalta on n\u00e4ytetty haluttu m\u00e4\u00e4r\u00e4 (kpl) ja hinta. N\u00e4ytet\u00e4\u00e4n my\u00f6s koko ostoskorin yhteishinta.<br \/>\nTilauksen vahvistamisen aloittamiseksi klikkaa painiketta &#8220;vahvista ostos&#8221;, josta sinut siirret\u00e4\u00e4n kassan sivulle.<br \/>\nTilauksen vahvistamiseksi pyyd\u00e4mme t\u00e4ytt\u00e4m\u00e4\u00e4n paketin toimitusta varten tarvittavat tiedot. Jos haluat l\u00e4hett\u00e4\u00e4 paketin jollekin muulle henkil\u00f6lle, esimerkiksi lahjaksi, pyyd\u00e4mme aktivoimaan toimituksen toiseen osoitteeseen ja sy\u00f6tt\u00e4m\u00e4\u00e4n paketin vastaanottajan tiedot.<\/p>\n<p>Tilaus vahvistettaessa sinulle laaditaan tilauslasku, joka on mahdollista maksaa heti pankkilinkin tai Paypalin kautta, luottokortilla tai pankkisiirrolla.<br \/>\nPostitamme tuotteet sinulle laskun maksamisen j\u00e4lkeen. Paketin kokoaminen kest\u00e4\u00e4 maks. 7 ty\u00f6p\u00e4iv\u00e4\u00e4 ja se postitetaan kerrottuun osoitteeseen.<br \/>\nTilaajan l\u00e4hett\u00e4m\u00e4 s\u00e4hk\u00f6postiosoite antaa oikeuden Starmaker O\u00dc:n ymp\u00e4rist\u00f6lle l\u00e4hett\u00e4\u00e4 silloin t\u00e4ll\u00f6in uutuustuotteisiin liittyvi\u00e4 uutiskirjeit\u00e4.<br \/>\nToivotamme teille miellytt\u00e4vi\u00e4 kokemuksia verkkokaupassamme!<\/p>\n<p><strong>MAKSUTAVAT<\/strong><br \/>\nStarmaker O\u00dc:n verkkokaupassa tarjoamme ostosta maksamiseksi seuraavia vaihtoehtoja:<br \/>\nPankkilinkit<br \/>\nViro: Swedbank, SEB, Luminor, LHV, Coop, Pocopay and Liisi ID.<br \/>\nLatvia: SEB, Citadele and Luminor.<br \/>\nLiettua: Swedbank, SEB and Luminor.<br \/>\nSuomi: Aktia, \u00c5landsbanken, Danske, Handelsbanken, Nordea, Oma S\u00e4\u00e4stopankki, Pohjola, POP Pankki, S-Pankki and S\u00e4\u00e4stopankki.<br \/>\nTilausvahvistuksessa, tilauslomake on n\u00e4kyvill\u00e4 n\u00e4yt\u00f6ll\u00e4. Maksaaksesi pankin linkin v\u00e4lityksell\u00e4, napsauta Maksekeskus-kuvaketta. Hyv\u00e4ksymme euroja maksuksi. Tilauksen kopio l\u00e4hetet\u00e4\u00e4n sinulle my\u00f6s s\u00e4hk\u00f6postiosoitteeseesi, mik\u00e4li haluat maksaa tilauksen my\u00f6hemmin.<\/p>\n<p><strong>Pankkisiirto<\/strong><br \/>\nTilaus vahvistettaessa ilmestyy n\u00e4yt\u00f6lle tilauslasku.<br \/>\nPaypal \/ Luottokortti<br \/>\nTilauksen vahvistamiseksi saapuvat ilmoitukset Paypalin omien s\u00e4\u00e4nt\u00f6jen mukaisesti.<\/p>\n<p>Kopio tilauksesta saapuu heti my\u00f6s s\u00e4hk\u00f6postiisi.<\/p>\n<p><strong>TUOTTEEN HINTA<\/strong><br \/>\nKaikki Starmaker O\u00dc:n verkkokaupan hinnat sis\u00e4lt\u00e4v\u00e4t 20 % arvonlis\u00e4veron. Hinnat on kuvattu euroina (\u20ac).<br \/>\nHinnat ovat voimassa tilauksen vahvistamisesta alkaen vahvistetun tilauksen er\u00e4p\u00e4iv\u00e4\u00e4n saakka (7 p\u00e4iv\u00e4n kuluessa tilauksen vahvistamisesta).<br \/>\nKun tilaus on esitetty ennen myyntiehtojen tai hintojen muuttumista, sovelletaan asiakkaan ja Starmaker O\u00dc:n kesken syntyneisiin oikeussuhteisiin tilauksen vahvistamisen aikana voimassa olleita ehtoja.<\/p>\n<p><strong>KAMPANJAT<\/strong><br \/>\nMarkkinointisuunnitelman mukaan mainostamme kampanjan aikana tuotteita, joita voi ostaa verkkokaupastamme www.shoppe.ee. Kampanjat ovat alennuskampanjoita, joiden puitteissa Starmaker O\u00dc antaa mainostetuille tuotteille \u2026 % alennusta. Asiakkaat voivat k\u00e4ytt\u00e4\u00e4 ostoskorissaan annettua alennuskoodia. Kampanjoista ja alennuksen yksityiskohdista ilmoitetaan sosiaalimediassa (Facebook, Instagram) ja \/ tai uutiskirjeill\u00e4 sek\u00e4 verkkosivun www.shoppe.ee etusivulla.<\/p>\n<p><strong>TOIMITUS<\/strong><br \/>\nOstoihin lis\u00e4\u00e4ntyv\u00e4t toimituskulut asiakkaan valitseman toimitusvaihtoehdon mukaisesti:<br \/>\n\u00b7Itella Smartpost<br \/>\n\u00b7Omniva<br \/>\n\u00b7Voit hakea paketin my\u00f6s liikkeest\u00e4mme (Vanaturu kael 12)<br \/>\n\u00b7Pakipoint O\u00dc<br \/>\nTuotteet l\u00e4hetet\u00e4\u00e4n tilaajan sy\u00f6tt\u00e4m\u00e4\u00e4n toimitusosoitteeseen.<\/p>\n<p><strong>TUOTTEEN LUOVUTTAMINEN JA L\u00c4HETT\u00c4MINEN<\/strong><br \/>\nMyyntisopimuksen voimaanastumisen j\u00e4lkeen (asiakkaan maksettua tilauksen) Starmaker O\u00dc kasaa tilauksen ja luovuttaa sen toimittamista varten logistiikkakumppanillemme.<br \/>\nTy\u00f6p\u00e4ivin\u00e4 ennen klo 15.00 tehdyt ja maksetut tilaukset toimitetaan tavallisesti 14 p\u00e4iv\u00e4n kuluessa. Saarilla voi toimitusaika olla 20 p\u00e4iv\u00e4\u00e4. Viron ulkopuolelle toimitettavien tavaroiden toimitusaika on l\u00e4hetystavasta riippuen enint\u00e4\u00e4n 30 ty\u00f6p\u00e4iv\u00e4\u00e4.Mik\u00e4li l\u00e4hetys jostain syyst\u00e4 kest\u00e4\u00e4, sopii Starmaker O\u00dc:n asiakaspalvelu asiakkaan kanssa sopivasta toimittajasta.<br \/>\nEdell\u00e4 esitetyt toimitusaikojen m\u00e4\u00e4r\u00e4ajat ovat voimassa tilauksen maksuhetkest\u00e4 alkaen.<br \/>\nToimituksen viiv\u00e4stymisen v\u00e4ltt\u00e4miseksi ole huolellinen toimitusosoitteen tietojen sy\u00f6t\u00f6ss\u00e4 tilausta laatiessasi.<br \/>\nToimituksen aikana vaurioituneet l\u00e4hetykset, joissa tuotteet \u2013 eiv\u00e4t tuotepakkaukset \u2013 ovat vaurioituneet, korvataan asiakkaalle toisella tuotteella. Ellei korvaaminen toisella tuotteella ole mahdollista, tarjoamme vaurioituneen tuotteen maksun korvaamista.<br \/>\nStarmaker O\u00dc ei vastaa tuotteen toimituksen viiv\u00e4stymisest\u00e4, mik\u00e4li tuote on luovutettu logistiikkakumppanille asiakkaalle luvatun toimitusp\u00e4iv\u00e4n kannalta ajoissa, mutta toimituksen viiv\u00e4styminen johtuu seikoista, joihin Starmaker O\u00dc ei ole voinut vaikuttaa tai aavistaa niit\u00e4.<\/p>\n<p><strong>YKSITYISYYSEHDOT<\/strong><br \/>\nKaikkia Starmaker O\u00dc:n verkkokaupassa vierailun ja oston suorittamisen aikana tietoon saatuja asiakkaan henkil\u00f6tietoja k\u00e4sitell\u00e4\u00e4n luottamuksellisina tietoina. Kryptattu tietoyhteys pankkien kanssa takaa oston suorittajan henkil\u00f6tietojen ja pankkitietojen turvallisuuden.<br \/>\nStarmaker O\u00dc soveltaa kaikkia varovaisuuskeinoja (mm. hallinnollisia, teknisi\u00e4 ja fyysisi\u00e4 menetelmi\u00e4) asiakkaan henkil\u00f6tietojen suojaamiseksi. P\u00e4\u00e4sy tietojen muuttamiseen ja ty\u00f6st\u00e4miseen on vain siihen valtuutetuilla henkil\u00f6ill\u00e4.<\/p>\n<p>Kauppias on henkil\u00f6tietojen k\u00e4sittelij\u00e4 ja l\u00e4hett\u00e4\u00e4 maksujen suoritukseen tarvittavat tiedot valtuutetulle k\u00e4sittelij\u00e4lle, Maksekeskus AS:lle.<\/p>\n<p><strong>PALAUTUSOIKEUS JA TAKUU<\/strong><br \/>\nStarmaker O\u00dc:n verkkokaupasta ostetuilla tuotteilla on tuotteen vastaanottop\u00e4iv\u00e4st\u00e4 alkaen 14 p\u00e4iv\u00e4n palautusoikeus. Palautusoikeudella taataan, ett\u00e4 l\u00e4hetetty tuote vastaisi tilattua.<br \/>\n\u00b7Palautettavan tuotteen on oltava k\u00e4ytt\u00e4m\u00e4t\u00f6n ja alkuper\u00e4ispakkauksessa.<br \/>\n\u00b7Tuotteen palauttamiseksi on esitett\u00e4v\u00e4 hakemus s\u00e4hk\u00f6postiosoitteeseen info@shoppe.ee 14 p\u00e4iv\u00e4n kuluttua tuotteen vastaanottamisesta.<br \/>\n\u00b7Tuotteen palautus tapahtuu asiakkaan kustannuksella eik\u00e4 alkuper\u00e4isi\u00e4 toimituskuluja korvata (paitsi siin\u00e4 tapauksessa, ettei palautettu tuote vastaa tilattua).<br \/>\n\u00b7Tuote palautettaessa on ostettu tuote tai tuotteet palautettava v\u00e4litt\u00f6m\u00e4sti, kuitenkin viimeist\u00e4\u00e4n 30 p\u00e4iv\u00e4n aikana.<br \/>\n\u00b7Raha palautetusta tuotteesta korvataan sinulle v\u00e4litt\u00f6m\u00e4sti, kuitenkin viimeist\u00e4\u00e4n 30 p\u00e4iv\u00e4n kuluessa.<br \/>\nKuluttajan oikeudesta palauttaa tuote on s\u00e4\u00e4detty lains\u00e4\u00e4d\u00e4nn\u00f6ss\u00e4.<\/p>\n<p>Valituksen m\u00e4\u00e4r\u00e4aika on 30 p\u00e4iv\u00e4\u00e4 tilauksen l\u00e4hett\u00e4misen j\u00e4lkeen.<\/p>\n","protected":false},"excerpt":{"rendered":"<p>Osto- ja myyntiehdot TILAAMINEN Tuotteen valinnan j\u00e4lkeen on tuote \/ tuotteet lis\u00e4tt\u00e4v\u00e4 ostoskoriin. Ostoskorin sis\u00e4ll\u00f6n n\u00e4et, kun klikkaat verkkosivun yl\u00e4reunassa olevaa ostoskorin painiketta ja siirryt eteenp\u00e4in ostoskorin sivulle. Ostoskorissa n\u00e4ytet\u00e4\u00e4n kaikki sinne lis\u00e4tyt tuotteet nimiluettelona, ja jokaisen tuotteen osalta on n\u00e4ytetty haluttu m\u00e4\u00e4r\u00e4 (kpl) ja hinta. N\u00e4ytet\u00e4\u00e4n my\u00f6s koko ostoskorin yhteishinta. Tilauksen vahvistamisen aloittamiseksi klikkaa&#8230;<\/p>\n","protected":false},"author":1,"featured_media":0,"parent":0,"menu_order":0,"comment_status":"closed","ping_status":"closed","template":"","meta":{"_acf_changed":false,"_monsterinsights_skip_tracking":false,"_monsterinsights_sitenote_active":false,"_monsterinsights_sitenote_note":"","_monsterinsights_sitenote_category":0,"footnotes":""},"class_list":["post-5937","page","type-page","status-publish","hentry"],"acf":[],"yoast_head":"<!-- This site is optimized with the Yoast SEO plugin v26.4 - https:\/\/yoast.com\/wordpress\/plugins\/seo\/ -->\n<title>Osto- ja myyntiehdot | Shoppe by Olde Hansa<\/title>\n<meta name=\"description\" content=\"Famous throughout the world as the \u2018most authentic medieval dining experience ever\u2019. Olde Hansa has touched the hearts &amp; emotions of thousands of travellers from over 130 countries\" \/>\n<meta name=\"robots\" content=\"index, follow, max-snippet:-1, max-image-preview:large, max-video-preview:-1\" \/>\n<link rel=\"canonical\" href=\"https:\/\/www.shoppe.ee\/fi\/terms-conditions\/\" \/>\n<meta property=\"og:locale\" content=\"fi_FI\" \/>\n<meta property=\"og:type\" content=\"article\" \/>\n<meta property=\"og:title\" content=\"Osto- ja myyntiehdot | Shoppe by Olde Hansa\" \/>\n<meta property=\"og:description\" content=\"Famous throughout the world as the \u2018most authentic medieval dining experience ever\u2019. Olde Hansa has touched the hearts &amp; emotions of thousands of travellers from over 130 countries\" \/>\n<meta property=\"og:url\" content=\"https:\/\/www.shoppe.ee\/fi\/terms-conditions\/\" \/>\n<meta property=\"og:site_name\" content=\"Shoppe by Olde Hansa\" \/>\n<meta property=\"article:modified_time\" content=\"2018-09-11T10:26:13+00:00\" \/>\n<meta name=\"twitter:card\" content=\"summary_large_image\" \/>\n<meta name=\"twitter:label1\" content=\"Arvioitu lukuaika\" \/>\n\t<meta name=\"twitter:data1\" content=\"4 minuuttia\" \/>\n<script type=\"application\/ld+json\" class=\"yoast-schema-graph\">{\"@context\":\"https:\/\/schema.org\",\"@graph\":[{\"@type\":\"WebPage\",\"@id\":\"https:\/\/www.shoppe.ee\/fi\/terms-conditions\/\",\"url\":\"https:\/\/www.shoppe.ee\/fi\/terms-conditions\/\",\"name\":\"Osto- ja myyntiehdot | Shoppe by Olde Hansa\",\"isPartOf\":{\"@id\":\"https:\/\/www.shoppe.ee\/ru\/#website\"},\"datePublished\":\"2018-06-16T16:11:55+00:00\",\"dateModified\":\"2018-09-11T10:26:13+00:00\",\"description\":\"Famous throughout the world as the \u2018most authentic medieval dining experience ever\u2019. Olde Hansa has touched the hearts & emotions of thousands of travellers from over 130 countries\",\"breadcrumb\":{\"@id\":\"https:\/\/www.shoppe.ee\/fi\/terms-conditions\/#breadcrumb\"},\"inLanguage\":\"fi\",\"potentialAction\":[{\"@type\":\"ReadAction\",\"target\":[\"https:\/\/www.shoppe.ee\/fi\/terms-conditions\/\"]}]},{\"@type\":\"BreadcrumbList\",\"@id\":\"https:\/\/www.shoppe.ee\/fi\/terms-conditions\/#breadcrumb\",\"itemListElement\":[{\"@type\":\"ListItem\",\"position\":1,\"name\":\"Home\",\"item\":\"https:\/\/www.shoppe.ee\/fi\/\"},{\"@type\":\"ListItem\",\"position\":2,\"name\":\"Osto- ja myyntiehdot\"}]},{\"@type\":\"WebSite\",\"@id\":\"https:\/\/www.shoppe.ee\/ru\/#website\",\"url\":\"https:\/\/www.shoppe.ee\/ru\/\",\"name\":\"Shoppe by Olde Hansa\",\"description\":\"Food is good :)\",\"potentialAction\":[{\"@type\":\"SearchAction\",\"target\":{\"@type\":\"EntryPoint\",\"urlTemplate\":\"https:\/\/www.shoppe.ee\/ru\/?s={search_term_string}\"},\"query-input\":{\"@type\":\"PropertyValueSpecification\",\"valueRequired\":true,\"valueName\":\"search_term_string\"}}],\"inLanguage\":\"fi\"}]}<\/script>\n<!-- \/ Yoast SEO plugin. -->","yoast_head_json":{"title":"Osto- ja myyntiehdot | Shoppe by Olde Hansa","description":"Famous throughout the world as the \u2018most authentic medieval dining experience ever\u2019. Olde Hansa has touched the hearts & emotions of thousands of travellers from over 130 countries","robots":{"index":"index","follow":"follow","max-snippet":"max-snippet:-1","max-image-preview":"max-image-preview:large","max-video-preview":"max-video-preview:-1"},"canonical":"https:\/\/www.shoppe.ee\/fi\/terms-conditions\/","og_locale":"fi_FI","og_type":"article","og_title":"Osto- ja myyntiehdot | Shoppe by Olde Hansa","og_description":"Famous throughout the world as the \u2018most authentic medieval dining experience ever\u2019. Olde Hansa has touched the hearts & emotions of thousands of travellers from over 130 countries","og_url":"https:\/\/www.shoppe.ee\/fi\/terms-conditions\/","og_site_name":"Shoppe by Olde Hansa","article_modified_time":"2018-09-11T10:26:13+00:00","twitter_card":"summary_large_image","twitter_misc":{"Arvioitu lukuaika":"4 minuuttia"},"schema":{"@context":"https:\/\/schema.org","@graph":[{"@type":"WebPage","@id":"https:\/\/www.shoppe.ee\/fi\/terms-conditions\/","url":"https:\/\/www.shoppe.ee\/fi\/terms-conditions\/","name":"Osto- ja myyntiehdot | Shoppe by Olde Hansa","isPartOf":{"@id":"https:\/\/www.shoppe.ee\/ru\/#website"},"datePublished":"2018-06-16T16:11:55+00:00","dateModified":"2018-09-11T10:26:13+00:00","description":"Famous throughout the world as the \u2018most authentic medieval dining experience ever\u2019. Olde Hansa has touched the hearts & emotions of thousands of travellers from over 130 countries","breadcrumb":{"@id":"https:\/\/www.shoppe.ee\/fi\/terms-conditions\/#breadcrumb"},"inLanguage":"fi","potentialAction":[{"@type":"ReadAction","target":["https:\/\/www.shoppe.ee\/fi\/terms-conditions\/"]}]},{"@type":"BreadcrumbList","@id":"https:\/\/www.shoppe.ee\/fi\/terms-conditions\/#breadcrumb","itemListElement":[{"@type":"ListItem","position":1,"name":"Home","item":"https:\/\/www.shoppe.ee\/fi\/"},{"@type":"ListItem","position":2,"name":"Osto- ja myyntiehdot"}]},{"@type":"WebSite","@id":"https:\/\/www.shoppe.ee\/ru\/#website","url":"https:\/\/www.shoppe.ee\/ru\/","name":"Shoppe by Olde Hansa","description":"Food is good :)","potentialAction":[{"@type":"SearchAction","target":{"@type":"EntryPoint","urlTemplate":"https:\/\/www.shoppe.ee\/ru\/?s={search_term_string}"},"query-input":{"@type":"PropertyValueSpecification","valueRequired":true,"valueName":"search_term_string"}}],"inLanguage":"fi"}]}},"_links":{"self":[{"href":"https:\/\/www.shoppe.ee\/fi\/wp-json\/wp\/v2\/pages\/5937","targetHints":{"allow":["GET"]}}],"collection":[{"href":"https:\/\/www.shoppe.ee\/fi\/wp-json\/wp\/v2\/pages"}],"about":[{"href":"https:\/\/www.shoppe.ee\/fi\/wp-json\/wp\/v2\/types\/page"}],"author":[{"embeddable":true,"href":"https:\/\/www.shoppe.ee\/fi\/wp-json\/wp\/v2\/users\/1"}],"replies":[{"embeddable":true,"href":"https:\/\/www.shoppe.ee\/fi\/wp-json\/wp\/v2\/comments?post=5937"}],"version-history":[{"count":4,"href":"https:\/\/www.shoppe.ee\/fi\/wp-json\/wp\/v2\/pages\/5937\/revisions"}],"predecessor-version":[{"id":5982,"href":"https:\/\/www.shoppe.ee\/fi\/wp-json\/wp\/v2\/pages\/5937\/revisions\/5982"}],"wp:attachment":[{"href":"https:\/\/www.shoppe.ee\/fi\/wp-json\/wp\/v2\/media?parent=5937"}],"curies":[{"name":"wp","href":"https:\/\/api.w.org\/{rel}","templated":true}]}}