{"id":9489,"date":"2021-03-23T11:12:13","date_gmt":"2021-03-23T09:12:13","guid":{"rendered":"https:\/\/www.shoppe.ee\/?post_type=product&#038;p=9489"},"modified":"2021-03-23T11:15:11","modified_gmt":"2021-03-23T09:15:11","slug":"magusad-mandlid-200g-copy","status":"publish","type":"product","link":"https:\/\/www.shoppe.ee\/et\/product\/magusad-mandlid-200g-copy\/","title":{"rendered":"Olde Hansa Magusad mandlid rummise mekiga 200g"},"content":{"rendered":"<p>Olde Hansa magusates mandates p\u00f5imuvad keksaja traditsioonid t\u00e4nap\u00e4eva kondiitrimeistrite loomingulisusega. Magusad mandlid on heaks alternatiiviks magustoidule ning sobivad ka kergeks vahepalaks. Rummine mekk lisab magusatel mandlitele uue ja huvitava n\u00fcansirikkuse.<\/p>\n<p>Pakendi maht 200 grammi<br \/>\n* 27,25 \u20ac \/kg<\/p>\n","protected":false},"excerpt":{"rendered":"<p>Magusad mandlid on mantlite hulgas k\u00f5ige tuntumad ning saanud Tallinna vanalinna s\u00fcnon\u00fc\u00fcmiks.<\/p>\n<p>Koostisosad: r\u00f6stitud MANDLID (min 60%), suhkur (24%), roosuhkru melass, v\u00e4herasvane k\u00f6\u00f6giKOOR [PETIPIIM, palmi\u00f5lid, modifitseeritud t\u00e4rklis, emulgaator (pol\u00fcsorbaat 60), stabilisaatorid (met\u00fc\u00fcltselluloos, ksantaankummi), happesuse regulaator (naatriumtsitraat), laktaasens\u00fc\u00fcm], rummiessents (4%) [Jamaica rumm (65% vol); kandja E1520; paksendaja E466; karamell; happesuse regulaator E260; dekstroos; maltodekstriin: modifitseeritud t\u00e4rklis E1450], kaneel, ingver, pipar, nelk, vanilliaroom, gl\u00fctserool, gl\u00fckoossiirup, dekstroos, PIIMAPULBER, SOJAVALK.<\/p>\n<p>100 g toodet sisaldab keskmiselt:<br \/>\nenergiat 588 kcal \/ 2442 kJ rasvu 43,2 g, millest k\u00fcllastunud rasvu 3,3 g s\u00fcsivesikuid 32,8 g, millest suhkruid 31 g valku 14 g soola 0 g<\/p>\n","protected":false},"author":1,"featured_media":8820,"template":"","meta":{"_acf_changed":false,"_monsterinsights_skip_tracking":false,"_monsterinsights_sitenote_active":false,"_monsterinsights_sitenote_note":"","_monsterinsights_sitenote_category":0},"product_brand":[],"product_cat":[114],"product_tag":[],"class_list":{"0":"post-9489","1":"product","2":"type-product","3":"status-publish","4":"has-post-thumbnail","6":"product_cat-maitsed","8":"first","9":"outofstock","10":"taxable","11":"shipping-taxable","12":"purchasable","13":"product-type-simple"},"acf":[],"yoast_head":"<!-- This site is optimized with the Yoast SEO plugin v26.4 - https:\/\/yoast.com\/wordpress\/plugins\/seo\/ -->\n<title>Olde Hansa Magusad mandlid rummise mekiga 200g | Shoppe by Olde Hansa<\/title>\n<meta name=\"robots\" content=\"index, follow, max-snippet:-1, max-image-preview:large, max-video-preview:-1\" \/>\n<link rel=\"canonical\" href=\"https:\/\/www.shoppe.ee\/et\/product\/magusad-mandlid-200g-copy\/\" \/>\n<meta property=\"og:locale\" content=\"et_EE\" \/>\n<meta property=\"og:type\" content=\"article\" \/>\n<meta property=\"og:title\" content=\"Olde Hansa Magusad mandlid rummise mekiga 200g | Shoppe by Olde Hansa\" \/>\n<meta property=\"og:description\" content=\"Magusad mandlid on mantlite hulgas k\u00f5ige tuntumad ning saanud Tallinna vanalinna s\u00fcnon\u00fc\u00fcmiks.  Koostisosad: r\u00f6stitud MANDLID (min 60%), suhkur (24%), roosuhkru melass, v\u00e4herasvane k\u00f6\u00f6giKOOR [PETIPIIM, palmi\u00f5lid, modifitseeritud t\u00e4rklis, emulgaator (pol\u00fcsorbaat 60), stabilisaatorid (met\u00fc\u00fcltselluloos, ksantaankummi), happesuse regulaator (naatriumtsitraat), laktaasens\u00fc\u00fcm], rummiessents (4%) [Jamaica rumm (65% vol); kandja E1520; paksendaja E466; karamell; happesuse regulaator E260; dekstroos; maltodekstriin: modifitseeritud t\u00e4rklis E1450], kaneel, ingver, pipar, nelk, vanilliaroom, gl\u00fctserool, gl\u00fckoossiirup, dekstroos, PIIMAPULBER, SOJAVALK.  100 g toodet sisaldab keskmiselt: energiat 588 kcal \/ 2442 kJ rasvu 43,2 g, millest k\u00fcllastunud rasvu 3,3 g s\u00fcsivesikuid 32,8 g, millest suhkruid 31 g valku 14 g soola 0 g\" \/>\n<meta property=\"og:url\" content=\"https:\/\/www.shoppe.ee\/et\/product\/magusad-mandlid-200g-copy\/\" \/>\n<meta property=\"og:site_name\" content=\"Shoppe by Olde Hansa\" \/>\n<meta property=\"article:modified_time\" content=\"2021-03-23T09:15:11+00:00\" \/>\n<meta property=\"og:image\" content=\"https:\/\/www.shoppe.ee\/wp-content\/uploads\/2020\/08\/mandel-200g.jpg\" \/>\n\t<meta property=\"og:image:width\" content=\"1200\" \/>\n\t<meta property=\"og:image:height\" content=\"1200\" \/>\n\t<meta property=\"og:image:type\" content=\"image\/jpeg\" \/>\n<meta name=\"twitter:card\" content=\"summary_large_image\" \/>\n<script type=\"application\/ld+json\" class=\"yoast-schema-graph\">{\"@context\":\"https:\/\/schema.org\",\"@graph\":[{\"@type\":\"WebPage\",\"@id\":\"https:\/\/www.shoppe.ee\/et\/product\/magusad-mandlid-200g-copy\/\",\"url\":\"https:\/\/www.shoppe.ee\/et\/product\/magusad-mandlid-200g-copy\/\",\"name\":\"Olde Hansa Magusad mandlid rummise mekiga 200g | Shoppe by Olde Hansa\",\"isPartOf\":{\"@id\":\"https:\/\/www.shoppe.ee\/ru\/#website\"},\"primaryImageOfPage\":{\"@id\":\"https:\/\/www.shoppe.ee\/et\/product\/magusad-mandlid-200g-copy\/#primaryimage\"},\"image\":{\"@id\":\"https:\/\/www.shoppe.ee\/et\/product\/magusad-mandlid-200g-copy\/#primaryimage\"},\"thumbnailUrl\":\"https:\/\/www.shoppe.ee\/wp-content\/uploads\/2020\/08\/mandel-200g.jpg\",\"datePublished\":\"2021-03-23T09:12:13+00:00\",\"dateModified\":\"2021-03-23T09:15:11+00:00\",\"breadcrumb\":{\"@id\":\"https:\/\/www.shoppe.ee\/et\/product\/magusad-mandlid-200g-copy\/#breadcrumb\"},\"inLanguage\":\"et\",\"potentialAction\":[{\"@type\":\"ReadAction\",\"target\":[\"https:\/\/www.shoppe.ee\/et\/product\/magusad-mandlid-200g-copy\/\"]}]},{\"@type\":\"ImageObject\",\"inLanguage\":\"et\",\"@id\":\"https:\/\/www.shoppe.ee\/et\/product\/magusad-mandlid-200g-copy\/#primaryimage\",\"url\":\"https:\/\/www.shoppe.ee\/wp-content\/uploads\/2020\/08\/mandel-200g.jpg\",\"contentUrl\":\"https:\/\/www.shoppe.ee\/wp-content\/uploads\/2020\/08\/mandel-200g.jpg\",\"width\":1200,\"height\":1200},{\"@type\":\"BreadcrumbList\",\"@id\":\"https:\/\/www.shoppe.ee\/et\/product\/magusad-mandlid-200g-copy\/#breadcrumb\",\"itemListElement\":[{\"@type\":\"ListItem\",\"position\":1,\"name\":\"Home\",\"item\":\"https:\/\/www.shoppe.ee\/et\/\"},{\"@type\":\"ListItem\",\"position\":2,\"name\":\"Shop\",\"item\":\"https:\/\/www.shoppe.ee\/et\/shop\/\"},{\"@type\":\"ListItem\",\"position\":3,\"name\":\"Olde Hansa Magusad mandlid rummise mekiga 200g\"}]},{\"@type\":\"WebSite\",\"@id\":\"https:\/\/www.shoppe.ee\/ru\/#website\",\"url\":\"https:\/\/www.shoppe.ee\/ru\/\",\"name\":\"Shoppe by Olde Hansa\",\"description\":\"Food is good :)\",\"potentialAction\":[{\"@type\":\"SearchAction\",\"target\":{\"@type\":\"EntryPoint\",\"urlTemplate\":\"https:\/\/www.shoppe.ee\/ru\/?s={search_term_string}\"},\"query-input\":{\"@type\":\"PropertyValueSpecification\",\"valueRequired\":true,\"valueName\":\"search_term_string\"}}],\"inLanguage\":\"et\"}]}<\/script>\n<!-- \/ Yoast SEO plugin. -->","yoast_head_json":{"title":"Olde Hansa Magusad mandlid rummise mekiga 200g | Shoppe by Olde Hansa","robots":{"index":"index","follow":"follow","max-snippet":"max-snippet:-1","max-image-preview":"max-image-preview:large","max-video-preview":"max-video-preview:-1"},"canonical":"https:\/\/www.shoppe.ee\/et\/product\/magusad-mandlid-200g-copy\/","og_locale":"et_EE","og_type":"article","og_title":"Olde Hansa Magusad mandlid rummise mekiga 200g | Shoppe by Olde Hansa","og_description":"Magusad mandlid on mantlite hulgas k\u00f5ige tuntumad ning saanud Tallinna vanalinna s\u00fcnon\u00fc\u00fcmiks.  Koostisosad: r\u00f6stitud MANDLID (min 60%), suhkur (24%), roosuhkru melass, v\u00e4herasvane k\u00f6\u00f6giKOOR [PETIPIIM, palmi\u00f5lid, modifitseeritud t\u00e4rklis, emulgaator (pol\u00fcsorbaat 60), stabilisaatorid (met\u00fc\u00fcltselluloos, ksantaankummi), happesuse regulaator (naatriumtsitraat), laktaasens\u00fc\u00fcm], rummiessents (4%) [Jamaica rumm (65% vol); kandja E1520; paksendaja E466; karamell; happesuse regulaator E260; dekstroos; maltodekstriin: modifitseeritud t\u00e4rklis E1450], kaneel, ingver, pipar, nelk, vanilliaroom, gl\u00fctserool, gl\u00fckoossiirup, dekstroos, PIIMAPULBER, SOJAVALK.  100 g toodet sisaldab keskmiselt: energiat 588 kcal \/ 2442 kJ rasvu 43,2 g, millest k\u00fcllastunud rasvu 3,3 g s\u00fcsivesikuid 32,8 g, millest suhkruid 31 g valku 14 g soola 0 g","og_url":"https:\/\/www.shoppe.ee\/et\/product\/magusad-mandlid-200g-copy\/","og_site_name":"Shoppe by Olde Hansa","article_modified_time":"2021-03-23T09:15:11+00:00","og_image":[{"width":1200,"height":1200,"url":"https:\/\/www.shoppe.ee\/wp-content\/uploads\/2020\/08\/mandel-200g.jpg","type":"image\/jpeg"}],"twitter_card":"summary_large_image","schema":{"@context":"https:\/\/schema.org","@graph":[{"@type":"WebPage","@id":"https:\/\/www.shoppe.ee\/et\/product\/magusad-mandlid-200g-copy\/","url":"https:\/\/www.shoppe.ee\/et\/product\/magusad-mandlid-200g-copy\/","name":"Olde Hansa Magusad mandlid rummise mekiga 200g | Shoppe by Olde Hansa","isPartOf":{"@id":"https:\/\/www.shoppe.ee\/ru\/#website"},"primaryImageOfPage":{"@id":"https:\/\/www.shoppe.ee\/et\/product\/magusad-mandlid-200g-copy\/#primaryimage"},"image":{"@id":"https:\/\/www.shoppe.ee\/et\/product\/magusad-mandlid-200g-copy\/#primaryimage"},"thumbnailUrl":"https:\/\/www.shoppe.ee\/wp-content\/uploads\/2020\/08\/mandel-200g.jpg","datePublished":"2021-03-23T09:12:13+00:00","dateModified":"2021-03-23T09:15:11+00:00","breadcrumb":{"@id":"https:\/\/www.shoppe.ee\/et\/product\/magusad-mandlid-200g-copy\/#breadcrumb"},"inLanguage":"et","potentialAction":[{"@type":"ReadAction","target":["https:\/\/www.shoppe.ee\/et\/product\/magusad-mandlid-200g-copy\/"]}]},{"@type":"ImageObject","inLanguage":"et","@id":"https:\/\/www.shoppe.ee\/et\/product\/magusad-mandlid-200g-copy\/#primaryimage","url":"https:\/\/www.shoppe.ee\/wp-content\/uploads\/2020\/08\/mandel-200g.jpg","contentUrl":"https:\/\/www.shoppe.ee\/wp-content\/uploads\/2020\/08\/mandel-200g.jpg","width":1200,"height":1200},{"@type":"BreadcrumbList","@id":"https:\/\/www.shoppe.ee\/et\/product\/magusad-mandlid-200g-copy\/#breadcrumb","itemListElement":[{"@type":"ListItem","position":1,"name":"Home","item":"https:\/\/www.shoppe.ee\/et\/"},{"@type":"ListItem","position":2,"name":"Shop","item":"https:\/\/www.shoppe.ee\/et\/shop\/"},{"@type":"ListItem","position":3,"name":"Olde Hansa Magusad mandlid rummise mekiga 200g"}]},{"@type":"WebSite","@id":"https:\/\/www.shoppe.ee\/ru\/#website","url":"https:\/\/www.shoppe.ee\/ru\/","name":"Shoppe by Olde Hansa","description":"Food is good :)","potentialAction":[{"@type":"SearchAction","target":{"@type":"EntryPoint","urlTemplate":"https:\/\/www.shoppe.ee\/ru\/?s={search_term_string}"},"query-input":{"@type":"PropertyValueSpecification","valueRequired":true,"valueName":"search_term_string"}}],"inLanguage":"et"}]}},"_links":{"self":[{"href":"https:\/\/www.shoppe.ee\/et\/wp-json\/wp\/v2\/product\/9489","targetHints":{"allow":["GET"]}}],"collection":[{"href":"https:\/\/www.shoppe.ee\/et\/wp-json\/wp\/v2\/product"}],"about":[{"href":"https:\/\/www.shoppe.ee\/et\/wp-json\/wp\/v2\/types\/product"}],"author":[{"embeddable":true,"href":"https:\/\/www.shoppe.ee\/et\/wp-json\/wp\/v2\/users\/1"}],"wp:featuredmedia":[{"embeddable":true,"href":"https:\/\/www.shoppe.ee\/et\/wp-json\/wp\/v2\/media\/8820"}],"wp:attachment":[{"href":"https:\/\/www.shoppe.ee\/et\/wp-json\/wp\/v2\/media?parent=9489"}],"wp:term":[{"taxonomy":"product_brand","embeddable":true,"href":"https:\/\/www.shoppe.ee\/et\/wp-json\/wp\/v2\/product_brand?post=9489"},{"taxonomy":"product_cat","embeddable":true,"href":"https:\/\/www.shoppe.ee\/et\/wp-json\/wp\/v2\/product_cat?post=9489"},{"taxonomy":"product_tag","embeddable":true,"href":"https:\/\/www.shoppe.ee\/et\/wp-json\/wp\/v2\/product_tag?post=9489"}],"curies":[{"name":"wp","href":"https:\/\/api.w.org\/{rel}","templated":true}]}}