{"id":9433,"date":"2021-02-19T10:15:56","date_gmt":"2021-02-19T08:15:56","guid":{"rendered":"https:\/\/www.shoppe.ee\/?post_type=product&#038;p=9433"},"modified":"2023-08-17T11:01:05","modified_gmt":"2023-08-17T09:01:05","slug":"olde-hansa-pipranaps-100ml","status":"publish","type":"product","link":"https:\/\/www.shoppe.ee\/et\/product\/olde-hansa-pipranaps-100ml\/","title":{"rendered":"Olde Hansa pipranaps 100ml"},"content":{"rendered":"<p>Kangete napsude \u2013 akvaviitide \u2013 valmistamise kunst avastati 12. sajandi Itaaliamaal. Liivimaa alkeemikud ja apteekrid j\u00f5udsid destilleerimise saladuste j\u00e4lile alles 300 aastat hiljem ja soovitasid napsu v\u00f5tta ainult terviseh\u00e4dade puhul. Eks olnud ju akvaviidid ehk eluveed oma kanguse p\u00e4rast otsekui meheau m\u00f5\u00f5dupuuks, voolates k\u00fcll sulnilt nagu vesi, kuid maitstes see-eest p\u00f5letavalt kui tuli.<br \/>\nOlde Hansa majamunga poolt parimast viljast aetud ja \u201cparadiisitera\u201d pipraga \u00f5ilsamaks tehtud naps K\u00f5igerawija Pipraakvaviit sai aga nii hea, et kogus kiiresti kuulsust nii Liivimaal kui kaugemalgi.<\/p>\n<p>N\u00f5nda otsustaski Olde Hansa majaisand Auriinus, et on viimane aeg v\u00e4\u00e4rt jook vaadist pudelisse villida. Ikka selleks, et Pepperschnappsi mujaltki kui Olde Hansa majast s\u00f5prade, l\u00e4hedaste v\u00f5i iseendagi r\u00f5\u00f5mustamiseks kaasa v\u00f5iks osta. Et h\u00e4\u00e4d jooki koduski k\u00f5igiti nooblilt ja v\u00e4\u00e4rikalt r\u00fc\u00fcbata saaks, on pipranapsupudelile seltsiks kaunid viieteistk\u00fcmnenda aastasaja moe j\u00e4rgi k\u00e4sit\u00f6\u00f6na tehtud napsuklaasid ja sama masti pudel, millest jooki pakkuda on ise\u00e4ranis peen.<\/p>\n<p>Nautige terviseks!<\/p>\n","protected":false},"excerpt":{"rendered":"<p>Olde Hansa Pepperschnapps on 40% kangusega, \u00f5igele pipranapsule kohaselt korralikult piprane, ent samas kreemjas kange naps. Nii l\u00f5hnale kui maitsele lisavad t\u00e4idlust ja tasakaalu erinevad \u00fcrdid ning kerge magusus aitab erinevatel maitsen\u00fcanssidel paremini esile tulla.<\/p>\n<p>Serveerida soovituslikult: +4c<\/p>\n<p>Maht 0.1 liitrit<br \/>\n* 60 \u20ac \/l<\/p>\n","protected":false},"author":1,"featured_media":9434,"template":"","meta":{"_acf_changed":false,"_monsterinsights_skip_tracking":false,"_monsterinsights_sitenote_active":false,"_monsterinsights_sitenote_note":"","_monsterinsights_sitenote_category":0},"product_brand":[],"product_cat":[114],"product_tag":[],"class_list":{"0":"post-9433","1":"product","2":"type-product","3":"status-publish","4":"has-post-thumbnail","6":"product_cat-maitsed","8":"first","9":"outofstock","10":"taxable","11":"shipping-taxable","12":"purchasable","13":"product-type-simple"},"acf":[],"yoast_head":"<!-- This site is optimized with the Yoast SEO plugin v26.4 - https:\/\/yoast.com\/wordpress\/plugins\/seo\/ -->\n<title>Olde Hansa pipranaps 100ml | Shoppe by Olde Hansa<\/title>\n<meta name=\"robots\" content=\"index, follow, max-snippet:-1, max-image-preview:large, max-video-preview:-1\" \/>\n<link rel=\"canonical\" href=\"https:\/\/www.shoppe.ee\/et\/product\/olde-hansa-pipranaps-100ml\/\" \/>\n<meta property=\"og:locale\" content=\"et_EE\" \/>\n<meta property=\"og:type\" content=\"article\" \/>\n<meta property=\"og:title\" content=\"Olde Hansa pipranaps 100ml | Shoppe by Olde Hansa\" \/>\n<meta property=\"og:description\" content=\"Olde Hansa Pepperschnapps on 40% kangusega, \u00f5igele pipranapsule kohaselt korralikult piprane, ent samas kreemjas kange naps. Nii l\u00f5hnale kui maitsele lisavad t\u00e4idlust ja tasakaalu erinevad \u00fcrdid ning kerge magusus aitab erinevatel maitsen\u00fcanssidel paremini esile tulla.  Serveerida soovituslikult: +4c  Maht 0.1 liitrit * 60 \u20ac \/l\" \/>\n<meta property=\"og:url\" content=\"https:\/\/www.shoppe.ee\/et\/product\/olde-hansa-pipranaps-100ml\/\" \/>\n<meta property=\"og:site_name\" content=\"Shoppe by Olde Hansa\" \/>\n<meta property=\"article:modified_time\" content=\"2023-08-17T09:01:05+00:00\" \/>\n<meta property=\"og:image\" content=\"https:\/\/www.shoppe.ee\/wp-content\/uploads\/2021\/02\/pipar_v\u00e4ike-1024x1024-1.png\" \/>\n\t<meta property=\"og:image:width\" content=\"1024\" \/>\n\t<meta property=\"og:image:height\" content=\"1024\" \/>\n\t<meta property=\"og:image:type\" content=\"image\/png\" \/>\n<meta name=\"twitter:card\" content=\"summary_large_image\" \/>\n<meta name=\"twitter:label1\" content=\"Est. reading time\" \/>\n\t<meta name=\"twitter:data1\" content=\"1 minut\" \/>\n<script type=\"application\/ld+json\" class=\"yoast-schema-graph\">{\"@context\":\"https:\/\/schema.org\",\"@graph\":[{\"@type\":\"WebPage\",\"@id\":\"https:\/\/www.shoppe.ee\/et\/product\/olde-hansa-pipranaps-100ml\/\",\"url\":\"https:\/\/www.shoppe.ee\/et\/product\/olde-hansa-pipranaps-100ml\/\",\"name\":\"Olde Hansa pipranaps 100ml | Shoppe by Olde Hansa\",\"isPartOf\":{\"@id\":\"https:\/\/www.shoppe.ee\/ru\/#website\"},\"primaryImageOfPage\":{\"@id\":\"https:\/\/www.shoppe.ee\/et\/product\/olde-hansa-pipranaps-100ml\/#primaryimage\"},\"image\":{\"@id\":\"https:\/\/www.shoppe.ee\/et\/product\/olde-hansa-pipranaps-100ml\/#primaryimage\"},\"thumbnailUrl\":\"https:\/\/www.shoppe.ee\/wp-content\/uploads\/2021\/02\/pipar_v\u00e4ike-1024x1024-1.png\",\"datePublished\":\"2021-02-19T08:15:56+00:00\",\"dateModified\":\"2023-08-17T09:01:05+00:00\",\"breadcrumb\":{\"@id\":\"https:\/\/www.shoppe.ee\/et\/product\/olde-hansa-pipranaps-100ml\/#breadcrumb\"},\"inLanguage\":\"et\",\"potentialAction\":[{\"@type\":\"ReadAction\",\"target\":[\"https:\/\/www.shoppe.ee\/et\/product\/olde-hansa-pipranaps-100ml\/\"]}]},{\"@type\":\"ImageObject\",\"inLanguage\":\"et\",\"@id\":\"https:\/\/www.shoppe.ee\/et\/product\/olde-hansa-pipranaps-100ml\/#primaryimage\",\"url\":\"https:\/\/www.shoppe.ee\/wp-content\/uploads\/2021\/02\/pipar_v\u00e4ike-1024x1024-1.png\",\"contentUrl\":\"https:\/\/www.shoppe.ee\/wp-content\/uploads\/2021\/02\/pipar_v\u00e4ike-1024x1024-1.png\",\"width\":1024,\"height\":1024},{\"@type\":\"BreadcrumbList\",\"@id\":\"https:\/\/www.shoppe.ee\/et\/product\/olde-hansa-pipranaps-100ml\/#breadcrumb\",\"itemListElement\":[{\"@type\":\"ListItem\",\"position\":1,\"name\":\"Home\",\"item\":\"https:\/\/www.shoppe.ee\/et\/\"},{\"@type\":\"ListItem\",\"position\":2,\"name\":\"Shop\",\"item\":\"https:\/\/www.shoppe.ee\/et\/shop\/\"},{\"@type\":\"ListItem\",\"position\":3,\"name\":\"Olde Hansa pipranaps 100ml\"}]},{\"@type\":\"WebSite\",\"@id\":\"https:\/\/www.shoppe.ee\/ru\/#website\",\"url\":\"https:\/\/www.shoppe.ee\/ru\/\",\"name\":\"Shoppe by Olde Hansa\",\"description\":\"Food is good :)\",\"potentialAction\":[{\"@type\":\"SearchAction\",\"target\":{\"@type\":\"EntryPoint\",\"urlTemplate\":\"https:\/\/www.shoppe.ee\/ru\/?s={search_term_string}\"},\"query-input\":{\"@type\":\"PropertyValueSpecification\",\"valueRequired\":true,\"valueName\":\"search_term_string\"}}],\"inLanguage\":\"et\"}]}<\/script>\n<!-- \/ Yoast SEO plugin. -->","yoast_head_json":{"title":"Olde Hansa pipranaps 100ml | Shoppe by Olde Hansa","robots":{"index":"index","follow":"follow","max-snippet":"max-snippet:-1","max-image-preview":"max-image-preview:large","max-video-preview":"max-video-preview:-1"},"canonical":"https:\/\/www.shoppe.ee\/et\/product\/olde-hansa-pipranaps-100ml\/","og_locale":"et_EE","og_type":"article","og_title":"Olde Hansa pipranaps 100ml | Shoppe by Olde Hansa","og_description":"Olde Hansa Pepperschnapps on 40% kangusega, \u00f5igele pipranapsule kohaselt korralikult piprane, ent samas kreemjas kange naps. Nii l\u00f5hnale kui maitsele lisavad t\u00e4idlust ja tasakaalu erinevad \u00fcrdid ning kerge magusus aitab erinevatel maitsen\u00fcanssidel paremini esile tulla.  Serveerida soovituslikult: +4c  Maht 0.1 liitrit * 60 \u20ac \/l","og_url":"https:\/\/www.shoppe.ee\/et\/product\/olde-hansa-pipranaps-100ml\/","og_site_name":"Shoppe by Olde Hansa","article_modified_time":"2023-08-17T09:01:05+00:00","og_image":[{"width":1024,"height":1024,"url":"https:\/\/www.shoppe.ee\/wp-content\/uploads\/2021\/02\/pipar_v\u00e4ike-1024x1024-1.png","type":"image\/png"}],"twitter_card":"summary_large_image","twitter_misc":{"Est. reading time":"1 minut"},"schema":{"@context":"https:\/\/schema.org","@graph":[{"@type":"WebPage","@id":"https:\/\/www.shoppe.ee\/et\/product\/olde-hansa-pipranaps-100ml\/","url":"https:\/\/www.shoppe.ee\/et\/product\/olde-hansa-pipranaps-100ml\/","name":"Olde Hansa pipranaps 100ml | Shoppe by Olde Hansa","isPartOf":{"@id":"https:\/\/www.shoppe.ee\/ru\/#website"},"primaryImageOfPage":{"@id":"https:\/\/www.shoppe.ee\/et\/product\/olde-hansa-pipranaps-100ml\/#primaryimage"},"image":{"@id":"https:\/\/www.shoppe.ee\/et\/product\/olde-hansa-pipranaps-100ml\/#primaryimage"},"thumbnailUrl":"https:\/\/www.shoppe.ee\/wp-content\/uploads\/2021\/02\/pipar_v\u00e4ike-1024x1024-1.png","datePublished":"2021-02-19T08:15:56+00:00","dateModified":"2023-08-17T09:01:05+00:00","breadcrumb":{"@id":"https:\/\/www.shoppe.ee\/et\/product\/olde-hansa-pipranaps-100ml\/#breadcrumb"},"inLanguage":"et","potentialAction":[{"@type":"ReadAction","target":["https:\/\/www.shoppe.ee\/et\/product\/olde-hansa-pipranaps-100ml\/"]}]},{"@type":"ImageObject","inLanguage":"et","@id":"https:\/\/www.shoppe.ee\/et\/product\/olde-hansa-pipranaps-100ml\/#primaryimage","url":"https:\/\/www.shoppe.ee\/wp-content\/uploads\/2021\/02\/pipar_v\u00e4ike-1024x1024-1.png","contentUrl":"https:\/\/www.shoppe.ee\/wp-content\/uploads\/2021\/02\/pipar_v\u00e4ike-1024x1024-1.png","width":1024,"height":1024},{"@type":"BreadcrumbList","@id":"https:\/\/www.shoppe.ee\/et\/product\/olde-hansa-pipranaps-100ml\/#breadcrumb","itemListElement":[{"@type":"ListItem","position":1,"name":"Home","item":"https:\/\/www.shoppe.ee\/et\/"},{"@type":"ListItem","position":2,"name":"Shop","item":"https:\/\/www.shoppe.ee\/et\/shop\/"},{"@type":"ListItem","position":3,"name":"Olde Hansa pipranaps 100ml"}]},{"@type":"WebSite","@id":"https:\/\/www.shoppe.ee\/ru\/#website","url":"https:\/\/www.shoppe.ee\/ru\/","name":"Shoppe by Olde Hansa","description":"Food is good :)","potentialAction":[{"@type":"SearchAction","target":{"@type":"EntryPoint","urlTemplate":"https:\/\/www.shoppe.ee\/ru\/?s={search_term_string}"},"query-input":{"@type":"PropertyValueSpecification","valueRequired":true,"valueName":"search_term_string"}}],"inLanguage":"et"}]}},"_links":{"self":[{"href":"https:\/\/www.shoppe.ee\/et\/wp-json\/wp\/v2\/product\/9433","targetHints":{"allow":["GET"]}}],"collection":[{"href":"https:\/\/www.shoppe.ee\/et\/wp-json\/wp\/v2\/product"}],"about":[{"href":"https:\/\/www.shoppe.ee\/et\/wp-json\/wp\/v2\/types\/product"}],"author":[{"embeddable":true,"href":"https:\/\/www.shoppe.ee\/et\/wp-json\/wp\/v2\/users\/1"}],"wp:featuredmedia":[{"embeddable":true,"href":"https:\/\/www.shoppe.ee\/et\/wp-json\/wp\/v2\/media\/9434"}],"wp:attachment":[{"href":"https:\/\/www.shoppe.ee\/et\/wp-json\/wp\/v2\/media?parent=9433"}],"wp:term":[{"taxonomy":"product_brand","embeddable":true,"href":"https:\/\/www.shoppe.ee\/et\/wp-json\/wp\/v2\/product_brand?post=9433"},{"taxonomy":"product_cat","embeddable":true,"href":"https:\/\/www.shoppe.ee\/et\/wp-json\/wp\/v2\/product_cat?post=9433"},{"taxonomy":"product_tag","embeddable":true,"href":"https:\/\/www.shoppe.ee\/et\/wp-json\/wp\/v2\/product_tag?post=9433"}],"curies":[{"name":"wp","href":"https:\/\/api.w.org\/{rel}","templated":true}]}}