{"id":8883,"date":"2020-09-21T18:40:17","date_gmt":"2020-09-21T16:40:17","guid":{"rendered":"https:\/\/www.shoppe.ee\/?post_type=product&#038;p=8883"},"modified":"2024-08-05T10:56:33","modified_gmt":"2024-08-05T08:56:33","slug":"meisterkoka-sooming","status":"publish","type":"product","link":"https:\/\/www.shoppe.ee\/et\/product\/meisterkoka-sooming\/","title":{"rendered":"Meisterkoka pidus\u00f6\u00f6ming"},"content":{"rendered":"","protected":false},"excerpt":{"rendered":"<p><strong>Minimaalne osalejate arv 2 k\u00fclalist! <\/strong><\/p>\n<p>Peale ostu sooritamist reserveeri laud soovitud kuup\u00e4evaks ning teavita restorani soovist kasutada pakkumist &#8220;Meisterkoka s\u00f6\u00f6ming&#8221;.<\/p>\n<p>S\u00f6\u00f6ming on keskaegsete traditsioonidega \u00f5htus\u00f6\u00f6k k\u00fcllusliku toiduvalikuga, mil h\u00f5rgutiste kogus on piiramatu\u2013tuuakse soovi korral juurde nii palju kui vaja. S\u00f6\u00f6ming algab k\u00e4tepesu rituaaliga, mille j\u00e4rel juhatatakse k\u00fclalised lauda, mis on juba eelroogadega kaetud. Enne s\u00f6\u00f6ma asumist valitakse seltskonnast lauaperemees, kes leivamurdmisega t\u00e4histab s\u00f6\u00f6mingu algust. Teenijapiigad tutvustavad k\u00f5iki roogi, mis laual on. Ka peatoidud tuuakse vaagnates ja kaussides ning k\u00fclalised saavad k\u00f5ike omavahel jagada. See tagab sotsiaalse suhtluse ja vabama \u00f5hkonna. K\u00f5ige l\u00f5puks tuuakse magusroog. S\u00f6\u00f6ming on v\u00e4hemalt kaks tundi kestev keskaegne pidus\u00f6\u00f6maaeg, mis kindlasti j\u00e4\u00e4b pikaks ajaks meelde.<\/p>\n","protected":false},"author":1,"featured_media":8969,"template":"","meta":{"_acf_changed":false,"_monsterinsights_skip_tracking":false,"_monsterinsights_sitenote_active":false,"_monsterinsights_sitenote_note":"","_monsterinsights_sitenote_category":0},"product_brand":[],"product_cat":[99],"product_tag":[],"class_list":{"0":"post-8883","1":"product","2":"type-product","3":"status-publish","4":"has-post-thumbnail","6":"product_cat-pidustused","8":"first","9":"instock","10":"downloadable","11":"virtual","12":"taxable","13":"purchasable","14":"product-type-simple"},"acf":[],"yoast_head":"<!-- This site is optimized with the Yoast SEO plugin v26.4 - https:\/\/yoast.com\/wordpress\/plugins\/seo\/ -->\n<title>Meisterkoka pidus\u00f6\u00f6ming | Shoppe by Olde Hansa<\/title>\n<meta name=\"robots\" content=\"index, follow, max-snippet:-1, max-image-preview:large, max-video-preview:-1\" \/>\n<link rel=\"canonical\" href=\"https:\/\/www.shoppe.ee\/et\/product\/meisterkoka-sooming\/\" \/>\n<meta property=\"og:locale\" content=\"et_EE\" \/>\n<meta property=\"og:type\" content=\"article\" \/>\n<meta property=\"og:title\" content=\"Meisterkoka pidus\u00f6\u00f6ming | Shoppe by Olde Hansa\" \/>\n<meta property=\"og:description\" content=\"Minimaalne osalejate arv 2 k\u00fclalist!   Peale ostu sooritamist reserveeri laud soovitud kuup\u00e4evaks ning teavita restorani soovist kasutada pakkumist &quot;Meisterkoka s\u00f6\u00f6ming&quot;.  S\u00f6\u00f6ming on keskaegsete traditsioonidega \u00f5htus\u00f6\u00f6k k\u00fcllusliku toiduvalikuga, mil h\u00f5rgutiste kogus on piiramatu\u2013tuuakse soovi korral juurde nii palju kui vaja. S\u00f6\u00f6ming algab k\u00e4tepesu rituaaliga, mille j\u00e4rel juhatatakse k\u00fclalised lauda, mis on juba eelroogadega kaetud. Enne s\u00f6\u00f6ma asumist valitakse seltskonnast lauaperemees, kes leivamurdmisega t\u00e4histab s\u00f6\u00f6mingu algust. Teenijapiigad tutvustavad k\u00f5iki roogi, mis laual on. Ka peatoidud tuuakse vaagnates ja kaussides ning k\u00fclalised saavad k\u00f5ike omavahel jagada. See tagab sotsiaalse suhtluse ja vabama \u00f5hkonna. K\u00f5ige l\u00f5puks tuuakse magusroog. S\u00f6\u00f6ming on v\u00e4hemalt kaks tundi kestev keskaegne pidus\u00f6\u00f6maaeg, mis kindlasti j\u00e4\u00e4b pikaks ajaks meelde.\" \/>\n<meta property=\"og:url\" content=\"https:\/\/www.shoppe.ee\/et\/product\/meisterkoka-sooming\/\" \/>\n<meta property=\"og:site_name\" content=\"Shoppe by Olde Hansa\" \/>\n<meta property=\"article:modified_time\" content=\"2024-08-05T08:56:33+00:00\" \/>\n<meta property=\"og:image\" content=\"https:\/\/www.shoppe.ee\/wp-content\/uploads\/2020\/09\/1000x1300-788x1024.png\" \/>\n\t<meta property=\"og:image:width\" content=\"788\" \/>\n\t<meta property=\"og:image:height\" content=\"1024\" \/>\n\t<meta property=\"og:image:type\" content=\"image\/png\" \/>\n<meta name=\"twitter:card\" content=\"summary_large_image\" \/>\n<script type=\"application\/ld+json\" class=\"yoast-schema-graph\">{\"@context\":\"https:\/\/schema.org\",\"@graph\":[{\"@type\":\"WebPage\",\"@id\":\"https:\/\/www.shoppe.ee\/et\/product\/meisterkoka-sooming\/\",\"url\":\"https:\/\/www.shoppe.ee\/et\/product\/meisterkoka-sooming\/\",\"name\":\"Meisterkoka pidus\u00f6\u00f6ming | Shoppe by Olde Hansa\",\"isPartOf\":{\"@id\":\"https:\/\/www.shoppe.ee\/ru\/#website\"},\"primaryImageOfPage\":{\"@id\":\"https:\/\/www.shoppe.ee\/et\/product\/meisterkoka-sooming\/#primaryimage\"},\"image\":{\"@id\":\"https:\/\/www.shoppe.ee\/et\/product\/meisterkoka-sooming\/#primaryimage\"},\"thumbnailUrl\":\"https:\/\/www.shoppe.ee\/wp-content\/uploads\/2020\/09\/1000x1300.png\",\"datePublished\":\"2020-09-21T16:40:17+00:00\",\"dateModified\":\"2024-08-05T08:56:33+00:00\",\"breadcrumb\":{\"@id\":\"https:\/\/www.shoppe.ee\/et\/product\/meisterkoka-sooming\/#breadcrumb\"},\"inLanguage\":\"et\",\"potentialAction\":[{\"@type\":\"ReadAction\",\"target\":[\"https:\/\/www.shoppe.ee\/et\/product\/meisterkoka-sooming\/\"]}]},{\"@type\":\"ImageObject\",\"inLanguage\":\"et\",\"@id\":\"https:\/\/www.shoppe.ee\/et\/product\/meisterkoka-sooming\/#primaryimage\",\"url\":\"https:\/\/www.shoppe.ee\/wp-content\/uploads\/2020\/09\/1000x1300.png\",\"contentUrl\":\"https:\/\/www.shoppe.ee\/wp-content\/uploads\/2020\/09\/1000x1300.png\",\"width\":1000,\"height\":1300},{\"@type\":\"BreadcrumbList\",\"@id\":\"https:\/\/www.shoppe.ee\/et\/product\/meisterkoka-sooming\/#breadcrumb\",\"itemListElement\":[{\"@type\":\"ListItem\",\"position\":1,\"name\":\"Home\",\"item\":\"https:\/\/www.shoppe.ee\/et\/\"},{\"@type\":\"ListItem\",\"position\":2,\"name\":\"Shop\",\"item\":\"https:\/\/www.shoppe.ee\/et\/shop\/\"},{\"@type\":\"ListItem\",\"position\":3,\"name\":\"Meisterkoka pidus\u00f6\u00f6ming\"}]},{\"@type\":\"WebSite\",\"@id\":\"https:\/\/www.shoppe.ee\/ru\/#website\",\"url\":\"https:\/\/www.shoppe.ee\/ru\/\",\"name\":\"Shoppe by Olde Hansa\",\"description\":\"Food is good :)\",\"potentialAction\":[{\"@type\":\"SearchAction\",\"target\":{\"@type\":\"EntryPoint\",\"urlTemplate\":\"https:\/\/www.shoppe.ee\/ru\/?s={search_term_string}\"},\"query-input\":{\"@type\":\"PropertyValueSpecification\",\"valueRequired\":true,\"valueName\":\"search_term_string\"}}],\"inLanguage\":\"et\"}]}<\/script>\n<!-- \/ Yoast SEO plugin. -->","yoast_head_json":{"title":"Meisterkoka pidus\u00f6\u00f6ming | Shoppe by Olde Hansa","robots":{"index":"index","follow":"follow","max-snippet":"max-snippet:-1","max-image-preview":"max-image-preview:large","max-video-preview":"max-video-preview:-1"},"canonical":"https:\/\/www.shoppe.ee\/et\/product\/meisterkoka-sooming\/","og_locale":"et_EE","og_type":"article","og_title":"Meisterkoka pidus\u00f6\u00f6ming | Shoppe by Olde Hansa","og_description":"Minimaalne osalejate arv 2 k\u00fclalist!   Peale ostu sooritamist reserveeri laud soovitud kuup\u00e4evaks ning teavita restorani soovist kasutada pakkumist \"Meisterkoka s\u00f6\u00f6ming\".  S\u00f6\u00f6ming on keskaegsete traditsioonidega \u00f5htus\u00f6\u00f6k k\u00fcllusliku toiduvalikuga, mil h\u00f5rgutiste kogus on piiramatu\u2013tuuakse soovi korral juurde nii palju kui vaja. S\u00f6\u00f6ming algab k\u00e4tepesu rituaaliga, mille j\u00e4rel juhatatakse k\u00fclalised lauda, mis on juba eelroogadega kaetud. Enne s\u00f6\u00f6ma asumist valitakse seltskonnast lauaperemees, kes leivamurdmisega t\u00e4histab s\u00f6\u00f6mingu algust. Teenijapiigad tutvustavad k\u00f5iki roogi, mis laual on. Ka peatoidud tuuakse vaagnates ja kaussides ning k\u00fclalised saavad k\u00f5ike omavahel jagada. See tagab sotsiaalse suhtluse ja vabama \u00f5hkonna. K\u00f5ige l\u00f5puks tuuakse magusroog. S\u00f6\u00f6ming on v\u00e4hemalt kaks tundi kestev keskaegne pidus\u00f6\u00f6maaeg, mis kindlasti j\u00e4\u00e4b pikaks ajaks meelde.","og_url":"https:\/\/www.shoppe.ee\/et\/product\/meisterkoka-sooming\/","og_site_name":"Shoppe by Olde Hansa","article_modified_time":"2024-08-05T08:56:33+00:00","og_image":[{"width":788,"height":1024,"url":"https:\/\/www.shoppe.ee\/wp-content\/uploads\/2020\/09\/1000x1300-788x1024.png","type":"image\/png"}],"twitter_card":"summary_large_image","schema":{"@context":"https:\/\/schema.org","@graph":[{"@type":"WebPage","@id":"https:\/\/www.shoppe.ee\/et\/product\/meisterkoka-sooming\/","url":"https:\/\/www.shoppe.ee\/et\/product\/meisterkoka-sooming\/","name":"Meisterkoka pidus\u00f6\u00f6ming | Shoppe by Olde Hansa","isPartOf":{"@id":"https:\/\/www.shoppe.ee\/ru\/#website"},"primaryImageOfPage":{"@id":"https:\/\/www.shoppe.ee\/et\/product\/meisterkoka-sooming\/#primaryimage"},"image":{"@id":"https:\/\/www.shoppe.ee\/et\/product\/meisterkoka-sooming\/#primaryimage"},"thumbnailUrl":"https:\/\/www.shoppe.ee\/wp-content\/uploads\/2020\/09\/1000x1300.png","datePublished":"2020-09-21T16:40:17+00:00","dateModified":"2024-08-05T08:56:33+00:00","breadcrumb":{"@id":"https:\/\/www.shoppe.ee\/et\/product\/meisterkoka-sooming\/#breadcrumb"},"inLanguage":"et","potentialAction":[{"@type":"ReadAction","target":["https:\/\/www.shoppe.ee\/et\/product\/meisterkoka-sooming\/"]}]},{"@type":"ImageObject","inLanguage":"et","@id":"https:\/\/www.shoppe.ee\/et\/product\/meisterkoka-sooming\/#primaryimage","url":"https:\/\/www.shoppe.ee\/wp-content\/uploads\/2020\/09\/1000x1300.png","contentUrl":"https:\/\/www.shoppe.ee\/wp-content\/uploads\/2020\/09\/1000x1300.png","width":1000,"height":1300},{"@type":"BreadcrumbList","@id":"https:\/\/www.shoppe.ee\/et\/product\/meisterkoka-sooming\/#breadcrumb","itemListElement":[{"@type":"ListItem","position":1,"name":"Home","item":"https:\/\/www.shoppe.ee\/et\/"},{"@type":"ListItem","position":2,"name":"Shop","item":"https:\/\/www.shoppe.ee\/et\/shop\/"},{"@type":"ListItem","position":3,"name":"Meisterkoka pidus\u00f6\u00f6ming"}]},{"@type":"WebSite","@id":"https:\/\/www.shoppe.ee\/ru\/#website","url":"https:\/\/www.shoppe.ee\/ru\/","name":"Shoppe by Olde Hansa","description":"Food is good :)","potentialAction":[{"@type":"SearchAction","target":{"@type":"EntryPoint","urlTemplate":"https:\/\/www.shoppe.ee\/ru\/?s={search_term_string}"},"query-input":{"@type":"PropertyValueSpecification","valueRequired":true,"valueName":"search_term_string"}}],"inLanguage":"et"}]}},"_links":{"self":[{"href":"https:\/\/www.shoppe.ee\/et\/wp-json\/wp\/v2\/product\/8883","targetHints":{"allow":["GET"]}}],"collection":[{"href":"https:\/\/www.shoppe.ee\/et\/wp-json\/wp\/v2\/product"}],"about":[{"href":"https:\/\/www.shoppe.ee\/et\/wp-json\/wp\/v2\/types\/product"}],"author":[{"embeddable":true,"href":"https:\/\/www.shoppe.ee\/et\/wp-json\/wp\/v2\/users\/1"}],"wp:featuredmedia":[{"embeddable":true,"href":"https:\/\/www.shoppe.ee\/et\/wp-json\/wp\/v2\/media\/8969"}],"wp:attachment":[{"href":"https:\/\/www.shoppe.ee\/et\/wp-json\/wp\/v2\/media?parent=8883"}],"wp:term":[{"taxonomy":"product_brand","embeddable":true,"href":"https:\/\/www.shoppe.ee\/et\/wp-json\/wp\/v2\/product_brand?post=8883"},{"taxonomy":"product_cat","embeddable":true,"href":"https:\/\/www.shoppe.ee\/et\/wp-json\/wp\/v2\/product_cat?post=8883"},{"taxonomy":"product_tag","embeddable":true,"href":"https:\/\/www.shoppe.ee\/et\/wp-json\/wp\/v2\/product_tag?post=8883"}],"curies":[{"name":"wp","href":"https:\/\/api.w.org\/{rel}","templated":true}]}}