{"id":7773,"date":"2020-03-19T11:03:31","date_gmt":"2020-03-19T09:03:31","guid":{"rendered":"https:\/\/www.shoppe.ee\/?post_type=product&#038;p=7773"},"modified":"2022-10-20T14:33:49","modified_gmt":"2022-10-20T12:33:49","slug":"kuuslaugu","status":"publish","type":"product","link":"https:\/\/www.shoppe.ee\/et\/product\/kuuslaugu\/","title":{"rendered":"K\u00fc\u00fcslagumandlid &#8211; 90 grammi"},"content":{"rendered":"","protected":false},"excerpt":{"rendered":"<p>H\u00f5rgutava mandlimaiuse valmistamisel kasutavad meie meisterkokad 14. sajandi retsepte. Maius tagab maitseelamuse ja aitab 15. sajandi koka ja filosoofi Bartolomeo Sacchi s\u00f5nade kohaselt ka purju j\u00e4\u00e4mist \u00e4ra hoida.<\/p>\n<p>Koostisosad: r\u00f6stitud MANDLID (85%), k\u00fc\u00fcslauk (6,4%), suhkur, sool,<br \/>\nsuitsutus-preparaat (kuiv gl\u00fckoosisiirup, p\u00e4rmiekstrakt, SELLER,<br \/>\nLAKTOOS, suitsu l\u00f5hna- ja maitseaine, maitsetugevdaja (E621), v\u00fcrtsid, happesuse regulaator-sidrunhape.<\/p>\n<p>Toitumisalane teave\/ Nutrional value 100 g<br \/>\nEnergia\/Energy 620 kcal \/ 2566 kJ<br \/>\nRasvad\/ Fat 53,3 g<br \/>\nmillest k\u00fcllastunud rasvhapped\/ of which saturates 4,3 g<br \/>\nS\u00fcsivesikud\/Carbohydrate 11,7 g<br \/>\nmillest suhkruid\/of which sugars 8,4 g<br \/>\nValgud\/Protein 19,8 g<br \/>\nSool\/Salt 1,2 g<\/p>\n","protected":false},"author":1,"featured_media":3907,"template":"","meta":{"_acf_changed":false,"_monsterinsights_skip_tracking":false,"_monsterinsights_sitenote_active":false,"_monsterinsights_sitenote_note":"","_monsterinsights_sitenote_category":0},"product_brand":[],"product_cat":[114],"product_tag":[],"class_list":{"0":"post-7773","1":"product","2":"type-product","3":"status-publish","4":"has-post-thumbnail","6":"product_cat-maitsed","7":"product_shipping_class-small-product-et-2","9":"first","10":"instock","11":"featured","12":"taxable","13":"shipping-taxable","14":"purchasable","15":"product-type-simple"},"acf":[],"yoast_head":"<!-- This site is optimized with the Yoast SEO plugin v26.4 - https:\/\/yoast.com\/wordpress\/plugins\/seo\/ -->\n<title>K\u00fc\u00fcslagumandlid - 90 grammi | Shoppe by Olde Hansa<\/title>\n<meta name=\"robots\" content=\"index, follow, max-snippet:-1, max-image-preview:large, max-video-preview:-1\" \/>\n<link rel=\"canonical\" href=\"https:\/\/www.shoppe.ee\/et\/product\/kuuslaugu\/\" \/>\n<meta property=\"og:locale\" content=\"et_EE\" \/>\n<meta property=\"og:type\" content=\"article\" \/>\n<meta property=\"og:title\" content=\"K\u00fc\u00fcslagumandlid - 90 grammi | Shoppe by Olde Hansa\" \/>\n<meta property=\"og:description\" content=\"H\u00f5rgutava mandlimaiuse valmistamisel kasutavad meie meisterkokad 14. sajandi retsepte. Maius tagab maitseelamuse ja aitab 15. sajandi koka ja filosoofi Bartolomeo Sacchi s\u00f5nade kohaselt ka purju j\u00e4\u00e4mist \u00e4ra hoida.  Koostisosad: r\u00f6stitud MANDLID (85%), k\u00fc\u00fcslauk (6,4%), suhkur, sool, suitsutus-preparaat (kuiv gl\u00fckoosisiirup, p\u00e4rmiekstrakt, SELLER, LAKTOOS, suitsu l\u00f5hna- ja maitseaine, maitsetugevdaja (E621), v\u00fcrtsid, happesuse regulaator-sidrunhape.  Toitumisalane teave\/ Nutrional value 100 g Energia\/Energy 620 kcal \/ 2566 kJ Rasvad\/ Fat 53,3 g millest k\u00fcllastunud rasvhapped\/ of which saturates 4,3 g S\u00fcsivesikud\/Carbohydrate 11,7 g millest suhkruid\/of which sugars 8,4 g Valgud\/Protein 19,8 g Sool\/Salt 1,2 g\" \/>\n<meta property=\"og:url\" content=\"https:\/\/www.shoppe.ee\/et\/product\/kuuslaugu\/\" \/>\n<meta property=\"og:site_name\" content=\"Shoppe by Olde Hansa\" \/>\n<meta property=\"article:modified_time\" content=\"2022-10-20T12:33:49+00:00\" \/>\n<meta property=\"og:image\" content=\"https:\/\/www.shoppe.ee\/wp-content\/uploads\/2018\/07\/tuutud.jpg\" \/>\n\t<meta property=\"og:image:width\" content=\"1200\" \/>\n\t<meta property=\"og:image:height\" content=\"1200\" \/>\n\t<meta property=\"og:image:type\" content=\"image\/jpeg\" \/>\n<meta name=\"twitter:card\" content=\"summary_large_image\" \/>\n<script type=\"application\/ld+json\" class=\"yoast-schema-graph\">{\"@context\":\"https:\/\/schema.org\",\"@graph\":[{\"@type\":\"WebPage\",\"@id\":\"https:\/\/www.shoppe.ee\/et\/product\/kuuslaugu\/\",\"url\":\"https:\/\/www.shoppe.ee\/et\/product\/kuuslaugu\/\",\"name\":\"K\u00fc\u00fcslagumandlid - 90 grammi | Shoppe by Olde Hansa\",\"isPartOf\":{\"@id\":\"https:\/\/www.shoppe.ee\/ru\/#website\"},\"primaryImageOfPage\":{\"@id\":\"https:\/\/www.shoppe.ee\/et\/product\/kuuslaugu\/#primaryimage\"},\"image\":{\"@id\":\"https:\/\/www.shoppe.ee\/et\/product\/kuuslaugu\/#primaryimage\"},\"thumbnailUrl\":\"https:\/\/www.shoppe.ee\/wp-content\/uploads\/2018\/07\/tuutud.jpg\",\"datePublished\":\"2020-03-19T09:03:31+00:00\",\"dateModified\":\"2022-10-20T12:33:49+00:00\",\"breadcrumb\":{\"@id\":\"https:\/\/www.shoppe.ee\/et\/product\/kuuslaugu\/#breadcrumb\"},\"inLanguage\":\"et\",\"potentialAction\":[{\"@type\":\"ReadAction\",\"target\":[\"https:\/\/www.shoppe.ee\/et\/product\/kuuslaugu\/\"]}]},{\"@type\":\"ImageObject\",\"inLanguage\":\"et\",\"@id\":\"https:\/\/www.shoppe.ee\/et\/product\/kuuslaugu\/#primaryimage\",\"url\":\"https:\/\/www.shoppe.ee\/wp-content\/uploads\/2018\/07\/tuutud.jpg\",\"contentUrl\":\"https:\/\/www.shoppe.ee\/wp-content\/uploads\/2018\/07\/tuutud.jpg\",\"width\":1200,\"height\":1200},{\"@type\":\"BreadcrumbList\",\"@id\":\"https:\/\/www.shoppe.ee\/et\/product\/kuuslaugu\/#breadcrumb\",\"itemListElement\":[{\"@type\":\"ListItem\",\"position\":1,\"name\":\"Home\",\"item\":\"https:\/\/www.shoppe.ee\/et\/\"},{\"@type\":\"ListItem\",\"position\":2,\"name\":\"Shop\",\"item\":\"https:\/\/www.shoppe.ee\/et\/shop\/\"},{\"@type\":\"ListItem\",\"position\":3,\"name\":\"K\u00fc\u00fcslagumandlid &#8211; 90 grammi\"}]},{\"@type\":\"WebSite\",\"@id\":\"https:\/\/www.shoppe.ee\/ru\/#website\",\"url\":\"https:\/\/www.shoppe.ee\/ru\/\",\"name\":\"Shoppe by Olde Hansa\",\"description\":\"Food is good :)\",\"potentialAction\":[{\"@type\":\"SearchAction\",\"target\":{\"@type\":\"EntryPoint\",\"urlTemplate\":\"https:\/\/www.shoppe.ee\/ru\/?s={search_term_string}\"},\"query-input\":{\"@type\":\"PropertyValueSpecification\",\"valueRequired\":true,\"valueName\":\"search_term_string\"}}],\"inLanguage\":\"et\"}]}<\/script>\n<!-- \/ Yoast SEO plugin. -->","yoast_head_json":{"title":"K\u00fc\u00fcslagumandlid - 90 grammi | Shoppe by Olde Hansa","robots":{"index":"index","follow":"follow","max-snippet":"max-snippet:-1","max-image-preview":"max-image-preview:large","max-video-preview":"max-video-preview:-1"},"canonical":"https:\/\/www.shoppe.ee\/et\/product\/kuuslaugu\/","og_locale":"et_EE","og_type":"article","og_title":"K\u00fc\u00fcslagumandlid - 90 grammi | Shoppe by Olde Hansa","og_description":"H\u00f5rgutava mandlimaiuse valmistamisel kasutavad meie meisterkokad 14. sajandi retsepte. Maius tagab maitseelamuse ja aitab 15. sajandi koka ja filosoofi Bartolomeo Sacchi s\u00f5nade kohaselt ka purju j\u00e4\u00e4mist \u00e4ra hoida.  Koostisosad: r\u00f6stitud MANDLID (85%), k\u00fc\u00fcslauk (6,4%), suhkur, sool, suitsutus-preparaat (kuiv gl\u00fckoosisiirup, p\u00e4rmiekstrakt, SELLER, LAKTOOS, suitsu l\u00f5hna- ja maitseaine, maitsetugevdaja (E621), v\u00fcrtsid, happesuse regulaator-sidrunhape.  Toitumisalane teave\/ Nutrional value 100 g Energia\/Energy 620 kcal \/ 2566 kJ Rasvad\/ Fat 53,3 g millest k\u00fcllastunud rasvhapped\/ of which saturates 4,3 g S\u00fcsivesikud\/Carbohydrate 11,7 g millest suhkruid\/of which sugars 8,4 g Valgud\/Protein 19,8 g Sool\/Salt 1,2 g","og_url":"https:\/\/www.shoppe.ee\/et\/product\/kuuslaugu\/","og_site_name":"Shoppe by Olde Hansa","article_modified_time":"2022-10-20T12:33:49+00:00","og_image":[{"width":1200,"height":1200,"url":"https:\/\/www.shoppe.ee\/wp-content\/uploads\/2018\/07\/tuutud.jpg","type":"image\/jpeg"}],"twitter_card":"summary_large_image","schema":{"@context":"https:\/\/schema.org","@graph":[{"@type":"WebPage","@id":"https:\/\/www.shoppe.ee\/et\/product\/kuuslaugu\/","url":"https:\/\/www.shoppe.ee\/et\/product\/kuuslaugu\/","name":"K\u00fc\u00fcslagumandlid - 90 grammi | Shoppe by Olde Hansa","isPartOf":{"@id":"https:\/\/www.shoppe.ee\/ru\/#website"},"primaryImageOfPage":{"@id":"https:\/\/www.shoppe.ee\/et\/product\/kuuslaugu\/#primaryimage"},"image":{"@id":"https:\/\/www.shoppe.ee\/et\/product\/kuuslaugu\/#primaryimage"},"thumbnailUrl":"https:\/\/www.shoppe.ee\/wp-content\/uploads\/2018\/07\/tuutud.jpg","datePublished":"2020-03-19T09:03:31+00:00","dateModified":"2022-10-20T12:33:49+00:00","breadcrumb":{"@id":"https:\/\/www.shoppe.ee\/et\/product\/kuuslaugu\/#breadcrumb"},"inLanguage":"et","potentialAction":[{"@type":"ReadAction","target":["https:\/\/www.shoppe.ee\/et\/product\/kuuslaugu\/"]}]},{"@type":"ImageObject","inLanguage":"et","@id":"https:\/\/www.shoppe.ee\/et\/product\/kuuslaugu\/#primaryimage","url":"https:\/\/www.shoppe.ee\/wp-content\/uploads\/2018\/07\/tuutud.jpg","contentUrl":"https:\/\/www.shoppe.ee\/wp-content\/uploads\/2018\/07\/tuutud.jpg","width":1200,"height":1200},{"@type":"BreadcrumbList","@id":"https:\/\/www.shoppe.ee\/et\/product\/kuuslaugu\/#breadcrumb","itemListElement":[{"@type":"ListItem","position":1,"name":"Home","item":"https:\/\/www.shoppe.ee\/et\/"},{"@type":"ListItem","position":2,"name":"Shop","item":"https:\/\/www.shoppe.ee\/et\/shop\/"},{"@type":"ListItem","position":3,"name":"K\u00fc\u00fcslagumandlid &#8211; 90 grammi"}]},{"@type":"WebSite","@id":"https:\/\/www.shoppe.ee\/ru\/#website","url":"https:\/\/www.shoppe.ee\/ru\/","name":"Shoppe by Olde Hansa","description":"Food is good :)","potentialAction":[{"@type":"SearchAction","target":{"@type":"EntryPoint","urlTemplate":"https:\/\/www.shoppe.ee\/ru\/?s={search_term_string}"},"query-input":{"@type":"PropertyValueSpecification","valueRequired":true,"valueName":"search_term_string"}}],"inLanguage":"et"}]}},"_links":{"self":[{"href":"https:\/\/www.shoppe.ee\/et\/wp-json\/wp\/v2\/product\/7773","targetHints":{"allow":["GET"]}}],"collection":[{"href":"https:\/\/www.shoppe.ee\/et\/wp-json\/wp\/v2\/product"}],"about":[{"href":"https:\/\/www.shoppe.ee\/et\/wp-json\/wp\/v2\/types\/product"}],"author":[{"embeddable":true,"href":"https:\/\/www.shoppe.ee\/et\/wp-json\/wp\/v2\/users\/1"}],"wp:featuredmedia":[{"embeddable":true,"href":"https:\/\/www.shoppe.ee\/et\/wp-json\/wp\/v2\/media\/3907"}],"wp:attachment":[{"href":"https:\/\/www.shoppe.ee\/et\/wp-json\/wp\/v2\/media?parent=7773"}],"wp:term":[{"taxonomy":"product_brand","embeddable":true,"href":"https:\/\/www.shoppe.ee\/et\/wp-json\/wp\/v2\/product_brand?post=7773"},{"taxonomy":"product_cat","embeddable":true,"href":"https:\/\/www.shoppe.ee\/et\/wp-json\/wp\/v2\/product_cat?post=7773"},{"taxonomy":"product_tag","embeddable":true,"href":"https:\/\/www.shoppe.ee\/et\/wp-json\/wp\/v2\/product_tag?post=7773"}],"curies":[{"name":"wp","href":"https:\/\/api.w.org\/{rel}","templated":true}]}}