{"id":7764,"date":"2020-03-19T11:00:09","date_gmt":"2020-03-19T09:00:09","guid":{"rendered":"https:\/\/www.shoppe.ee\/?post_type=product&#038;p=7764"},"modified":"2022-10-20T14:34:58","modified_gmt":"2022-10-20T12:34:58","slug":"suitusmandel","status":"publish","type":"product","link":"https:\/\/www.shoppe.ee\/et\/product\/suitusmandel\/","title":{"rendered":"Suitsumandlid &#8211; 90 grammi"},"content":{"rendered":"","protected":false},"excerpt":{"rendered":"<p>H\u00f5rgutava mandlimaiuse valmistamisel kasutavad meie meisterkokad 14. sajandi retsepte. Maius tagab maitseelamuse ja aitab 15. sajandi koka ja filosoofi Bartolomeo Sacchi s\u00f5nade kohaselt ka purju j\u00e4\u00e4mist \u00e4ra hoida.<\/p>\n<p>Koostisosad: r\u00f6stitud MANDLID (85%), suitsutus-preparaat 5,3% (kuiv<br \/>\ngl\u00fckoosisiirup, p\u00e4rmiekstrakt, SELLER, LAKTOOS, suitsu l\u00f5hna- ja maitseaine,<br \/>\nmaitsetugevdaja (E621), suhkur, sool, pipar, riisiveini-\u00e4\u00e4dikas.<\/p>\n<p>Toitumisalane teave\/ Nutrional value 100 g<br \/>\nEnergia\/Energy 611 kcal \/ 2526 kJ<br \/>\nRasvad\/ Fat 51,9 g<br \/>\nmillest k\u00fcllastunud rasvhappeid\/ of which saturates 3,9 g<br \/>\nS\u00fcsivesikud\/Carbohydrate 11,6 g<br \/>\nmillest suhkruid\/of which sugars 8,4 g<br \/>\nValgud\/Protein 20,8 g<br \/>\nSool\/Salt 3,5 g<\/p>\n","protected":false},"author":1,"featured_media":3907,"template":"","meta":{"_acf_changed":false,"_monsterinsights_skip_tracking":false,"_monsterinsights_sitenote_active":false,"_monsterinsights_sitenote_note":"","_monsterinsights_sitenote_category":0},"product_brand":[],"product_cat":[114],"product_tag":[],"class_list":{"0":"post-7764","1":"product","2":"type-product","3":"status-publish","4":"has-post-thumbnail","6":"product_cat-maitsed","7":"product_shipping_class-small-product-et-2","9":"first","10":"instock","11":"featured","12":"taxable","13":"shipping-taxable","14":"purchasable","15":"product-type-simple"},"acf":[],"yoast_head":"<!-- This site is optimized with the Yoast SEO plugin v26.4 - https:\/\/yoast.com\/wordpress\/plugins\/seo\/ -->\n<title>Suitsumandlid - 90 grammi | Shoppe by Olde Hansa<\/title>\n<meta name=\"robots\" content=\"index, follow, max-snippet:-1, max-image-preview:large, max-video-preview:-1\" \/>\n<link rel=\"canonical\" href=\"https:\/\/www.shoppe.ee\/et\/product\/suitusmandel\/\" \/>\n<meta property=\"og:locale\" content=\"et_EE\" \/>\n<meta property=\"og:type\" content=\"article\" \/>\n<meta property=\"og:title\" content=\"Suitsumandlid - 90 grammi | Shoppe by Olde Hansa\" \/>\n<meta property=\"og:description\" content=\"H\u00f5rgutava mandlimaiuse valmistamisel kasutavad meie meisterkokad 14. sajandi retsepte. Maius tagab maitseelamuse ja aitab 15. sajandi koka ja filosoofi Bartolomeo Sacchi s\u00f5nade kohaselt ka purju j\u00e4\u00e4mist \u00e4ra hoida.  Koostisosad: r\u00f6stitud MANDLID (85%), suitsutus-preparaat 5,3% (kuiv gl\u00fckoosisiirup, p\u00e4rmiekstrakt, SELLER, LAKTOOS, suitsu l\u00f5hna- ja maitseaine, maitsetugevdaja (E621), suhkur, sool, pipar, riisiveini-\u00e4\u00e4dikas.  Toitumisalane teave\/ Nutrional value 100 g Energia\/Energy 611 kcal \/ 2526 kJ Rasvad\/ Fat 51,9 g millest k\u00fcllastunud rasvhappeid\/ of which saturates 3,9 g S\u00fcsivesikud\/Carbohydrate 11,6 g millest suhkruid\/of which sugars 8,4 g Valgud\/Protein 20,8 g Sool\/Salt 3,5 g\" \/>\n<meta property=\"og:url\" content=\"https:\/\/www.shoppe.ee\/et\/product\/suitusmandel\/\" \/>\n<meta property=\"og:site_name\" content=\"Shoppe by Olde Hansa\" \/>\n<meta property=\"article:modified_time\" content=\"2022-10-20T12:34:58+00:00\" \/>\n<meta property=\"og:image\" content=\"https:\/\/www.shoppe.ee\/wp-content\/uploads\/2018\/07\/tuutud.jpg\" \/>\n\t<meta property=\"og:image:width\" content=\"1200\" \/>\n\t<meta property=\"og:image:height\" content=\"1200\" \/>\n\t<meta property=\"og:image:type\" content=\"image\/jpeg\" \/>\n<meta name=\"twitter:card\" content=\"summary_large_image\" \/>\n<script type=\"application\/ld+json\" class=\"yoast-schema-graph\">{\"@context\":\"https:\/\/schema.org\",\"@graph\":[{\"@type\":\"WebPage\",\"@id\":\"https:\/\/www.shoppe.ee\/et\/product\/suitusmandel\/\",\"url\":\"https:\/\/www.shoppe.ee\/et\/product\/suitusmandel\/\",\"name\":\"Suitsumandlid - 90 grammi | Shoppe by Olde Hansa\",\"isPartOf\":{\"@id\":\"https:\/\/www.shoppe.ee\/ru\/#website\"},\"primaryImageOfPage\":{\"@id\":\"https:\/\/www.shoppe.ee\/et\/product\/suitusmandel\/#primaryimage\"},\"image\":{\"@id\":\"https:\/\/www.shoppe.ee\/et\/product\/suitusmandel\/#primaryimage\"},\"thumbnailUrl\":\"https:\/\/www.shoppe.ee\/wp-content\/uploads\/2018\/07\/tuutud.jpg\",\"datePublished\":\"2020-03-19T09:00:09+00:00\",\"dateModified\":\"2022-10-20T12:34:58+00:00\",\"breadcrumb\":{\"@id\":\"https:\/\/www.shoppe.ee\/et\/product\/suitusmandel\/#breadcrumb\"},\"inLanguage\":\"et\",\"potentialAction\":[{\"@type\":\"ReadAction\",\"target\":[\"https:\/\/www.shoppe.ee\/et\/product\/suitusmandel\/\"]}]},{\"@type\":\"ImageObject\",\"inLanguage\":\"et\",\"@id\":\"https:\/\/www.shoppe.ee\/et\/product\/suitusmandel\/#primaryimage\",\"url\":\"https:\/\/www.shoppe.ee\/wp-content\/uploads\/2018\/07\/tuutud.jpg\",\"contentUrl\":\"https:\/\/www.shoppe.ee\/wp-content\/uploads\/2018\/07\/tuutud.jpg\",\"width\":1200,\"height\":1200},{\"@type\":\"BreadcrumbList\",\"@id\":\"https:\/\/www.shoppe.ee\/et\/product\/suitusmandel\/#breadcrumb\",\"itemListElement\":[{\"@type\":\"ListItem\",\"position\":1,\"name\":\"Home\",\"item\":\"https:\/\/www.shoppe.ee\/et\/\"},{\"@type\":\"ListItem\",\"position\":2,\"name\":\"Shop\",\"item\":\"https:\/\/www.shoppe.ee\/et\/shop\/\"},{\"@type\":\"ListItem\",\"position\":3,\"name\":\"Suitsumandlid &#8211; 90 grammi\"}]},{\"@type\":\"WebSite\",\"@id\":\"https:\/\/www.shoppe.ee\/ru\/#website\",\"url\":\"https:\/\/www.shoppe.ee\/ru\/\",\"name\":\"Shoppe by Olde Hansa\",\"description\":\"Food is good :)\",\"potentialAction\":[{\"@type\":\"SearchAction\",\"target\":{\"@type\":\"EntryPoint\",\"urlTemplate\":\"https:\/\/www.shoppe.ee\/ru\/?s={search_term_string}\"},\"query-input\":{\"@type\":\"PropertyValueSpecification\",\"valueRequired\":true,\"valueName\":\"search_term_string\"}}],\"inLanguage\":\"et\"}]}<\/script>\n<!-- \/ Yoast SEO plugin. -->","yoast_head_json":{"title":"Suitsumandlid - 90 grammi | Shoppe by Olde Hansa","robots":{"index":"index","follow":"follow","max-snippet":"max-snippet:-1","max-image-preview":"max-image-preview:large","max-video-preview":"max-video-preview:-1"},"canonical":"https:\/\/www.shoppe.ee\/et\/product\/suitusmandel\/","og_locale":"et_EE","og_type":"article","og_title":"Suitsumandlid - 90 grammi | Shoppe by Olde Hansa","og_description":"H\u00f5rgutava mandlimaiuse valmistamisel kasutavad meie meisterkokad 14. sajandi retsepte. Maius tagab maitseelamuse ja aitab 15. sajandi koka ja filosoofi Bartolomeo Sacchi s\u00f5nade kohaselt ka purju j\u00e4\u00e4mist \u00e4ra hoida.  Koostisosad: r\u00f6stitud MANDLID (85%), suitsutus-preparaat 5,3% (kuiv gl\u00fckoosisiirup, p\u00e4rmiekstrakt, SELLER, LAKTOOS, suitsu l\u00f5hna- ja maitseaine, maitsetugevdaja (E621), suhkur, sool, pipar, riisiveini-\u00e4\u00e4dikas.  Toitumisalane teave\/ Nutrional value 100 g Energia\/Energy 611 kcal \/ 2526 kJ Rasvad\/ Fat 51,9 g millest k\u00fcllastunud rasvhappeid\/ of which saturates 3,9 g S\u00fcsivesikud\/Carbohydrate 11,6 g millest suhkruid\/of which sugars 8,4 g Valgud\/Protein 20,8 g Sool\/Salt 3,5 g","og_url":"https:\/\/www.shoppe.ee\/et\/product\/suitusmandel\/","og_site_name":"Shoppe by Olde Hansa","article_modified_time":"2022-10-20T12:34:58+00:00","og_image":[{"width":1200,"height":1200,"url":"https:\/\/www.shoppe.ee\/wp-content\/uploads\/2018\/07\/tuutud.jpg","type":"image\/jpeg"}],"twitter_card":"summary_large_image","schema":{"@context":"https:\/\/schema.org","@graph":[{"@type":"WebPage","@id":"https:\/\/www.shoppe.ee\/et\/product\/suitusmandel\/","url":"https:\/\/www.shoppe.ee\/et\/product\/suitusmandel\/","name":"Suitsumandlid - 90 grammi | Shoppe by Olde Hansa","isPartOf":{"@id":"https:\/\/www.shoppe.ee\/ru\/#website"},"primaryImageOfPage":{"@id":"https:\/\/www.shoppe.ee\/et\/product\/suitusmandel\/#primaryimage"},"image":{"@id":"https:\/\/www.shoppe.ee\/et\/product\/suitusmandel\/#primaryimage"},"thumbnailUrl":"https:\/\/www.shoppe.ee\/wp-content\/uploads\/2018\/07\/tuutud.jpg","datePublished":"2020-03-19T09:00:09+00:00","dateModified":"2022-10-20T12:34:58+00:00","breadcrumb":{"@id":"https:\/\/www.shoppe.ee\/et\/product\/suitusmandel\/#breadcrumb"},"inLanguage":"et","potentialAction":[{"@type":"ReadAction","target":["https:\/\/www.shoppe.ee\/et\/product\/suitusmandel\/"]}]},{"@type":"ImageObject","inLanguage":"et","@id":"https:\/\/www.shoppe.ee\/et\/product\/suitusmandel\/#primaryimage","url":"https:\/\/www.shoppe.ee\/wp-content\/uploads\/2018\/07\/tuutud.jpg","contentUrl":"https:\/\/www.shoppe.ee\/wp-content\/uploads\/2018\/07\/tuutud.jpg","width":1200,"height":1200},{"@type":"BreadcrumbList","@id":"https:\/\/www.shoppe.ee\/et\/product\/suitusmandel\/#breadcrumb","itemListElement":[{"@type":"ListItem","position":1,"name":"Home","item":"https:\/\/www.shoppe.ee\/et\/"},{"@type":"ListItem","position":2,"name":"Shop","item":"https:\/\/www.shoppe.ee\/et\/shop\/"},{"@type":"ListItem","position":3,"name":"Suitsumandlid &#8211; 90 grammi"}]},{"@type":"WebSite","@id":"https:\/\/www.shoppe.ee\/ru\/#website","url":"https:\/\/www.shoppe.ee\/ru\/","name":"Shoppe by Olde Hansa","description":"Food is good :)","potentialAction":[{"@type":"SearchAction","target":{"@type":"EntryPoint","urlTemplate":"https:\/\/www.shoppe.ee\/ru\/?s={search_term_string}"},"query-input":{"@type":"PropertyValueSpecification","valueRequired":true,"valueName":"search_term_string"}}],"inLanguage":"et"}]}},"_links":{"self":[{"href":"https:\/\/www.shoppe.ee\/et\/wp-json\/wp\/v2\/product\/7764","targetHints":{"allow":["GET"]}}],"collection":[{"href":"https:\/\/www.shoppe.ee\/et\/wp-json\/wp\/v2\/product"}],"about":[{"href":"https:\/\/www.shoppe.ee\/et\/wp-json\/wp\/v2\/types\/product"}],"author":[{"embeddable":true,"href":"https:\/\/www.shoppe.ee\/et\/wp-json\/wp\/v2\/users\/1"}],"wp:featuredmedia":[{"embeddable":true,"href":"https:\/\/www.shoppe.ee\/et\/wp-json\/wp\/v2\/media\/3907"}],"wp:attachment":[{"href":"https:\/\/www.shoppe.ee\/et\/wp-json\/wp\/v2\/media?parent=7764"}],"wp:term":[{"taxonomy":"product_brand","embeddable":true,"href":"https:\/\/www.shoppe.ee\/et\/wp-json\/wp\/v2\/product_brand?post=7764"},{"taxonomy":"product_cat","embeddable":true,"href":"https:\/\/www.shoppe.ee\/et\/wp-json\/wp\/v2\/product_cat?post=7764"},{"taxonomy":"product_tag","embeddable":true,"href":"https:\/\/www.shoppe.ee\/et\/wp-json\/wp\/v2\/product_tag?post=7764"}],"curies":[{"name":"wp","href":"https:\/\/api.w.org\/{rel}","templated":true}]}}