{"id":6401,"date":"2018-12-19T16:46:01","date_gmt":"2018-12-19T14:46:01","guid":{"rendered":"https:\/\/www.shoppe.ee\/?post_type=product&#038;p=6401"},"modified":"2019-12-09T10:52:17","modified_gmt":"2019-12-09T08:52:17","slug":"vana-aastaohtu-ohtusook-hortuses-lastepilet-2","status":"publish","type":"product","link":"https:\/\/www.shoppe.ee\/et\/product\/vana-aastaohtu-ohtusook-hortuses-lastepilet-2\/","title":{"rendered":"Vana-aasta\u00f5htu \u00f5htus\u00f6\u00f6k Kaupmehe Saalis lastepilet"},"content":{"rendered":"","protected":false},"excerpt":{"rendered":"<p>Ideaalne viis aasta k\u00f5ige imelisema \u00f5htu alustamiseks. Nagu k\u00f5lab keskaegne \u00fctlus: \u201eIga auline s\u00f6\u00f6gu sellel \u00f5htul v\u00e4hemalt 12 erinevat rooga.\u201d Tere tulemast!<br \/>\nRikkalik vana-aasta \u00f5htu pidus\u00f6\u00f6ming on j\u00f5uka kodu ehtne ja k\u00fclluslik keskaegne s\u00f6\u00f6maaeg, kus toitu kantakse lauda, kuni k\u00f5ik on s\u00f6\u00f6nud enam kui k\u00fcll<\/p>\n<ul>\n<li style=\"list-style-type: none;\">\n<ul>\n<li><strong>Rikkalikku s\u00f6\u00f6mingut<\/strong><\/li>\n<li><strong>3 klaasi vahuveini<\/strong><\/li>\n<li><strong>Mittealkohoolseid jooke<\/strong><\/li>\n<li><strong>\u00dcllatusroog<\/strong><\/li>\n<\/ul>\n<\/li>\n<\/ul>\n<p><strong>EELROOGADEKS PAKUME:<\/strong><br \/>\nPrantsuse \u00f5ukonna linnumaksah\u00f5rgutis<br \/>\nAndaluusia sultani l\u00f5he<br \/>\nEriti \u00f5nnistatud oliivipuu viljad<br \/>\nLiivimaa krahvi hapukurgid<br \/>\nPekileib<br \/>\n\u00dcrdi-p\u00e4hklisai<br \/>\nLossi toorjuust<br \/>\nSpinati- ja mandlim\u00e4\u00e4re kaugete maade v\u00fcrtsidega<\/p>\n<p><strong>PEAROAD:<\/strong><br \/>\n<strong><em>Esimene roog<\/em><\/strong><br \/>\nPraetud l\u00f5he p\u00e4hklikastmes<br \/>\n<strong><em>Teine roog<\/em><\/strong><br \/>\nUlukivorstid karu-, metssea- ja p\u00f5dralihast kokk Frederiku ette\u00fctlemise j\u00e4rgi tehtud<br \/>\n<strong><em>Kolmas roog<\/em><\/strong><br \/>\nVeneetsia Suur Pardijalg Safranikastmes<br \/>\n<strong>PEAROALE T\u00c4IENDUSEKS<\/strong><br \/>\nSuitsuhapukapsad<br \/>\nSafranispelta<br \/>\nIngverikaalikad<br \/>\nRistir\u00fc\u00fctlite l\u00e4\u00e4tsemuhedik<\/p>\n<p><strong>MAGUSAKS ROAKS<\/strong><br \/>\nHildegardi j\u00f5ulumaius<\/p>\n<p><strong>JOOGIPOOLIST<\/strong><br \/>\n3 klaasi vahuveini<br \/>\nallikavesi<br \/>\nkohvi v\u00f5i tee<\/p>\n<p><strong>JOOGIPOOLIST<\/strong><br \/>\n3 klaasi vahuveini<br \/>\nallikavesi<br \/>\nkohvi v\u00f5i tee<\/p>\n<p>Olde Hansa j\u00e4tab endale \u00f5iguse teha programmis muudatusi<\/p>\n","protected":false},"author":1,"featured_media":4165,"template":"","meta":{"_acf_changed":false,"_monsterinsights_skip_tracking":false,"_monsterinsights_sitenote_active":false,"_monsterinsights_sitenote_note":"","_monsterinsights_sitenote_category":0},"product_brand":[],"product_cat":[172],"product_tag":[],"class_list":{"0":"post-6401","1":"product","2":"type-product","3":"status-publish","4":"has-post-thumbnail","6":"product_cat-uncategorized-et","8":"first","9":"outofstock","10":"virtual","11":"purchasable","12":"product-type-simple"},"acf":[],"yoast_head":"<!-- This site is optimized with the Yoast SEO plugin v26.4 - https:\/\/yoast.com\/wordpress\/plugins\/seo\/ -->\n<title>Vana-aasta\u00f5htu \u00f5htus\u00f6\u00f6k Kaupmehe Saalis lastepilet | Shoppe by Olde Hansa<\/title>\n<meta name=\"robots\" content=\"index, follow, max-snippet:-1, max-image-preview:large, max-video-preview:-1\" \/>\n<link rel=\"canonical\" href=\"https:\/\/www.shoppe.ee\/et\/product\/vana-aastaohtu-ohtusook-hortuses-lastepilet-2\/\" \/>\n<meta property=\"og:locale\" content=\"et_EE\" \/>\n<meta property=\"og:type\" content=\"article\" \/>\n<meta property=\"og:title\" content=\"Vana-aasta\u00f5htu \u00f5htus\u00f6\u00f6k Kaupmehe Saalis lastepilet | Shoppe by Olde Hansa\" \/>\n<meta property=\"og:description\" content=\"Ideaalne viis aasta k\u00f5ige imelisema \u00f5htu alustamiseks. Nagu k\u00f5lab keskaegne \u00fctlus: \u201eIga auline s\u00f6\u00f6gu sellel \u00f5htul v\u00e4hemalt 12 erinevat rooga.\u201d Tere tulemast! Rikkalik vana-aasta \u00f5htu pidus\u00f6\u00f6ming on j\u00f5uka kodu ehtne ja k\u00fclluslik keskaegne s\u00f6\u00f6maaeg, kus toitu kantakse lauda, kuni k\u00f5ik on s\u00f6\u00f6nud enam kui k\u00fcll      Rikkalikku s\u00f6\u00f6mingut  3 klaasi vahuveini  Mittealkohoolseid jooke  \u00dcllatusroog    EELROOGADEKS PAKUME: Prantsuse \u00f5ukonna linnumaksah\u00f5rgutis Andaluusia sultani l\u00f5he Eriti \u00f5nnistatud oliivipuu viljad Liivimaa krahvi hapukurgid Pekileib \u00dcrdi-p\u00e4hklisai Lossi toorjuust Spinati- ja mandlim\u00e4\u00e4re kaugete maade v\u00fcrtsidega  PEAROAD: Esimene roog Praetud l\u00f5he p\u00e4hklikastmes Teine roog Ulukivorstid karu-, metssea- ja p\u00f5dralihast kokk Frederiku ette\u00fctlemise j\u00e4rgi tehtud Kolmas roog Veneetsia Suur Pardijalg Safranikastmes PEAROALE T\u00c4IENDUSEKS Suitsuhapukapsad Safranispelta Ingverikaalikad Ristir\u00fc\u00fctlite l\u00e4\u00e4tsemuhedik  MAGUSAKS ROAKS Hildegardi j\u00f5ulumaius  JOOGIPOOLIST 3 klaasi vahuveini allikavesi kohvi v\u00f5i tee  JOOGIPOOLIST 3 klaasi vahuveini allikavesi kohvi v\u00f5i tee  Olde Hansa j\u00e4tab endale \u00f5iguse teha programmis muudatusi\" \/>\n<meta property=\"og:url\" content=\"https:\/\/www.shoppe.ee\/et\/product\/vana-aastaohtu-ohtusook-hortuses-lastepilet-2\/\" \/>\n<meta property=\"og:site_name\" content=\"Shoppe by Olde Hansa\" \/>\n<meta property=\"article:modified_time\" content=\"2019-12-09T08:52:17+00:00\" \/>\n<meta property=\"og:image\" content=\"https:\/\/www.shoppe.ee\/wp-content\/uploads\/2018\/08\/TTT0907.jpg\" \/>\n\t<meta property=\"og:image:width\" content=\"1668\" \/>\n\t<meta property=\"og:image:height\" content=\"1667\" \/>\n\t<meta property=\"og:image:type\" content=\"image\/jpeg\" \/>\n<meta name=\"twitter:card\" content=\"summary_large_image\" \/>\n<script type=\"application\/ld+json\" class=\"yoast-schema-graph\">{\"@context\":\"https:\/\/schema.org\",\"@graph\":[{\"@type\":\"WebPage\",\"@id\":\"https:\/\/www.shoppe.ee\/et\/product\/vana-aastaohtu-ohtusook-hortuses-lastepilet-2\/\",\"url\":\"https:\/\/www.shoppe.ee\/et\/product\/vana-aastaohtu-ohtusook-hortuses-lastepilet-2\/\",\"name\":\"Vana-aasta\u00f5htu \u00f5htus\u00f6\u00f6k Kaupmehe Saalis lastepilet | Shoppe by Olde Hansa\",\"isPartOf\":{\"@id\":\"https:\/\/www.shoppe.ee\/ru\/#website\"},\"primaryImageOfPage\":{\"@id\":\"https:\/\/www.shoppe.ee\/et\/product\/vana-aastaohtu-ohtusook-hortuses-lastepilet-2\/#primaryimage\"},\"image\":{\"@id\":\"https:\/\/www.shoppe.ee\/et\/product\/vana-aastaohtu-ohtusook-hortuses-lastepilet-2\/#primaryimage\"},\"thumbnailUrl\":\"https:\/\/www.shoppe.ee\/wp-content\/uploads\/2018\/08\/TTT0907.jpg\",\"datePublished\":\"2018-12-19T14:46:01+00:00\",\"dateModified\":\"2019-12-09T08:52:17+00:00\",\"breadcrumb\":{\"@id\":\"https:\/\/www.shoppe.ee\/et\/product\/vana-aastaohtu-ohtusook-hortuses-lastepilet-2\/#breadcrumb\"},\"inLanguage\":\"et\",\"potentialAction\":[{\"@type\":\"ReadAction\",\"target\":[\"https:\/\/www.shoppe.ee\/et\/product\/vana-aastaohtu-ohtusook-hortuses-lastepilet-2\/\"]}]},{\"@type\":\"ImageObject\",\"inLanguage\":\"et\",\"@id\":\"https:\/\/www.shoppe.ee\/et\/product\/vana-aastaohtu-ohtusook-hortuses-lastepilet-2\/#primaryimage\",\"url\":\"https:\/\/www.shoppe.ee\/wp-content\/uploads\/2018\/08\/TTT0907.jpg\",\"contentUrl\":\"https:\/\/www.shoppe.ee\/wp-content\/uploads\/2018\/08\/TTT0907.jpg\",\"width\":1668,\"height\":1667,\"caption\":\"j\u00f5ulupidu\"},{\"@type\":\"BreadcrumbList\",\"@id\":\"https:\/\/www.shoppe.ee\/et\/product\/vana-aastaohtu-ohtusook-hortuses-lastepilet-2\/#breadcrumb\",\"itemListElement\":[{\"@type\":\"ListItem\",\"position\":1,\"name\":\"Home\",\"item\":\"https:\/\/www.shoppe.ee\/et\/\"},{\"@type\":\"ListItem\",\"position\":2,\"name\":\"Shop\",\"item\":\"https:\/\/www.shoppe.ee\/et\/shop\/\"},{\"@type\":\"ListItem\",\"position\":3,\"name\":\"Vana-aasta\u00f5htu \u00f5htus\u00f6\u00f6k Kaupmehe Saalis lastepilet\"}]},{\"@type\":\"WebSite\",\"@id\":\"https:\/\/www.shoppe.ee\/ru\/#website\",\"url\":\"https:\/\/www.shoppe.ee\/ru\/\",\"name\":\"Shoppe by Olde Hansa\",\"description\":\"Food is good :)\",\"potentialAction\":[{\"@type\":\"SearchAction\",\"target\":{\"@type\":\"EntryPoint\",\"urlTemplate\":\"https:\/\/www.shoppe.ee\/ru\/?s={search_term_string}\"},\"query-input\":{\"@type\":\"PropertyValueSpecification\",\"valueRequired\":true,\"valueName\":\"search_term_string\"}}],\"inLanguage\":\"et\"}]}<\/script>\n<!-- \/ Yoast SEO plugin. -->","yoast_head_json":{"title":"Vana-aasta\u00f5htu \u00f5htus\u00f6\u00f6k Kaupmehe Saalis lastepilet | Shoppe by Olde Hansa","robots":{"index":"index","follow":"follow","max-snippet":"max-snippet:-1","max-image-preview":"max-image-preview:large","max-video-preview":"max-video-preview:-1"},"canonical":"https:\/\/www.shoppe.ee\/et\/product\/vana-aastaohtu-ohtusook-hortuses-lastepilet-2\/","og_locale":"et_EE","og_type":"article","og_title":"Vana-aasta\u00f5htu \u00f5htus\u00f6\u00f6k Kaupmehe Saalis lastepilet | Shoppe by Olde Hansa","og_description":"Ideaalne viis aasta k\u00f5ige imelisema \u00f5htu alustamiseks. Nagu k\u00f5lab keskaegne \u00fctlus: \u201eIga auline s\u00f6\u00f6gu sellel \u00f5htul v\u00e4hemalt 12 erinevat rooga.\u201d Tere tulemast! Rikkalik vana-aasta \u00f5htu pidus\u00f6\u00f6ming on j\u00f5uka kodu ehtne ja k\u00fclluslik keskaegne s\u00f6\u00f6maaeg, kus toitu kantakse lauda, kuni k\u00f5ik on s\u00f6\u00f6nud enam kui k\u00fcll      Rikkalikku s\u00f6\u00f6mingut  3 klaasi vahuveini  Mittealkohoolseid jooke  \u00dcllatusroog    EELROOGADEKS PAKUME: Prantsuse \u00f5ukonna linnumaksah\u00f5rgutis Andaluusia sultani l\u00f5he Eriti \u00f5nnistatud oliivipuu viljad Liivimaa krahvi hapukurgid Pekileib \u00dcrdi-p\u00e4hklisai Lossi toorjuust Spinati- ja mandlim\u00e4\u00e4re kaugete maade v\u00fcrtsidega  PEAROAD: Esimene roog Praetud l\u00f5he p\u00e4hklikastmes Teine roog Ulukivorstid karu-, metssea- ja p\u00f5dralihast kokk Frederiku ette\u00fctlemise j\u00e4rgi tehtud Kolmas roog Veneetsia Suur Pardijalg Safranikastmes PEAROALE T\u00c4IENDUSEKS Suitsuhapukapsad Safranispelta Ingverikaalikad Ristir\u00fc\u00fctlite l\u00e4\u00e4tsemuhedik  MAGUSAKS ROAKS Hildegardi j\u00f5ulumaius  JOOGIPOOLIST 3 klaasi vahuveini allikavesi kohvi v\u00f5i tee  JOOGIPOOLIST 3 klaasi vahuveini allikavesi kohvi v\u00f5i tee  Olde Hansa j\u00e4tab endale \u00f5iguse teha programmis muudatusi","og_url":"https:\/\/www.shoppe.ee\/et\/product\/vana-aastaohtu-ohtusook-hortuses-lastepilet-2\/","og_site_name":"Shoppe by Olde Hansa","article_modified_time":"2019-12-09T08:52:17+00:00","og_image":[{"width":1668,"height":1667,"url":"https:\/\/www.shoppe.ee\/wp-content\/uploads\/2018\/08\/TTT0907.jpg","type":"image\/jpeg"}],"twitter_card":"summary_large_image","schema":{"@context":"https:\/\/schema.org","@graph":[{"@type":"WebPage","@id":"https:\/\/www.shoppe.ee\/et\/product\/vana-aastaohtu-ohtusook-hortuses-lastepilet-2\/","url":"https:\/\/www.shoppe.ee\/et\/product\/vana-aastaohtu-ohtusook-hortuses-lastepilet-2\/","name":"Vana-aasta\u00f5htu \u00f5htus\u00f6\u00f6k Kaupmehe Saalis lastepilet | Shoppe by Olde Hansa","isPartOf":{"@id":"https:\/\/www.shoppe.ee\/ru\/#website"},"primaryImageOfPage":{"@id":"https:\/\/www.shoppe.ee\/et\/product\/vana-aastaohtu-ohtusook-hortuses-lastepilet-2\/#primaryimage"},"image":{"@id":"https:\/\/www.shoppe.ee\/et\/product\/vana-aastaohtu-ohtusook-hortuses-lastepilet-2\/#primaryimage"},"thumbnailUrl":"https:\/\/www.shoppe.ee\/wp-content\/uploads\/2018\/08\/TTT0907.jpg","datePublished":"2018-12-19T14:46:01+00:00","dateModified":"2019-12-09T08:52:17+00:00","breadcrumb":{"@id":"https:\/\/www.shoppe.ee\/et\/product\/vana-aastaohtu-ohtusook-hortuses-lastepilet-2\/#breadcrumb"},"inLanguage":"et","potentialAction":[{"@type":"ReadAction","target":["https:\/\/www.shoppe.ee\/et\/product\/vana-aastaohtu-ohtusook-hortuses-lastepilet-2\/"]}]},{"@type":"ImageObject","inLanguage":"et","@id":"https:\/\/www.shoppe.ee\/et\/product\/vana-aastaohtu-ohtusook-hortuses-lastepilet-2\/#primaryimage","url":"https:\/\/www.shoppe.ee\/wp-content\/uploads\/2018\/08\/TTT0907.jpg","contentUrl":"https:\/\/www.shoppe.ee\/wp-content\/uploads\/2018\/08\/TTT0907.jpg","width":1668,"height":1667,"caption":"j\u00f5ulupidu"},{"@type":"BreadcrumbList","@id":"https:\/\/www.shoppe.ee\/et\/product\/vana-aastaohtu-ohtusook-hortuses-lastepilet-2\/#breadcrumb","itemListElement":[{"@type":"ListItem","position":1,"name":"Home","item":"https:\/\/www.shoppe.ee\/et\/"},{"@type":"ListItem","position":2,"name":"Shop","item":"https:\/\/www.shoppe.ee\/et\/shop\/"},{"@type":"ListItem","position":3,"name":"Vana-aasta\u00f5htu \u00f5htus\u00f6\u00f6k Kaupmehe Saalis lastepilet"}]},{"@type":"WebSite","@id":"https:\/\/www.shoppe.ee\/ru\/#website","url":"https:\/\/www.shoppe.ee\/ru\/","name":"Shoppe by Olde Hansa","description":"Food is good :)","potentialAction":[{"@type":"SearchAction","target":{"@type":"EntryPoint","urlTemplate":"https:\/\/www.shoppe.ee\/ru\/?s={search_term_string}"},"query-input":{"@type":"PropertyValueSpecification","valueRequired":true,"valueName":"search_term_string"}}],"inLanguage":"et"}]}},"_links":{"self":[{"href":"https:\/\/www.shoppe.ee\/et\/wp-json\/wp\/v2\/product\/6401","targetHints":{"allow":["GET"]}}],"collection":[{"href":"https:\/\/www.shoppe.ee\/et\/wp-json\/wp\/v2\/product"}],"about":[{"href":"https:\/\/www.shoppe.ee\/et\/wp-json\/wp\/v2\/types\/product"}],"author":[{"embeddable":true,"href":"https:\/\/www.shoppe.ee\/et\/wp-json\/wp\/v2\/users\/1"}],"wp:featuredmedia":[{"embeddable":true,"href":"https:\/\/www.shoppe.ee\/et\/wp-json\/wp\/v2\/media\/4165"}],"wp:attachment":[{"href":"https:\/\/www.shoppe.ee\/et\/wp-json\/wp\/v2\/media?parent=6401"}],"wp:term":[{"taxonomy":"product_brand","embeddable":true,"href":"https:\/\/www.shoppe.ee\/et\/wp-json\/wp\/v2\/product_brand?post=6401"},{"taxonomy":"product_cat","embeddable":true,"href":"https:\/\/www.shoppe.ee\/et\/wp-json\/wp\/v2\/product_cat?post=6401"},{"taxonomy":"product_tag","embeddable":true,"href":"https:\/\/www.shoppe.ee\/et\/wp-json\/wp\/v2\/product_tag?post=6401"}],"curies":[{"name":"wp","href":"https:\/\/api.w.org\/{rel}","templated":true}]}}