{"id":5907,"date":"2018-07-31T16:04:41","date_gmt":"2018-07-31T14:04:41","guid":{"rendered":"https:\/\/www.shoppe.ee\/product\/200g-pakike-mandleid\/"},"modified":"2020-09-21T14:32:52","modified_gmt":"2020-09-21T12:32:52","slug":"200g-pakike-mandleid","status":"publish","type":"product","link":"https:\/\/www.shoppe.ee\/et\/product\/200g-pakike-mandleid\/","title":{"rendered":"200g pakike mandleid"},"content":{"rendered":"","protected":false},"excerpt":{"rendered":"<p>Pakume ettev\u00f5tetele \u00e4ri- v\u00f5i meeskonnakingitusteks kuulsaid Olde Hansa Magusaid Mandleid 200 grammises pakendis. Tegemist on ajatu maiusega, mis aastatega saanud paljude lemmikuks. Seega miks mitte pista antud m\u00f5nus kr\u00f5psuv mandel 200 grammise pakendina enda kinkekorvi.<\/p>\n<p>Selleks, et leida Sinu ettev\u00f5tte jaoks parim lahendus, v\u00f5ta meiega \u00fchendust:<br \/>\nshoppe@oldehansa.ee<\/p>\n","protected":false},"author":1,"featured_media":4141,"template":"","meta":{"_acf_changed":false,"_monsterinsights_skip_tracking":false,"_monsterinsights_sitenote_active":false,"_monsterinsights_sitenote_note":"","_monsterinsights_sitenote_category":0},"product_brand":[],"product_cat":[96],"product_tag":[],"class_list":{"0":"post-5907","1":"product","2":"type-product","3":"status-publish","4":"has-post-thumbnail","6":"product_cat-firmakingid","7":"product_shipping_class-large-product-et-2","9":"first","10":"instock","11":"taxable","12":"shipping-taxable","13":"product-type-external"},"acf":[],"yoast_head":"<!-- This site is optimized with the Yoast SEO plugin v26.4 - https:\/\/yoast.com\/wordpress\/plugins\/seo\/ -->\n<title>200g pakike mandleid | Shoppe by Olde Hansa<\/title>\n<meta name=\"robots\" content=\"index, follow, max-snippet:-1, max-image-preview:large, max-video-preview:-1\" \/>\n<link rel=\"canonical\" href=\"https:\/\/www.shoppe.ee\/et\/product\/200g-pakike-mandleid\/\" \/>\n<meta property=\"og:locale\" content=\"et_EE\" \/>\n<meta property=\"og:type\" content=\"article\" \/>\n<meta property=\"og:title\" content=\"200g pakike mandleid | Shoppe by Olde Hansa\" \/>\n<meta property=\"og:description\" content=\"Pakume ettev\u00f5tetele \u00e4ri- v\u00f5i meeskonnakingitusteks kuulsaid Olde Hansa Magusaid Mandleid 200 grammises pakendis. Tegemist on ajatu maiusega, mis aastatega saanud paljude lemmikuks. Seega miks mitte pista antud m\u00f5nus kr\u00f5psuv mandel 200 grammise pakendina enda kinkekorvi.  Selleks, et leida Sinu ettev\u00f5tte jaoks parim lahendus, v\u00f5ta meiega \u00fchendust: shoppe@oldehansa.ee\" \/>\n<meta property=\"og:url\" content=\"https:\/\/www.shoppe.ee\/et\/product\/200g-pakike-mandleid\/\" \/>\n<meta property=\"og:site_name\" content=\"Shoppe by Olde Hansa\" \/>\n<meta property=\"article:modified_time\" content=\"2020-09-21T12:32:52+00:00\" \/>\n<meta property=\"og:image\" content=\"https:\/\/www.shoppe.ee\/wp-content\/uploads\/2018\/07\/mandel-200g.jpg\" \/>\n\t<meta property=\"og:image:width\" content=\"1200\" \/>\n\t<meta property=\"og:image:height\" content=\"1200\" \/>\n\t<meta property=\"og:image:type\" content=\"image\/jpeg\" \/>\n<meta name=\"twitter:card\" content=\"summary_large_image\" \/>\n<script type=\"application\/ld+json\" class=\"yoast-schema-graph\">{\"@context\":\"https:\/\/schema.org\",\"@graph\":[{\"@type\":\"WebPage\",\"@id\":\"https:\/\/www.shoppe.ee\/et\/product\/200g-pakike-mandleid\/\",\"url\":\"https:\/\/www.shoppe.ee\/et\/product\/200g-pakike-mandleid\/\",\"name\":\"200g pakike mandleid | Shoppe by Olde Hansa\",\"isPartOf\":{\"@id\":\"https:\/\/www.shoppe.ee\/ru\/#website\"},\"primaryImageOfPage\":{\"@id\":\"https:\/\/www.shoppe.ee\/et\/product\/200g-pakike-mandleid\/#primaryimage\"},\"image\":{\"@id\":\"https:\/\/www.shoppe.ee\/et\/product\/200g-pakike-mandleid\/#primaryimage\"},\"thumbnailUrl\":\"https:\/\/www.shoppe.ee\/wp-content\/uploads\/2018\/07\/mandel-200g.jpg\",\"datePublished\":\"2018-07-31T14:04:41+00:00\",\"dateModified\":\"2020-09-21T12:32:52+00:00\",\"breadcrumb\":{\"@id\":\"https:\/\/www.shoppe.ee\/et\/product\/200g-pakike-mandleid\/#breadcrumb\"},\"inLanguage\":\"et\",\"potentialAction\":[{\"@type\":\"ReadAction\",\"target\":[\"https:\/\/www.shoppe.ee\/et\/product\/200g-pakike-mandleid\/\"]}]},{\"@type\":\"ImageObject\",\"inLanguage\":\"et\",\"@id\":\"https:\/\/www.shoppe.ee\/et\/product\/200g-pakike-mandleid\/#primaryimage\",\"url\":\"https:\/\/www.shoppe.ee\/wp-content\/uploads\/2018\/07\/mandel-200g.jpg\",\"contentUrl\":\"https:\/\/www.shoppe.ee\/wp-content\/uploads\/2018\/07\/mandel-200g.jpg\",\"width\":1200,\"height\":1200},{\"@type\":\"BreadcrumbList\",\"@id\":\"https:\/\/www.shoppe.ee\/et\/product\/200g-pakike-mandleid\/#breadcrumb\",\"itemListElement\":[{\"@type\":\"ListItem\",\"position\":1,\"name\":\"Home\",\"item\":\"https:\/\/www.shoppe.ee\/et\/\"},{\"@type\":\"ListItem\",\"position\":2,\"name\":\"Shop\",\"item\":\"https:\/\/www.shoppe.ee\/et\/shop\/\"},{\"@type\":\"ListItem\",\"position\":3,\"name\":\"200g pakike mandleid\"}]},{\"@type\":\"WebSite\",\"@id\":\"https:\/\/www.shoppe.ee\/ru\/#website\",\"url\":\"https:\/\/www.shoppe.ee\/ru\/\",\"name\":\"Shoppe by Olde Hansa\",\"description\":\"Food is good :)\",\"potentialAction\":[{\"@type\":\"SearchAction\",\"target\":{\"@type\":\"EntryPoint\",\"urlTemplate\":\"https:\/\/www.shoppe.ee\/ru\/?s={search_term_string}\"},\"query-input\":{\"@type\":\"PropertyValueSpecification\",\"valueRequired\":true,\"valueName\":\"search_term_string\"}}],\"inLanguage\":\"et\"}]}<\/script>\n<!-- \/ Yoast SEO plugin. -->","yoast_head_json":{"title":"200g pakike mandleid | Shoppe by Olde Hansa","robots":{"index":"index","follow":"follow","max-snippet":"max-snippet:-1","max-image-preview":"max-image-preview:large","max-video-preview":"max-video-preview:-1"},"canonical":"https:\/\/www.shoppe.ee\/et\/product\/200g-pakike-mandleid\/","og_locale":"et_EE","og_type":"article","og_title":"200g pakike mandleid | Shoppe by Olde Hansa","og_description":"Pakume ettev\u00f5tetele \u00e4ri- v\u00f5i meeskonnakingitusteks kuulsaid Olde Hansa Magusaid Mandleid 200 grammises pakendis. Tegemist on ajatu maiusega, mis aastatega saanud paljude lemmikuks. Seega miks mitte pista antud m\u00f5nus kr\u00f5psuv mandel 200 grammise pakendina enda kinkekorvi.  Selleks, et leida Sinu ettev\u00f5tte jaoks parim lahendus, v\u00f5ta meiega \u00fchendust: shoppe@oldehansa.ee","og_url":"https:\/\/www.shoppe.ee\/et\/product\/200g-pakike-mandleid\/","og_site_name":"Shoppe by Olde Hansa","article_modified_time":"2020-09-21T12:32:52+00:00","og_image":[{"width":1200,"height":1200,"url":"https:\/\/www.shoppe.ee\/wp-content\/uploads\/2018\/07\/mandel-200g.jpg","type":"image\/jpeg"}],"twitter_card":"summary_large_image","schema":{"@context":"https:\/\/schema.org","@graph":[{"@type":"WebPage","@id":"https:\/\/www.shoppe.ee\/et\/product\/200g-pakike-mandleid\/","url":"https:\/\/www.shoppe.ee\/et\/product\/200g-pakike-mandleid\/","name":"200g pakike mandleid | Shoppe by Olde Hansa","isPartOf":{"@id":"https:\/\/www.shoppe.ee\/ru\/#website"},"primaryImageOfPage":{"@id":"https:\/\/www.shoppe.ee\/et\/product\/200g-pakike-mandleid\/#primaryimage"},"image":{"@id":"https:\/\/www.shoppe.ee\/et\/product\/200g-pakike-mandleid\/#primaryimage"},"thumbnailUrl":"https:\/\/www.shoppe.ee\/wp-content\/uploads\/2018\/07\/mandel-200g.jpg","datePublished":"2018-07-31T14:04:41+00:00","dateModified":"2020-09-21T12:32:52+00:00","breadcrumb":{"@id":"https:\/\/www.shoppe.ee\/et\/product\/200g-pakike-mandleid\/#breadcrumb"},"inLanguage":"et","potentialAction":[{"@type":"ReadAction","target":["https:\/\/www.shoppe.ee\/et\/product\/200g-pakike-mandleid\/"]}]},{"@type":"ImageObject","inLanguage":"et","@id":"https:\/\/www.shoppe.ee\/et\/product\/200g-pakike-mandleid\/#primaryimage","url":"https:\/\/www.shoppe.ee\/wp-content\/uploads\/2018\/07\/mandel-200g.jpg","contentUrl":"https:\/\/www.shoppe.ee\/wp-content\/uploads\/2018\/07\/mandel-200g.jpg","width":1200,"height":1200},{"@type":"BreadcrumbList","@id":"https:\/\/www.shoppe.ee\/et\/product\/200g-pakike-mandleid\/#breadcrumb","itemListElement":[{"@type":"ListItem","position":1,"name":"Home","item":"https:\/\/www.shoppe.ee\/et\/"},{"@type":"ListItem","position":2,"name":"Shop","item":"https:\/\/www.shoppe.ee\/et\/shop\/"},{"@type":"ListItem","position":3,"name":"200g pakike mandleid"}]},{"@type":"WebSite","@id":"https:\/\/www.shoppe.ee\/ru\/#website","url":"https:\/\/www.shoppe.ee\/ru\/","name":"Shoppe by Olde Hansa","description":"Food is good :)","potentialAction":[{"@type":"SearchAction","target":{"@type":"EntryPoint","urlTemplate":"https:\/\/www.shoppe.ee\/ru\/?s={search_term_string}"},"query-input":{"@type":"PropertyValueSpecification","valueRequired":true,"valueName":"search_term_string"}}],"inLanguage":"et"}]}},"_links":{"self":[{"href":"https:\/\/www.shoppe.ee\/et\/wp-json\/wp\/v2\/product\/5907","targetHints":{"allow":["GET"]}}],"collection":[{"href":"https:\/\/www.shoppe.ee\/et\/wp-json\/wp\/v2\/product"}],"about":[{"href":"https:\/\/www.shoppe.ee\/et\/wp-json\/wp\/v2\/types\/product"}],"author":[{"embeddable":true,"href":"https:\/\/www.shoppe.ee\/et\/wp-json\/wp\/v2\/users\/1"}],"wp:featuredmedia":[{"embeddable":true,"href":"https:\/\/www.shoppe.ee\/et\/wp-json\/wp\/v2\/media\/4141"}],"wp:attachment":[{"href":"https:\/\/www.shoppe.ee\/et\/wp-json\/wp\/v2\/media?parent=5907"}],"wp:term":[{"taxonomy":"product_brand","embeddable":true,"href":"https:\/\/www.shoppe.ee\/et\/wp-json\/wp\/v2\/product_brand?post=5907"},{"taxonomy":"product_cat","embeddable":true,"href":"https:\/\/www.shoppe.ee\/et\/wp-json\/wp\/v2\/product_cat?post=5907"},{"taxonomy":"product_tag","embeddable":true,"href":"https:\/\/www.shoppe.ee\/et\/wp-json\/wp\/v2\/product_tag?post=5907"}],"curies":[{"name":"wp","href":"https:\/\/api.w.org\/{rel}","templated":true}]}}