{"id":5904,"date":"2018-07-31T15:37:49","date_gmt":"2018-07-31T13:37:49","guid":{"rendered":"https:\/\/www.shoppe.ee\/product\/almonds-120grams-for-corporate-gift\/"},"modified":"2020-09-21T14:32:21","modified_gmt":"2020-09-21T12:32:21","slug":"almonds-120grams-for-corporate-gift","status":"publish","type":"product","link":"https:\/\/www.shoppe.ee\/et\/product\/almonds-120grams-for-corporate-gift\/","title":{"rendered":"120 g pakike mandleid"},"content":{"rendered":"","protected":false},"excerpt":{"rendered":"<p>Pakume ettev\u00f5tetele \u00e4ri- v\u00f5i meeskonnakingitusteks kuulsaid Olde Hansa Magusaid Mandleid 120 grammises pakendis. Tegemist on ajatu maiusega, mis aastatega saanud paljude lemmikuks. Seega miks mitte pista antud m\u00f5nus kr\u00f5psuv mandel 120 grammise pakendina enda kinkekorvi.<\/p>\n<p>Selleks, et leida Sinu ettev\u00f5tte jaoks parim lahendus, v\u00f5ta meiega \u00fchendust:<br \/>\nshoppe@oldehansa.ee<\/p>\n","protected":false},"author":1,"featured_media":6750,"template":"","meta":{"_acf_changed":false,"_monsterinsights_skip_tracking":false,"_monsterinsights_sitenote_active":false,"_monsterinsights_sitenote_note":"","_monsterinsights_sitenote_category":0},"product_brand":[],"product_cat":[96],"product_tag":[],"class_list":{"0":"post-5904","1":"product","2":"type-product","3":"status-publish","4":"has-post-thumbnail","6":"product_cat-firmakingid","7":"product_shipping_class-large-product-et-2","9":"first","10":"instock","11":"taxable","12":"shipping-taxable","13":"product-type-external"},"acf":[],"yoast_head":"<!-- This site is optimized with the Yoast SEO plugin v26.4 - https:\/\/yoast.com\/wordpress\/plugins\/seo\/ -->\n<title>120 g pakike mandleid | Shoppe by Olde Hansa<\/title>\n<meta name=\"robots\" content=\"index, follow, max-snippet:-1, max-image-preview:large, max-video-preview:-1\" \/>\n<link rel=\"canonical\" href=\"https:\/\/www.shoppe.ee\/et\/product\/almonds-120grams-for-corporate-gift\/\" \/>\n<meta property=\"og:locale\" content=\"et_EE\" \/>\n<meta property=\"og:type\" content=\"article\" \/>\n<meta property=\"og:title\" content=\"120 g pakike mandleid | Shoppe by Olde Hansa\" \/>\n<meta property=\"og:description\" content=\"Pakume ettev\u00f5tetele \u00e4ri- v\u00f5i meeskonnakingitusteks kuulsaid Olde Hansa Magusaid Mandleid 120 grammises pakendis. Tegemist on ajatu maiusega, mis aastatega saanud paljude lemmikuks. Seega miks mitte pista antud m\u00f5nus kr\u00f5psuv mandel 120 grammise pakendina enda kinkekorvi.  Selleks, et leida Sinu ettev\u00f5tte jaoks parim lahendus, v\u00f5ta meiega \u00fchendust: shoppe@oldehansa.ee\" \/>\n<meta property=\"og:url\" content=\"https:\/\/www.shoppe.ee\/et\/product\/almonds-120grams-for-corporate-gift\/\" \/>\n<meta property=\"og:site_name\" content=\"Shoppe by Olde Hansa\" \/>\n<meta property=\"article:modified_time\" content=\"2020-09-21T12:32:21+00:00\" \/>\n<meta property=\"og:image\" content=\"https:\/\/www.shoppe.ee\/wp-content\/uploads\/2018\/07\/Uus-mandel-scaled.jpg\" \/>\n\t<meta property=\"og:image:width\" content=\"2560\" \/>\n\t<meta property=\"og:image:height\" content=\"2560\" \/>\n\t<meta property=\"og:image:type\" content=\"image\/jpeg\" \/>\n<meta name=\"twitter:card\" content=\"summary_large_image\" \/>\n<script type=\"application\/ld+json\" class=\"yoast-schema-graph\">{\"@context\":\"https:\/\/schema.org\",\"@graph\":[{\"@type\":\"WebPage\",\"@id\":\"https:\/\/www.shoppe.ee\/et\/product\/almonds-120grams-for-corporate-gift\/\",\"url\":\"https:\/\/www.shoppe.ee\/et\/product\/almonds-120grams-for-corporate-gift\/\",\"name\":\"120 g pakike mandleid | Shoppe by Olde Hansa\",\"isPartOf\":{\"@id\":\"https:\/\/www.shoppe.ee\/ru\/#website\"},\"primaryImageOfPage\":{\"@id\":\"https:\/\/www.shoppe.ee\/et\/product\/almonds-120grams-for-corporate-gift\/#primaryimage\"},\"image\":{\"@id\":\"https:\/\/www.shoppe.ee\/et\/product\/almonds-120grams-for-corporate-gift\/#primaryimage\"},\"thumbnailUrl\":\"https:\/\/www.shoppe.ee\/wp-content\/uploads\/2018\/07\/Uus-mandel-scaled.jpg\",\"datePublished\":\"2018-07-31T13:37:49+00:00\",\"dateModified\":\"2020-09-21T12:32:21+00:00\",\"breadcrumb\":{\"@id\":\"https:\/\/www.shoppe.ee\/et\/product\/almonds-120grams-for-corporate-gift\/#breadcrumb\"},\"inLanguage\":\"et\",\"potentialAction\":[{\"@type\":\"ReadAction\",\"target\":[\"https:\/\/www.shoppe.ee\/et\/product\/almonds-120grams-for-corporate-gift\/\"]}]},{\"@type\":\"ImageObject\",\"inLanguage\":\"et\",\"@id\":\"https:\/\/www.shoppe.ee\/et\/product\/almonds-120grams-for-corporate-gift\/#primaryimage\",\"url\":\"https:\/\/www.shoppe.ee\/wp-content\/uploads\/2018\/07\/Uus-mandel-scaled.jpg\",\"contentUrl\":\"https:\/\/www.shoppe.ee\/wp-content\/uploads\/2018\/07\/Uus-mandel-scaled.jpg\",\"width\":2560,\"height\":2560},{\"@type\":\"BreadcrumbList\",\"@id\":\"https:\/\/www.shoppe.ee\/et\/product\/almonds-120grams-for-corporate-gift\/#breadcrumb\",\"itemListElement\":[{\"@type\":\"ListItem\",\"position\":1,\"name\":\"Home\",\"item\":\"https:\/\/www.shoppe.ee\/et\/\"},{\"@type\":\"ListItem\",\"position\":2,\"name\":\"Shop\",\"item\":\"https:\/\/www.shoppe.ee\/et\/shop\/\"},{\"@type\":\"ListItem\",\"position\":3,\"name\":\"120 g pakike mandleid\"}]},{\"@type\":\"WebSite\",\"@id\":\"https:\/\/www.shoppe.ee\/ru\/#website\",\"url\":\"https:\/\/www.shoppe.ee\/ru\/\",\"name\":\"Shoppe by Olde Hansa\",\"description\":\"Food is good :)\",\"potentialAction\":[{\"@type\":\"SearchAction\",\"target\":{\"@type\":\"EntryPoint\",\"urlTemplate\":\"https:\/\/www.shoppe.ee\/ru\/?s={search_term_string}\"},\"query-input\":{\"@type\":\"PropertyValueSpecification\",\"valueRequired\":true,\"valueName\":\"search_term_string\"}}],\"inLanguage\":\"et\"}]}<\/script>\n<!-- \/ Yoast SEO plugin. -->","yoast_head_json":{"title":"120 g pakike mandleid | Shoppe by Olde Hansa","robots":{"index":"index","follow":"follow","max-snippet":"max-snippet:-1","max-image-preview":"max-image-preview:large","max-video-preview":"max-video-preview:-1"},"canonical":"https:\/\/www.shoppe.ee\/et\/product\/almonds-120grams-for-corporate-gift\/","og_locale":"et_EE","og_type":"article","og_title":"120 g pakike mandleid | Shoppe by Olde Hansa","og_description":"Pakume ettev\u00f5tetele \u00e4ri- v\u00f5i meeskonnakingitusteks kuulsaid Olde Hansa Magusaid Mandleid 120 grammises pakendis. Tegemist on ajatu maiusega, mis aastatega saanud paljude lemmikuks. Seega miks mitte pista antud m\u00f5nus kr\u00f5psuv mandel 120 grammise pakendina enda kinkekorvi.  Selleks, et leida Sinu ettev\u00f5tte jaoks parim lahendus, v\u00f5ta meiega \u00fchendust: shoppe@oldehansa.ee","og_url":"https:\/\/www.shoppe.ee\/et\/product\/almonds-120grams-for-corporate-gift\/","og_site_name":"Shoppe by Olde Hansa","article_modified_time":"2020-09-21T12:32:21+00:00","og_image":[{"width":2560,"height":2560,"url":"https:\/\/www.shoppe.ee\/wp-content\/uploads\/2018\/07\/Uus-mandel-scaled.jpg","type":"image\/jpeg"}],"twitter_card":"summary_large_image","schema":{"@context":"https:\/\/schema.org","@graph":[{"@type":"WebPage","@id":"https:\/\/www.shoppe.ee\/et\/product\/almonds-120grams-for-corporate-gift\/","url":"https:\/\/www.shoppe.ee\/et\/product\/almonds-120grams-for-corporate-gift\/","name":"120 g pakike mandleid | Shoppe by Olde Hansa","isPartOf":{"@id":"https:\/\/www.shoppe.ee\/ru\/#website"},"primaryImageOfPage":{"@id":"https:\/\/www.shoppe.ee\/et\/product\/almonds-120grams-for-corporate-gift\/#primaryimage"},"image":{"@id":"https:\/\/www.shoppe.ee\/et\/product\/almonds-120grams-for-corporate-gift\/#primaryimage"},"thumbnailUrl":"https:\/\/www.shoppe.ee\/wp-content\/uploads\/2018\/07\/Uus-mandel-scaled.jpg","datePublished":"2018-07-31T13:37:49+00:00","dateModified":"2020-09-21T12:32:21+00:00","breadcrumb":{"@id":"https:\/\/www.shoppe.ee\/et\/product\/almonds-120grams-for-corporate-gift\/#breadcrumb"},"inLanguage":"et","potentialAction":[{"@type":"ReadAction","target":["https:\/\/www.shoppe.ee\/et\/product\/almonds-120grams-for-corporate-gift\/"]}]},{"@type":"ImageObject","inLanguage":"et","@id":"https:\/\/www.shoppe.ee\/et\/product\/almonds-120grams-for-corporate-gift\/#primaryimage","url":"https:\/\/www.shoppe.ee\/wp-content\/uploads\/2018\/07\/Uus-mandel-scaled.jpg","contentUrl":"https:\/\/www.shoppe.ee\/wp-content\/uploads\/2018\/07\/Uus-mandel-scaled.jpg","width":2560,"height":2560},{"@type":"BreadcrumbList","@id":"https:\/\/www.shoppe.ee\/et\/product\/almonds-120grams-for-corporate-gift\/#breadcrumb","itemListElement":[{"@type":"ListItem","position":1,"name":"Home","item":"https:\/\/www.shoppe.ee\/et\/"},{"@type":"ListItem","position":2,"name":"Shop","item":"https:\/\/www.shoppe.ee\/et\/shop\/"},{"@type":"ListItem","position":3,"name":"120 g pakike mandleid"}]},{"@type":"WebSite","@id":"https:\/\/www.shoppe.ee\/ru\/#website","url":"https:\/\/www.shoppe.ee\/ru\/","name":"Shoppe by Olde Hansa","description":"Food is good :)","potentialAction":[{"@type":"SearchAction","target":{"@type":"EntryPoint","urlTemplate":"https:\/\/www.shoppe.ee\/ru\/?s={search_term_string}"},"query-input":{"@type":"PropertyValueSpecification","valueRequired":true,"valueName":"search_term_string"}}],"inLanguage":"et"}]}},"_links":{"self":[{"href":"https:\/\/www.shoppe.ee\/et\/wp-json\/wp\/v2\/product\/5904","targetHints":{"allow":["GET"]}}],"collection":[{"href":"https:\/\/www.shoppe.ee\/et\/wp-json\/wp\/v2\/product"}],"about":[{"href":"https:\/\/www.shoppe.ee\/et\/wp-json\/wp\/v2\/types\/product"}],"author":[{"embeddable":true,"href":"https:\/\/www.shoppe.ee\/et\/wp-json\/wp\/v2\/users\/1"}],"wp:featuredmedia":[{"embeddable":true,"href":"https:\/\/www.shoppe.ee\/et\/wp-json\/wp\/v2\/media\/6750"}],"wp:attachment":[{"href":"https:\/\/www.shoppe.ee\/et\/wp-json\/wp\/v2\/media?parent=5904"}],"wp:term":[{"taxonomy":"product_brand","embeddable":true,"href":"https:\/\/www.shoppe.ee\/et\/wp-json\/wp\/v2\/product_brand?post=5904"},{"taxonomy":"product_cat","embeddable":true,"href":"https:\/\/www.shoppe.ee\/et\/wp-json\/wp\/v2\/product_cat?post=5904"},{"taxonomy":"product_tag","embeddable":true,"href":"https:\/\/www.shoppe.ee\/et\/wp-json\/wp\/v2\/product_tag?post=5904"}],"curies":[{"name":"wp","href":"https:\/\/api.w.org\/{rel}","templated":true}]}}