{"id":10971,"date":"2024-11-08T15:14:32","date_gmt":"2024-11-08T13:14:32","guid":{"rendered":"https:\/\/www.shoppe.ee\/product\/soe-ja-tuline-suutais\/"},"modified":"2024-11-14T11:32:36","modified_gmt":"2024-11-14T09:32:36","slug":"tuline-suutais","status":"publish","type":"product","link":"https:\/\/www.shoppe.ee\/et\/product\/tuline-suutais\/","title":{"rendered":"Tuline suut\u00e4is"},"content":{"rendered":"<p><span style=\"font-weight: 400;\">Torka kingikotti \u00fcks t\u00f5eliselt terav keskaegne elamus! Tollest kinkepakist leiad Rikaste Kaupmeeste maja pipranapsi, mis soendab kargel talve\u00f5htal nii s\u00fcdant kui hinge, ja keskaegse v\u00f6\u00f6pitsi. Seo aga pits v\u00f6\u00f6le ja oled igal simmanil v\u00e4gevam kui \u00fckski teine sell. <\/span><\/p>\n<p>Pipranaps 100 ml<\/p>\n<p>V\u00f6\u00f6pits<\/p>\n","protected":false},"excerpt":{"rendered":"<p><span style=\"font-weight: 400;\">Torka kingikotti \u00fcks t\u00f5eliselt terav keskaegne elamus! Tollest kinkepakist leiad Rikaste Kaupmeeste maja pipranapsi, mis soendab kargel talve\u00f5htal nii s\u00fcdant kui hinge, ja keskaegse v\u00f6\u00f6pitsi. Seo aga pits v\u00f6\u00f6le ja oled igal simmanil v\u00e4gevam kui \u00fckski teine sell. <\/span><\/p>\n<p>Pipranaps 100 ml<\/p>\n<p>V\u00f6\u00f6pits<\/p>\n","protected":false},"author":1,"featured_media":10962,"template":"","meta":{"_acf_changed":false,"_monsterinsights_skip_tracking":false,"_monsterinsights_sitenote_active":false,"_monsterinsights_sitenote_note":"","_monsterinsights_sitenote_category":0},"product_brand":[],"product_cat":[96],"product_tag":[],"class_list":{"0":"post-10971","1":"product","2":"type-product","3":"status-publish","4":"has-post-thumbnail","6":"product_cat-firmakingid","8":"first","9":"instock","10":"taxable","11":"shipping-taxable","12":"purchasable","13":"product-type-simple"},"acf":[],"yoast_head":"<!-- This site is optimized with the Yoast SEO plugin v26.4 - https:\/\/yoast.com\/wordpress\/plugins\/seo\/ -->\n<title>Tuline suut\u00e4is | Shoppe by Olde Hansa<\/title>\n<meta name=\"robots\" content=\"index, follow, max-snippet:-1, max-image-preview:large, max-video-preview:-1\" \/>\n<link rel=\"canonical\" href=\"https:\/\/www.shoppe.ee\/et\/product\/tuline-suutais\/\" \/>\n<meta property=\"og:locale\" content=\"et_EE\" \/>\n<meta property=\"og:type\" content=\"article\" \/>\n<meta property=\"og:title\" content=\"Tuline suut\u00e4is | Shoppe by Olde Hansa\" \/>\n<meta property=\"og:description\" content=\"Torka kingikotti \u00fcks t\u00f5eliselt terav keskaegne elamus! Tollest kinkepakist leiad Rikaste Kaupmeeste maja pipranapsi, mis soendab kargel talve\u00f5htal nii s\u00fcdant kui hinge, ja keskaegse v\u00f6\u00f6pitsi. Seo aga pits v\u00f6\u00f6le ja oled igal simmanil v\u00e4gevam kui \u00fckski teine sell.   Pipranaps 100 ml  V\u00f6\u00f6pits\" \/>\n<meta property=\"og:url\" content=\"https:\/\/www.shoppe.ee\/et\/product\/tuline-suutais\/\" \/>\n<meta property=\"og:site_name\" content=\"Shoppe by Olde Hansa\" \/>\n<meta property=\"article:modified_time\" content=\"2024-11-14T09:32:36+00:00\" \/>\n<meta property=\"og:image\" content=\"https:\/\/www.shoppe.ee\/wp-content\/uploads\/2024\/11\/DSC2003-Edit-scaled.jpg\" \/>\n\t<meta property=\"og:image:width\" content=\"2560\" \/>\n\t<meta property=\"og:image:height\" content=\"1709\" \/>\n\t<meta property=\"og:image:type\" content=\"image\/jpeg\" \/>\n<meta name=\"twitter:card\" content=\"summary_large_image\" \/>\n<script type=\"application\/ld+json\" class=\"yoast-schema-graph\">{\"@context\":\"https:\/\/schema.org\",\"@graph\":[{\"@type\":\"WebPage\",\"@id\":\"https:\/\/www.shoppe.ee\/et\/product\/tuline-suutais\/\",\"url\":\"https:\/\/www.shoppe.ee\/et\/product\/tuline-suutais\/\",\"name\":\"Tuline suut\u00e4is | Shoppe by Olde Hansa\",\"isPartOf\":{\"@id\":\"https:\/\/www.shoppe.ee\/ru\/#website\"},\"primaryImageOfPage\":{\"@id\":\"https:\/\/www.shoppe.ee\/et\/product\/tuline-suutais\/#primaryimage\"},\"image\":{\"@id\":\"https:\/\/www.shoppe.ee\/et\/product\/tuline-suutais\/#primaryimage\"},\"thumbnailUrl\":\"https:\/\/www.shoppe.ee\/wp-content\/uploads\/2024\/11\/DSC2003-Edit-scaled.jpg\",\"datePublished\":\"2024-11-08T13:14:32+00:00\",\"dateModified\":\"2024-11-14T09:32:36+00:00\",\"breadcrumb\":{\"@id\":\"https:\/\/www.shoppe.ee\/et\/product\/tuline-suutais\/#breadcrumb\"},\"inLanguage\":\"et\",\"potentialAction\":[{\"@type\":\"ReadAction\",\"target\":[\"https:\/\/www.shoppe.ee\/et\/product\/tuline-suutais\/\"]}]},{\"@type\":\"ImageObject\",\"inLanguage\":\"et\",\"@id\":\"https:\/\/www.shoppe.ee\/et\/product\/tuline-suutais\/#primaryimage\",\"url\":\"https:\/\/www.shoppe.ee\/wp-content\/uploads\/2024\/11\/DSC2003-Edit-scaled.jpg\",\"contentUrl\":\"https:\/\/www.shoppe.ee\/wp-content\/uploads\/2024\/11\/DSC2003-Edit-scaled.jpg\",\"width\":2560,\"height\":1709},{\"@type\":\"BreadcrumbList\",\"@id\":\"https:\/\/www.shoppe.ee\/et\/product\/tuline-suutais\/#breadcrumb\",\"itemListElement\":[{\"@type\":\"ListItem\",\"position\":1,\"name\":\"Home\",\"item\":\"https:\/\/www.shoppe.ee\/et\/\"},{\"@type\":\"ListItem\",\"position\":2,\"name\":\"Shop\",\"item\":\"https:\/\/www.shoppe.ee\/et\/shop\/\"},{\"@type\":\"ListItem\",\"position\":3,\"name\":\"Tuline suut\u00e4is\"}]},{\"@type\":\"WebSite\",\"@id\":\"https:\/\/www.shoppe.ee\/ru\/#website\",\"url\":\"https:\/\/www.shoppe.ee\/ru\/\",\"name\":\"Shoppe by Olde Hansa\",\"description\":\"Food is good :)\",\"potentialAction\":[{\"@type\":\"SearchAction\",\"target\":{\"@type\":\"EntryPoint\",\"urlTemplate\":\"https:\/\/www.shoppe.ee\/ru\/?s={search_term_string}\"},\"query-input\":{\"@type\":\"PropertyValueSpecification\",\"valueRequired\":true,\"valueName\":\"search_term_string\"}}],\"inLanguage\":\"et\"}]}<\/script>\n<!-- \/ Yoast SEO plugin. -->","yoast_head_json":{"title":"Tuline suut\u00e4is | Shoppe by Olde Hansa","robots":{"index":"index","follow":"follow","max-snippet":"max-snippet:-1","max-image-preview":"max-image-preview:large","max-video-preview":"max-video-preview:-1"},"canonical":"https:\/\/www.shoppe.ee\/et\/product\/tuline-suutais\/","og_locale":"et_EE","og_type":"article","og_title":"Tuline suut\u00e4is | Shoppe by Olde Hansa","og_description":"Torka kingikotti \u00fcks t\u00f5eliselt terav keskaegne elamus! Tollest kinkepakist leiad Rikaste Kaupmeeste maja pipranapsi, mis soendab kargel talve\u00f5htal nii s\u00fcdant kui hinge, ja keskaegse v\u00f6\u00f6pitsi. Seo aga pits v\u00f6\u00f6le ja oled igal simmanil v\u00e4gevam kui \u00fckski teine sell.   Pipranaps 100 ml  V\u00f6\u00f6pits","og_url":"https:\/\/www.shoppe.ee\/et\/product\/tuline-suutais\/","og_site_name":"Shoppe by Olde Hansa","article_modified_time":"2024-11-14T09:32:36+00:00","og_image":[{"width":2560,"height":1709,"url":"https:\/\/www.shoppe.ee\/wp-content\/uploads\/2024\/11\/DSC2003-Edit-scaled.jpg","type":"image\/jpeg"}],"twitter_card":"summary_large_image","schema":{"@context":"https:\/\/schema.org","@graph":[{"@type":"WebPage","@id":"https:\/\/www.shoppe.ee\/et\/product\/tuline-suutais\/","url":"https:\/\/www.shoppe.ee\/et\/product\/tuline-suutais\/","name":"Tuline suut\u00e4is | Shoppe by Olde Hansa","isPartOf":{"@id":"https:\/\/www.shoppe.ee\/ru\/#website"},"primaryImageOfPage":{"@id":"https:\/\/www.shoppe.ee\/et\/product\/tuline-suutais\/#primaryimage"},"image":{"@id":"https:\/\/www.shoppe.ee\/et\/product\/tuline-suutais\/#primaryimage"},"thumbnailUrl":"https:\/\/www.shoppe.ee\/wp-content\/uploads\/2024\/11\/DSC2003-Edit-scaled.jpg","datePublished":"2024-11-08T13:14:32+00:00","dateModified":"2024-11-14T09:32:36+00:00","breadcrumb":{"@id":"https:\/\/www.shoppe.ee\/et\/product\/tuline-suutais\/#breadcrumb"},"inLanguage":"et","potentialAction":[{"@type":"ReadAction","target":["https:\/\/www.shoppe.ee\/et\/product\/tuline-suutais\/"]}]},{"@type":"ImageObject","inLanguage":"et","@id":"https:\/\/www.shoppe.ee\/et\/product\/tuline-suutais\/#primaryimage","url":"https:\/\/www.shoppe.ee\/wp-content\/uploads\/2024\/11\/DSC2003-Edit-scaled.jpg","contentUrl":"https:\/\/www.shoppe.ee\/wp-content\/uploads\/2024\/11\/DSC2003-Edit-scaled.jpg","width":2560,"height":1709},{"@type":"BreadcrumbList","@id":"https:\/\/www.shoppe.ee\/et\/product\/tuline-suutais\/#breadcrumb","itemListElement":[{"@type":"ListItem","position":1,"name":"Home","item":"https:\/\/www.shoppe.ee\/et\/"},{"@type":"ListItem","position":2,"name":"Shop","item":"https:\/\/www.shoppe.ee\/et\/shop\/"},{"@type":"ListItem","position":3,"name":"Tuline suut\u00e4is"}]},{"@type":"WebSite","@id":"https:\/\/www.shoppe.ee\/ru\/#website","url":"https:\/\/www.shoppe.ee\/ru\/","name":"Shoppe by Olde Hansa","description":"Food is good :)","potentialAction":[{"@type":"SearchAction","target":{"@type":"EntryPoint","urlTemplate":"https:\/\/www.shoppe.ee\/ru\/?s={search_term_string}"},"query-input":{"@type":"PropertyValueSpecification","valueRequired":true,"valueName":"search_term_string"}}],"inLanguage":"et"}]}},"_links":{"self":[{"href":"https:\/\/www.shoppe.ee\/et\/wp-json\/wp\/v2\/product\/10971","targetHints":{"allow":["GET"]}}],"collection":[{"href":"https:\/\/www.shoppe.ee\/et\/wp-json\/wp\/v2\/product"}],"about":[{"href":"https:\/\/www.shoppe.ee\/et\/wp-json\/wp\/v2\/types\/product"}],"author":[{"embeddable":true,"href":"https:\/\/www.shoppe.ee\/et\/wp-json\/wp\/v2\/users\/1"}],"wp:featuredmedia":[{"embeddable":true,"href":"https:\/\/www.shoppe.ee\/et\/wp-json\/wp\/v2\/media\/10962"}],"wp:attachment":[{"href":"https:\/\/www.shoppe.ee\/et\/wp-json\/wp\/v2\/media?parent=10971"}],"wp:term":[{"taxonomy":"product_brand","embeddable":true,"href":"https:\/\/www.shoppe.ee\/et\/wp-json\/wp\/v2\/product_brand?post=10971"},{"taxonomy":"product_cat","embeddable":true,"href":"https:\/\/www.shoppe.ee\/et\/wp-json\/wp\/v2\/product_cat?post=10971"},{"taxonomy":"product_tag","embeddable":true,"href":"https:\/\/www.shoppe.ee\/et\/wp-json\/wp\/v2\/product_tag?post=10971"}],"curies":[{"name":"wp","href":"https:\/\/api.w.org\/{rel}","templated":true}]}}