{"id":10875,"date":"2024-08-08T08:29:22","date_gmt":"2024-08-08T06:29:22","guid":{"rendered":"https:\/\/www.shoppe.ee\/?post_type=product&#038;p=10875"},"modified":"2024-08-08T08:43:39","modified_gmt":"2024-08-08T06:43:39","slug":"kuuslaugu-mousse-garlumami-120-g","status":"publish","type":"product","link":"https:\/\/www.shoppe.ee\/et\/product\/kuuslaugu-mousse-garlumami-120-g\/","title":{"rendered":"K\u00fc\u00fcslaugu mousse Garlumami 120 g"},"content":{"rendered":"<p>H\u00f5rk k\u00fc\u00fcslaugu-unelm Garlumami sobib suurep\u00e4raselt erinevate suupistete ja lihade kaaslaseks.<\/p>\n<p>&nbsp;<\/p>\n<p>Koostisosad:<\/p>\n<p>toidu\u00f5li, k\u00fc\u00fcslauk, happesuse regulaator \u00e4\u00e4dikhape, suhkur, l\u00f5hna- ja maitseaine, sool<\/p>\n<p>Toitumisalane teave 100 g kohta:<\/p>\n<p>Energia 697 kcal \/ 2945 kJ<\/p>\n<p>Rasvad 72,2 g<\/p>\n<p>millest k\u00fcllastunud rasvhapped 10,3 g<\/p>\n<p>Soolad 1,2 g<\/p>\n<p>S\u00fcsivesikud 11 g<\/p>\n<p>millest suhkrud 7,9 g<\/p>\n<p>Valgud o,8 g<\/p>\n<p>&nbsp;<\/p>\n<p>S\u00e4ilitamine: Kuivas ja jahedas. Avatuna k\u00fclmkapis.<\/p>\n","protected":false},"excerpt":{"rendered":"<p>H\u00f5rk k\u00fc\u00fcslaugu-unelm Garlumami sobib suurep\u00e4raselt erinevate suupistete ja lihade kaaslaseks.<\/p>\n<p>Koostisosad:<\/p>\n<p>toidu\u00f5li, k\u00fc\u00fcslauk, happesuse regulaator \u00e4\u00e4dikhape, suhkur, l\u00f5hna- ja maitseaine, sool<\/p>\n<p>Toitumisalane teave 100 g kohta:<\/p>\n<p>Energia 697 kcal \/ 2945 kJ<\/p>\n<p>Rasvad 72,2 g<\/p>\n<p>millest k\u00fcllastunud rasvhapped 10,3 g<\/p>\n<p>Soolad 1,2 g<\/p>\n<p>S\u00fcsivesikud 11 g<\/p>\n<p>millest suhkrud 7,9 g<\/p>\n<p>Valgud o,8 g<\/p>\n<p>S\u00e4ilitamine: Kuivas ja jahedas. Avatuna k\u00fclmkapis.<\/p>\n","protected":false},"author":1,"featured_media":10876,"template":"","meta":{"_acf_changed":false,"_monsterinsights_skip_tracking":false,"_monsterinsights_sitenote_active":false,"_monsterinsights_sitenote_note":"","_monsterinsights_sitenote_category":0},"product_brand":[],"product_cat":[114],"product_tag":[],"class_list":{"0":"post-10875","1":"product","2":"type-product","3":"status-publish","4":"has-post-thumbnail","6":"product_cat-maitsed","8":"first","9":"instock","10":"taxable","11":"shipping-taxable","12":"purchasable","13":"product-type-simple"},"acf":[],"yoast_head":"<!-- This site is optimized with the Yoast SEO plugin v26.4 - https:\/\/yoast.com\/wordpress\/plugins\/seo\/ -->\n<title>K\u00fc\u00fcslaugu mousse Garlumami 120 g | Shoppe by Olde Hansa<\/title>\n<meta name=\"description\" content=\"H\u00f5rk k\u00fc\u00fcslaugu-unelm Garlumami sobib suurep\u00e4raselt erinevate suupistete ja lihade kaaslaseks.Koostisosad:toidu\u00f5li, k\u00fc\u00fcslauk, happesuse regulaator \u00e4\u00e4dikhape, suhkur, l\u00f5hna- ja maitseaine, soolToitumisalane teave 100 g kohta:\u00a0Energia 697 kcal \/ 2945 kJRasvad 72,2 gmillest k\u00fcllastunud rasvhapped 10,3 gSoolad 1,2 g\u00a0S\u00fcsivesikud 11 g\u00a0millest suhkrud 7,9 gValgud o,8 g\u00a0S\u00e4ilitamine: Kuivas ja jahedas. Avatuna k\u00fclmkapis.\" \/>\n<meta name=\"robots\" content=\"index, follow, max-snippet:-1, max-image-preview:large, max-video-preview:-1\" \/>\n<link rel=\"canonical\" href=\"https:\/\/www.shoppe.ee\/et\/product\/kuuslaugu-mousse-garlumami-120-g\/\" \/>\n<meta property=\"og:locale\" content=\"et_EE\" \/>\n<meta property=\"og:type\" content=\"article\" \/>\n<meta property=\"og:title\" content=\"K\u00fc\u00fcslaugu mousse Garlumami 120 g | Shoppe by Olde Hansa\" \/>\n<meta property=\"og:description\" content=\"H\u00f5rk k\u00fc\u00fcslaugu-unelm Garlumami sobib suurep\u00e4raselt erinevate suupistete ja lihade kaaslaseks.Koostisosad:toidu\u00f5li, k\u00fc\u00fcslauk, happesuse regulaator \u00e4\u00e4dikhape, suhkur, l\u00f5hna- ja maitseaine, soolToitumisalane teave 100 g kohta:\u00a0Energia 697 kcal \/ 2945 kJRasvad 72,2 gmillest k\u00fcllastunud rasvhapped 10,3 gSoolad 1,2 g\u00a0S\u00fcsivesikud 11 g\u00a0millest suhkrud 7,9 gValgud o,8 g\u00a0S\u00e4ilitamine: Kuivas ja jahedas. Avatuna k\u00fclmkapis.\" \/>\n<meta property=\"og:url\" content=\"https:\/\/www.shoppe.ee\/et\/product\/kuuslaugu-mousse-garlumami-120-g\/\" \/>\n<meta property=\"og:site_name\" content=\"Shoppe by Olde Hansa\" \/>\n<meta property=\"article:modified_time\" content=\"2024-08-08T06:43:39+00:00\" \/>\n<meta property=\"og:image\" content=\"https:\/\/www.shoppe.ee\/wp-content\/uploads\/2024\/08\/Garlumami-120-jar-pic-scaled.jpg\" \/>\n\t<meta property=\"og:image:width\" content=\"2560\" \/>\n\t<meta property=\"og:image:height\" content=\"2560\" \/>\n\t<meta property=\"og:image:type\" content=\"image\/jpeg\" \/>\n<meta name=\"twitter:card\" content=\"summary_large_image\" \/>\n<meta name=\"twitter:label1\" content=\"Est. reading time\" \/>\n\t<meta name=\"twitter:data1\" content=\"1 minut\" \/>\n<script type=\"application\/ld+json\" class=\"yoast-schema-graph\">{\"@context\":\"https:\/\/schema.org\",\"@graph\":[{\"@type\":\"WebPage\",\"@id\":\"https:\/\/www.shoppe.ee\/et\/product\/kuuslaugu-mousse-garlumami-120-g\/\",\"url\":\"https:\/\/www.shoppe.ee\/et\/product\/kuuslaugu-mousse-garlumami-120-g\/\",\"name\":\"K\u00fc\u00fcslaugu mousse Garlumami 120 g | Shoppe by Olde Hansa\",\"isPartOf\":{\"@id\":\"https:\/\/www.shoppe.ee\/ru\/#website\"},\"primaryImageOfPage\":{\"@id\":\"https:\/\/www.shoppe.ee\/et\/product\/kuuslaugu-mousse-garlumami-120-g\/#primaryimage\"},\"image\":{\"@id\":\"https:\/\/www.shoppe.ee\/et\/product\/kuuslaugu-mousse-garlumami-120-g\/#primaryimage\"},\"thumbnailUrl\":\"https:\/\/www.shoppe.ee\/wp-content\/uploads\/2024\/08\/Garlumami-120-jar-pic-scaled.jpg\",\"datePublished\":\"2024-08-08T06:29:22+00:00\",\"dateModified\":\"2024-08-08T06:43:39+00:00\",\"description\":\"H\u00f5rk k\u00fc\u00fcslaugu-unelm Garlumami sobib suurep\u00e4raselt erinevate suupistete ja lihade kaaslaseks.Koostisosad:toidu\u00f5li, k\u00fc\u00fcslauk, happesuse regulaator \u00e4\u00e4dikhape, suhkur, l\u00f5hna- ja maitseaine, soolToitumisalane teave 100 g kohta:\u00a0Energia 697 kcal \/ 2945 kJRasvad 72,2 gmillest k\u00fcllastunud rasvhapped 10,3 gSoolad 1,2 g\u00a0S\u00fcsivesikud 11 g\u00a0millest suhkrud 7,9 gValgud o,8 g\u00a0S\u00e4ilitamine: Kuivas ja jahedas. Avatuna k\u00fclmkapis.\",\"breadcrumb\":{\"@id\":\"https:\/\/www.shoppe.ee\/et\/product\/kuuslaugu-mousse-garlumami-120-g\/#breadcrumb\"},\"inLanguage\":\"et\",\"potentialAction\":[{\"@type\":\"ReadAction\",\"target\":[\"https:\/\/www.shoppe.ee\/et\/product\/kuuslaugu-mousse-garlumami-120-g\/\"]}]},{\"@type\":\"ImageObject\",\"inLanguage\":\"et\",\"@id\":\"https:\/\/www.shoppe.ee\/et\/product\/kuuslaugu-mousse-garlumami-120-g\/#primaryimage\",\"url\":\"https:\/\/www.shoppe.ee\/wp-content\/uploads\/2024\/08\/Garlumami-120-jar-pic-scaled.jpg\",\"contentUrl\":\"https:\/\/www.shoppe.ee\/wp-content\/uploads\/2024\/08\/Garlumami-120-jar-pic-scaled.jpg\",\"width\":2560,\"height\":2560},{\"@type\":\"BreadcrumbList\",\"@id\":\"https:\/\/www.shoppe.ee\/et\/product\/kuuslaugu-mousse-garlumami-120-g\/#breadcrumb\",\"itemListElement\":[{\"@type\":\"ListItem\",\"position\":1,\"name\":\"Home\",\"item\":\"https:\/\/www.shoppe.ee\/et\/\"},{\"@type\":\"ListItem\",\"position\":2,\"name\":\"Shop\",\"item\":\"https:\/\/www.shoppe.ee\/et\/shop\/\"},{\"@type\":\"ListItem\",\"position\":3,\"name\":\"K\u00fc\u00fcslaugu mousse Garlumami 120 g\"}]},{\"@type\":\"WebSite\",\"@id\":\"https:\/\/www.shoppe.ee\/ru\/#website\",\"url\":\"https:\/\/www.shoppe.ee\/ru\/\",\"name\":\"Shoppe by Olde Hansa\",\"description\":\"Food is good :)\",\"potentialAction\":[{\"@type\":\"SearchAction\",\"target\":{\"@type\":\"EntryPoint\",\"urlTemplate\":\"https:\/\/www.shoppe.ee\/ru\/?s={search_term_string}\"},\"query-input\":{\"@type\":\"PropertyValueSpecification\",\"valueRequired\":true,\"valueName\":\"search_term_string\"}}],\"inLanguage\":\"et\"}]}<\/script>\n<!-- \/ Yoast SEO plugin. -->","yoast_head_json":{"title":"K\u00fc\u00fcslaugu mousse Garlumami 120 g | Shoppe by Olde Hansa","description":"H\u00f5rk k\u00fc\u00fcslaugu-unelm Garlumami sobib suurep\u00e4raselt erinevate suupistete ja lihade kaaslaseks.Koostisosad:toidu\u00f5li, k\u00fc\u00fcslauk, happesuse regulaator \u00e4\u00e4dikhape, suhkur, l\u00f5hna- ja maitseaine, soolToitumisalane teave 100 g kohta:\u00a0Energia 697 kcal \/ 2945 kJRasvad 72,2 gmillest k\u00fcllastunud rasvhapped 10,3 gSoolad 1,2 g\u00a0S\u00fcsivesikud 11 g\u00a0millest suhkrud 7,9 gValgud o,8 g\u00a0S\u00e4ilitamine: Kuivas ja jahedas. Avatuna k\u00fclmkapis.","robots":{"index":"index","follow":"follow","max-snippet":"max-snippet:-1","max-image-preview":"max-image-preview:large","max-video-preview":"max-video-preview:-1"},"canonical":"https:\/\/www.shoppe.ee\/et\/product\/kuuslaugu-mousse-garlumami-120-g\/","og_locale":"et_EE","og_type":"article","og_title":"K\u00fc\u00fcslaugu mousse Garlumami 120 g | Shoppe by Olde Hansa","og_description":"H\u00f5rk k\u00fc\u00fcslaugu-unelm Garlumami sobib suurep\u00e4raselt erinevate suupistete ja lihade kaaslaseks.Koostisosad:toidu\u00f5li, k\u00fc\u00fcslauk, happesuse regulaator \u00e4\u00e4dikhape, suhkur, l\u00f5hna- ja maitseaine, soolToitumisalane teave 100 g kohta:\u00a0Energia 697 kcal \/ 2945 kJRasvad 72,2 gmillest k\u00fcllastunud rasvhapped 10,3 gSoolad 1,2 g\u00a0S\u00fcsivesikud 11 g\u00a0millest suhkrud 7,9 gValgud o,8 g\u00a0S\u00e4ilitamine: Kuivas ja jahedas. Avatuna k\u00fclmkapis.","og_url":"https:\/\/www.shoppe.ee\/et\/product\/kuuslaugu-mousse-garlumami-120-g\/","og_site_name":"Shoppe by Olde Hansa","article_modified_time":"2024-08-08T06:43:39+00:00","og_image":[{"width":2560,"height":2560,"url":"https:\/\/www.shoppe.ee\/wp-content\/uploads\/2024\/08\/Garlumami-120-jar-pic-scaled.jpg","type":"image\/jpeg"}],"twitter_card":"summary_large_image","twitter_misc":{"Est. reading time":"1 minut"},"schema":{"@context":"https:\/\/schema.org","@graph":[{"@type":"WebPage","@id":"https:\/\/www.shoppe.ee\/et\/product\/kuuslaugu-mousse-garlumami-120-g\/","url":"https:\/\/www.shoppe.ee\/et\/product\/kuuslaugu-mousse-garlumami-120-g\/","name":"K\u00fc\u00fcslaugu mousse Garlumami 120 g | Shoppe by Olde Hansa","isPartOf":{"@id":"https:\/\/www.shoppe.ee\/ru\/#website"},"primaryImageOfPage":{"@id":"https:\/\/www.shoppe.ee\/et\/product\/kuuslaugu-mousse-garlumami-120-g\/#primaryimage"},"image":{"@id":"https:\/\/www.shoppe.ee\/et\/product\/kuuslaugu-mousse-garlumami-120-g\/#primaryimage"},"thumbnailUrl":"https:\/\/www.shoppe.ee\/wp-content\/uploads\/2024\/08\/Garlumami-120-jar-pic-scaled.jpg","datePublished":"2024-08-08T06:29:22+00:00","dateModified":"2024-08-08T06:43:39+00:00","description":"H\u00f5rk k\u00fc\u00fcslaugu-unelm Garlumami sobib suurep\u00e4raselt erinevate suupistete ja lihade kaaslaseks.Koostisosad:toidu\u00f5li, k\u00fc\u00fcslauk, happesuse regulaator \u00e4\u00e4dikhape, suhkur, l\u00f5hna- ja maitseaine, soolToitumisalane teave 100 g kohta:\u00a0Energia 697 kcal \/ 2945 kJRasvad 72,2 gmillest k\u00fcllastunud rasvhapped 10,3 gSoolad 1,2 g\u00a0S\u00fcsivesikud 11 g\u00a0millest suhkrud 7,9 gValgud o,8 g\u00a0S\u00e4ilitamine: Kuivas ja jahedas. Avatuna k\u00fclmkapis.","breadcrumb":{"@id":"https:\/\/www.shoppe.ee\/et\/product\/kuuslaugu-mousse-garlumami-120-g\/#breadcrumb"},"inLanguage":"et","potentialAction":[{"@type":"ReadAction","target":["https:\/\/www.shoppe.ee\/et\/product\/kuuslaugu-mousse-garlumami-120-g\/"]}]},{"@type":"ImageObject","inLanguage":"et","@id":"https:\/\/www.shoppe.ee\/et\/product\/kuuslaugu-mousse-garlumami-120-g\/#primaryimage","url":"https:\/\/www.shoppe.ee\/wp-content\/uploads\/2024\/08\/Garlumami-120-jar-pic-scaled.jpg","contentUrl":"https:\/\/www.shoppe.ee\/wp-content\/uploads\/2024\/08\/Garlumami-120-jar-pic-scaled.jpg","width":2560,"height":2560},{"@type":"BreadcrumbList","@id":"https:\/\/www.shoppe.ee\/et\/product\/kuuslaugu-mousse-garlumami-120-g\/#breadcrumb","itemListElement":[{"@type":"ListItem","position":1,"name":"Home","item":"https:\/\/www.shoppe.ee\/et\/"},{"@type":"ListItem","position":2,"name":"Shop","item":"https:\/\/www.shoppe.ee\/et\/shop\/"},{"@type":"ListItem","position":3,"name":"K\u00fc\u00fcslaugu mousse Garlumami 120 g"}]},{"@type":"WebSite","@id":"https:\/\/www.shoppe.ee\/ru\/#website","url":"https:\/\/www.shoppe.ee\/ru\/","name":"Shoppe by Olde Hansa","description":"Food is good :)","potentialAction":[{"@type":"SearchAction","target":{"@type":"EntryPoint","urlTemplate":"https:\/\/www.shoppe.ee\/ru\/?s={search_term_string}"},"query-input":{"@type":"PropertyValueSpecification","valueRequired":true,"valueName":"search_term_string"}}],"inLanguage":"et"}]}},"_links":{"self":[{"href":"https:\/\/www.shoppe.ee\/et\/wp-json\/wp\/v2\/product\/10875","targetHints":{"allow":["GET"]}}],"collection":[{"href":"https:\/\/www.shoppe.ee\/et\/wp-json\/wp\/v2\/product"}],"about":[{"href":"https:\/\/www.shoppe.ee\/et\/wp-json\/wp\/v2\/types\/product"}],"author":[{"embeddable":true,"href":"https:\/\/www.shoppe.ee\/et\/wp-json\/wp\/v2\/users\/1"}],"wp:featuredmedia":[{"embeddable":true,"href":"https:\/\/www.shoppe.ee\/et\/wp-json\/wp\/v2\/media\/10876"}],"wp:attachment":[{"href":"https:\/\/www.shoppe.ee\/et\/wp-json\/wp\/v2\/media?parent=10875"}],"wp:term":[{"taxonomy":"product_brand","embeddable":true,"href":"https:\/\/www.shoppe.ee\/et\/wp-json\/wp\/v2\/product_brand?post=10875"},{"taxonomy":"product_cat","embeddable":true,"href":"https:\/\/www.shoppe.ee\/et\/wp-json\/wp\/v2\/product_cat?post=10875"},{"taxonomy":"product_tag","embeddable":true,"href":"https:\/\/www.shoppe.ee\/et\/wp-json\/wp\/v2\/product_tag?post=10875"}],"curies":[{"name":"wp","href":"https:\/\/api.w.org\/{rel}","templated":true}]}}