{"id":5950,"date":"2018-06-07T20:53:34","date_gmt":"2018-06-07T17:53:34","guid":{"rendered":"https:\/\/www.shoppe.ee\/about-shoppe\/"},"modified":"2018-09-11T13:19:24","modified_gmt":"2018-09-11T10:19:24","slug":"about-shoppe","status":"publish","type":"page","link":"https:\/\/www.shoppe.ee\/et\/about-shoppe\/","title":{"rendered":"Shoppest"},"content":{"rendered":"[vc_row][vc_column][vc_column_text]Hoone mis palju sajandeid tagasi toimis kui m\u00fc\u00fcgikoht uhke import kauba jaoks , hakkas taas oma ajaloolist \u00fclesannet t\u00e4itma \u20138. Detsembril AD 2005 mil avas oma uksed Olde Hansa Shoppe.<\/p>\n<p>Meie poest leiab erivat kasit\u00f6\u00f6 kaupa mis on valmistatud sajandite taguste leidude j\u00e4rgi n\u00e4iteks: keraamikat, klaase, nahka, metalli, h\u00f5bedast ehteid aga ka autentseid keskaegseid kingi!<\/p>\n<p>K\u00f5ik poes m\u00fc\u00fcgil olevad tooted on tehtud koost\u00f6\u00f6s Olde Hansa peadisainer Martin Miksoni ja teiste tunnustatud Eesti kunstnike ning k\u00e4sit\u00f6\u00f6meistritega &#8211; keraamika on teinud Eesti Kunstiakadeemia professor Leo Rohlin, ja keraamik Rita Randmaa, riided on disaininud Riina P\u00f5ldroos, Rene Haljasm\u00e4e nahktooted ja klaasid klaasimeister Anne Liis Leht.[\/vc_column_text][\/vc_column][\/vc_row]\n","protected":false},"excerpt":{"rendered":"<p>[vc_row][vc_column][vc_column_text]Hoone mis palju sajandeid tagasi toimis kui m\u00fc\u00fcgikoht uhke import kauba jaoks , hakkas taas oma ajaloolist \u00fclesannet t\u00e4itma \u20138. Detsembril AD 2005 mil avas oma uksed Olde Hansa Shoppe. Meie poest leiab erivat kasit\u00f6\u00f6 kaupa mis on valmistatud sajandite taguste leidude j\u00e4rgi n\u00e4iteks: keraamikat, klaase, nahka, metalli, h\u00f5bedast ehteid aga ka autentseid keskaegseid kingi!&#8230;<\/p>\n","protected":false},"author":1,"featured_media":0,"parent":0,"menu_order":0,"comment_status":"closed","ping_status":"closed","template":"","meta":{"_acf_changed":false,"_monsterinsights_skip_tracking":false,"_monsterinsights_sitenote_active":false,"_monsterinsights_sitenote_note":"","_monsterinsights_sitenote_category":0,"footnotes":""},"class_list":["post-5950","page","type-page","status-publish","hentry"],"acf":[],"yoast_head":"<!-- This site is optimized with the Yoast SEO plugin v26.4 - https:\/\/yoast.com\/wordpress\/plugins\/seo\/ -->\n<title>Shoppest | Shoppe by Olde Hansa<\/title>\n<meta name=\"description\" content=\"Famous throughout the world as the \u2018most authentic medieval dining experience ever\u2019. Olde Hansa has touched the hearts &amp; emotions of thousands of travellers from over 130 countries\" \/>\n<meta name=\"robots\" content=\"index, follow, max-snippet:-1, max-image-preview:large, max-video-preview:-1\" \/>\n<link rel=\"canonical\" href=\"https:\/\/www.shoppe.ee\/et\/about-shoppe\/\" \/>\n<meta property=\"og:locale\" content=\"et_EE\" \/>\n<meta property=\"og:type\" content=\"article\" \/>\n<meta property=\"og:title\" content=\"Shoppest | Shoppe by Olde Hansa\" \/>\n<meta property=\"og:description\" content=\"Famous throughout the world as the \u2018most authentic medieval dining experience ever\u2019. Olde Hansa has touched the hearts &amp; emotions of thousands of travellers from over 130 countries\" \/>\n<meta property=\"og:url\" content=\"https:\/\/www.shoppe.ee\/et\/about-shoppe\/\" \/>\n<meta property=\"og:site_name\" content=\"Shoppe by Olde Hansa\" \/>\n<meta property=\"article:modified_time\" content=\"2018-09-11T10:19:24+00:00\" \/>\n<meta name=\"twitter:card\" content=\"summary_large_image\" \/>\n<meta name=\"twitter:label1\" content=\"Est. reading time\" \/>\n\t<meta name=\"twitter:data1\" content=\"1 minut\" \/>\n<script type=\"application\/ld+json\" class=\"yoast-schema-graph\">{\"@context\":\"https:\/\/schema.org\",\"@graph\":[{\"@type\":\"WebPage\",\"@id\":\"https:\/\/www.shoppe.ee\/et\/about-shoppe\/\",\"url\":\"https:\/\/www.shoppe.ee\/et\/about-shoppe\/\",\"name\":\"Shoppest | Shoppe by Olde Hansa\",\"isPartOf\":{\"@id\":\"https:\/\/www.shoppe.ee\/ru\/#website\"},\"datePublished\":\"2018-06-07T17:53:34+00:00\",\"dateModified\":\"2018-09-11T10:19:24+00:00\",\"description\":\"Famous throughout the world as the \u2018most authentic medieval dining experience ever\u2019. Olde Hansa has touched the hearts & emotions of thousands of travellers from over 130 countries\",\"breadcrumb\":{\"@id\":\"https:\/\/www.shoppe.ee\/et\/about-shoppe\/#breadcrumb\"},\"inLanguage\":\"et\",\"potentialAction\":[{\"@type\":\"ReadAction\",\"target\":[\"https:\/\/www.shoppe.ee\/et\/about-shoppe\/\"]}]},{\"@type\":\"BreadcrumbList\",\"@id\":\"https:\/\/www.shoppe.ee\/et\/about-shoppe\/#breadcrumb\",\"itemListElement\":[{\"@type\":\"ListItem\",\"position\":1,\"name\":\"Home\",\"item\":\"https:\/\/www.shoppe.ee\/et\/\"},{\"@type\":\"ListItem\",\"position\":2,\"name\":\"Shoppest\"}]},{\"@type\":\"WebSite\",\"@id\":\"https:\/\/www.shoppe.ee\/ru\/#website\",\"url\":\"https:\/\/www.shoppe.ee\/ru\/\",\"name\":\"Shoppe by Olde Hansa\",\"description\":\"Food is good :)\",\"potentialAction\":[{\"@type\":\"SearchAction\",\"target\":{\"@type\":\"EntryPoint\",\"urlTemplate\":\"https:\/\/www.shoppe.ee\/ru\/?s={search_term_string}\"},\"query-input\":{\"@type\":\"PropertyValueSpecification\",\"valueRequired\":true,\"valueName\":\"search_term_string\"}}],\"inLanguage\":\"et\"}]}<\/script>\n<!-- \/ Yoast SEO plugin. -->","yoast_head_json":{"title":"Shoppest | Shoppe by Olde Hansa","description":"Famous throughout the world as the \u2018most authentic medieval dining experience ever\u2019. Olde Hansa has touched the hearts & emotions of thousands of travellers from over 130 countries","robots":{"index":"index","follow":"follow","max-snippet":"max-snippet:-1","max-image-preview":"max-image-preview:large","max-video-preview":"max-video-preview:-1"},"canonical":"https:\/\/www.shoppe.ee\/et\/about-shoppe\/","og_locale":"et_EE","og_type":"article","og_title":"Shoppest | Shoppe by Olde Hansa","og_description":"Famous throughout the world as the \u2018most authentic medieval dining experience ever\u2019. Olde Hansa has touched the hearts & emotions of thousands of travellers from over 130 countries","og_url":"https:\/\/www.shoppe.ee\/et\/about-shoppe\/","og_site_name":"Shoppe by Olde Hansa","article_modified_time":"2018-09-11T10:19:24+00:00","twitter_card":"summary_large_image","twitter_misc":{"Est. reading time":"1 minut"},"schema":{"@context":"https:\/\/schema.org","@graph":[{"@type":"WebPage","@id":"https:\/\/www.shoppe.ee\/et\/about-shoppe\/","url":"https:\/\/www.shoppe.ee\/et\/about-shoppe\/","name":"Shoppest | Shoppe by Olde Hansa","isPartOf":{"@id":"https:\/\/www.shoppe.ee\/ru\/#website"},"datePublished":"2018-06-07T17:53:34+00:00","dateModified":"2018-09-11T10:19:24+00:00","description":"Famous throughout the world as the \u2018most authentic medieval dining experience ever\u2019. Olde Hansa has touched the hearts & emotions of thousands of travellers from over 130 countries","breadcrumb":{"@id":"https:\/\/www.shoppe.ee\/et\/about-shoppe\/#breadcrumb"},"inLanguage":"et","potentialAction":[{"@type":"ReadAction","target":["https:\/\/www.shoppe.ee\/et\/about-shoppe\/"]}]},{"@type":"BreadcrumbList","@id":"https:\/\/www.shoppe.ee\/et\/about-shoppe\/#breadcrumb","itemListElement":[{"@type":"ListItem","position":1,"name":"Home","item":"https:\/\/www.shoppe.ee\/et\/"},{"@type":"ListItem","position":2,"name":"Shoppest"}]},{"@type":"WebSite","@id":"https:\/\/www.shoppe.ee\/ru\/#website","url":"https:\/\/www.shoppe.ee\/ru\/","name":"Shoppe by Olde Hansa","description":"Food is good :)","potentialAction":[{"@type":"SearchAction","target":{"@type":"EntryPoint","urlTemplate":"https:\/\/www.shoppe.ee\/ru\/?s={search_term_string}"},"query-input":{"@type":"PropertyValueSpecification","valueRequired":true,"valueName":"search_term_string"}}],"inLanguage":"et"}]}},"_links":{"self":[{"href":"https:\/\/www.shoppe.ee\/et\/wp-json\/wp\/v2\/pages\/5950","targetHints":{"allow":["GET"]}}],"collection":[{"href":"https:\/\/www.shoppe.ee\/et\/wp-json\/wp\/v2\/pages"}],"about":[{"href":"https:\/\/www.shoppe.ee\/et\/wp-json\/wp\/v2\/types\/page"}],"author":[{"embeddable":true,"href":"https:\/\/www.shoppe.ee\/et\/wp-json\/wp\/v2\/users\/1"}],"replies":[{"embeddable":true,"href":"https:\/\/www.shoppe.ee\/et\/wp-json\/wp\/v2\/comments?post=5950"}],"version-history":[{"count":4,"href":"https:\/\/www.shoppe.ee\/et\/wp-json\/wp\/v2\/pages\/5950\/revisions"}],"predecessor-version":[{"id":5978,"href":"https:\/\/www.shoppe.ee\/et\/wp-json\/wp\/v2\/pages\/5950\/revisions\/5978"}],"wp:attachment":[{"href":"https:\/\/www.shoppe.ee\/et\/wp-json\/wp\/v2\/media?parent=5950"}],"curies":[{"name":"wp","href":"https:\/\/api.w.org\/{rel}","templated":true}]}}