{"id":5928,"date":"2018-06-16T19:11:55","date_gmt":"2018-06-16T16:11:55","guid":{"rendered":"https:\/\/www.shoppe.ee\/terms-conditions\/"},"modified":"2018-09-11T13:25:11","modified_gmt":"2018-09-11T10:25:11","slug":"terms-conditions","status":"publish","type":"page","link":"https:\/\/www.shoppe.ee\/et\/terms-conditions\/","title":{"rendered":"Ostu- ja m\u00fc\u00fcgitingimused"},"content":{"rendered":"<h2><strong>Ostu- ja m\u00fc\u00fcgitingimused<\/strong><\/h2>\n<p><strong>TELLIMINE<\/strong><br \/>\nKauba v\u00e4ljavalimise j\u00e4rel tuleb toode\/tooted lisada ostukorvi.<br \/>\nOstukorvi saate n\u00e4ha, kui vajutate kodulehe p\u00e4ises olevale \u201eOstukorvi\u201c nupule ning liigute edasi ostukorvi lehele.<br \/>\nOstukorvis on n\u00e4htavad k\u00f5ik sinna lisatud tooted nimekirjana ning iga toote kohta on kuvatud soovitud hulk (tk) ja hind. Samuti kogu ostukorvi maksumus.<br \/>\nTellimuse vormistamise alustamiseks vajutage nupule \u201evormista ost\u201c, mis viib teid edasi kassa lehele.<br \/>\nTellimuse vormistamiseks palume t\u00e4ita paki kohale toimetamiseks vajalikud andmed. Kui soovite paki saata kellelegi teisele \u2013 n\u00e4iteks kingituseks, palume aktiveerida kohaletoimetamine teisele aadressile ning sisestada paki vastuv\u00f5tja andmed.<\/p>\n<p>Tellimuse kinnitamisel vormistatakse teile tellimusleht, mis on v\u00f5imalik tasuda koheselt pangalingi, Paypali, krediitkaardi v\u00f5i panga\u00fclekandega. Pangalingiga maksmiseks kl\u00f5psake Maksekeskuse ikoonile. Maksevahendina kehtib euro.<br \/>\nTooted postitatame teile peale arve tasumist. Paki komplekteerimine v\u00f5tab aega kuni 7 t\u00f6\u00f6p\u00e4eva ning postitatakse m\u00e4\u00e4ratud aadressile.<br \/>\nTellija poolt edastatud e-posti aadress annab \u00f5iguse Starmaker O\u00dc keskonnal edastada aeg-ajalt uudistooteid puudutavaid uudiskirju.<br \/>\nSoovime teile meeldivaid ostukogemusi meie veebipoes!<\/p>\n<p><strong>MAKSEVIISID<\/strong><br \/>\nStarmaker O\u00dc veebipoes pakume ostu eest tasumiseks j\u00e4rgnevaid v\u00f5imalusi:<br \/>\nPangalingid<br \/>\nEesti: Swedbank, SEB, Luminor, LHV, Coop, Pocopay and Liisi ID.<br \/>\nL\u00e4tis: SEB, Citadele and Luminor.<br \/>\nLeedus: Swedbank, SEB and Luminor.<br \/>\nSoomes: Aktia, \u00c5landsbanken, Danske, Handelsbanken, Nordea, Oma S\u00e4\u00e4stopankki, Pohjola, POP Pankki, S-Pankki and S\u00e4\u00e4stopankki.<br \/>\nOn the confirmation of the order, an order form is displayed on the screen. To pay with the bank link, click on the Maksekeskus icon. We accept euros for paying. A copy of the order will also be sent to your email address in case you want to pay for the order later.<br \/>\nPanga\u00fclekanne<br \/>\nTellimuse kinnitamisel kuvatakse ekraanile tellimusleht.<br \/>\nPaypal\/Krediitkaart<br \/>\nTellimuse kinnitamiseks saabuvad teavitused vastavalt Paypal enda etten\u00e4htud korrale.<\/p>\n<p>Koopia tellimusest saabub koheselt ka teie e-posti aadressile.<\/p>\n<p><strong>TOOTE HIND<\/strong><br \/>\nK\u00f5ik hinnad Starmaker O\u00dc veebipoes sisaldavad k\u00e4ibemaksu 20%. Hinnad on kuvatud eurodes (\u20ac).<br \/>\nHinnad kehtivad alates tellimuse vormistamisest kuni vormistatud tellimuse makset\u00e4htaja aegumiseni (7 p\u00e4eva m\u00f6\u00f6dudes alates tellimuse vormistamisest).<br \/>\nKui tellimus on esitatud enne m\u00fc\u00fcgitingimuste v\u00f5i hindade muutmist, kohandatakse Kliendi ja Starmaker O\u00dc vahel tekkinud \u00f5igussuhetele tellimuse vormistamise ajal kehtinud tingimusi.<\/p>\n<p><strong>KAMPAANIAD<\/strong><br \/>\nVastavalt turundusplaanile reklaamime kampaania k\u00e4igus tooteid, mida saab osta meie veebipoest www.shoppe.ee. Kampaaniad on soodustuskampaaniad, mille k\u00e4igus Starmaker O\u00dc annab v\u00e4ljakuulutatud toodetelt % soodustust . Kliendid saavad ostukorvis kasutada vastavat sooduskoodi. Kampaaniatest ja allahindluse \u00fcksikasjadest teavitatakse sotsiaalmeedia (Facebook, Instagram) ja\/v\u00f5i uudiskirjade kaudu ning veebilehe www.shoppe.ee esilehel.<\/p>\n<p><strong>TRANSPORT<\/strong><br \/>\nOstudele lisandub transpordi hind vastavalt Kliendi valitud tarneviisile:<br \/>\n\u00b7Itella Smartpost<br \/>\n\u00b7Omniva<br \/>\n\u00b7Saate tulla j\u00e4rele ka meie esindusse (Vanaturu kael 12)<br \/>\n\u00b7Pakipoint O\u00dc<br \/>\nKaubad l\u00e4hetatakse tellija poolt sisestatud saatmisaadressile.<\/p>\n<p><strong>KAUBA \u00dcLEANDMISE JA SAATMISE KORD<\/strong><br \/>\nPeale m\u00fc\u00fcgilepingu j\u00f5ustumist (Kliendipoolset tellimuse tasumist) komplekteerib Starmaker O\u00dc tellimuse ning annab selle \u00fcle kohaletoimetamiseks meie logistikapartneritele.<br \/>\nT\u00f6\u00f6p\u00e4evadel enne 15.00 esitatud ja makstud tellimused saate reeglina k\u00e4tte 14 t\u00f6\u00f6p\u00e4eva jooksul. Saartel v\u00f5ib kohaletoimetamine aega v\u00f5tta kuni 20 p\u00e4eva. Saartele v\u00f5ib kauba k\u00e4ttetoimetamine v\u00f5tta aega kuni 20 p\u00e4eva. V\u00e4ljaspoole Eestit toimetatavate kaupade tarneaeg on s\u00f5ltuvalt valitud saatmisviisist kuni 30 t\u00f6\u00f6p\u00e4eva. Juhul kui mingil p\u00f5hjusel saadetis viibib, lepib Starmaker O\u00dc klienditugi Kliendiga kokku sobiva tarneaja.<br \/>\nEelnevalt n\u00e4idatud kohaletoimetamise t\u00e4htajad kehtivad tellimuse tasumise hetkest.<br \/>\nViivitusteta kohaletoimetamiseks palume olla hoolikad kohaletoimetamise andmete sisestamisel tellimuse vormistamisel.<br \/>\nTranspordi k\u00e4igus vigastada saanud saadetistele kus tooted, kuid mitte tootepakendid, on saanud kahjustusi saavad kliendile asendatud. Asendamise v\u00f5imatuks osutumise korral pakume kahjustatud kauba maksumuse h\u00fcvitamist.<br \/>\nStarmaker O\u00dc ei vastuta kauba kohaletoimetamise viibimise eest juhul, kui kaup on logistikapartneritele \u00fcle antud Kliendile lubatud kohaletoimetamise p\u00e4evaks \u00f5igeaegselt, kuid kohaletoimetamise viibimine on tingitud asjaoludest mida Starmaker O\u00dc ei saanud m\u00f5jutada v\u00f5i ette n\u00e4ha.<\/p>\n<p><strong>PRIVAATSUSTINGIMUSED<\/strong><br \/>\nK\u00f5iki Starmaker O\u00dc e-poe k\u00fclastamise ja ostude sooritamise k\u00e4igus teatavaks saanud kliendi isikuandmeid k\u00e4sitletakse kui konfidentsiaalset infot. Kr\u00fcpteeritud andmesidekanal pankadega tagab ostu sooritaja isikuandmete ja pangarekvisiitide turvalisuse.<br \/>\nStarmaker O\u00dc rakendab k\u00f5iki ettevaatusabin\u00f5usid (sh administratiivsed, tehnilised ja f\u00fc\u00fcsilised meetmed) kliendi isikuandmete kaitsmiseks. Juurdep\u00e4\u00e4s andmete muutmiseks ja t\u00f6\u00f6tlemiseks on ainult selleks volitatud isikutel.<\/p>\n<p>Kaupmees on isikuandmete t\u00f6\u00f6tleja ja edastab isikuandmed, mida on vaja maksete teostamiseks volitatud t\u00f6\u00f6tlejale Maksekeskus AS.<\/p>\n<p>TAGASTAMIS\u00d5IGUS JA GARANTII<br \/>\nStarmaker O\u00dc veebipoest ostetud kaubale kehtib teile alates kauba k\u00e4ttesaamisest 14 p\u00e4evane tagastamis\u00f5igus. Tagastamis\u00f5igus on loodud garanteerimaks seda, et saadetud kaup vastaks tellitule.<br \/>\n\u00b7Tagastatav kaup peab olema kasutamata ja originaalpakendis.<br \/>\n\u00b7Kauba tagastamiseks tuleb esitada meile avaldus e-posti aadressil info@shoppe.ee 14 p\u00e4eva jooksul alates kauba k\u00e4tte saamisest.<br \/>\n\u00b7Kauba tagastamine toimub kliendi kulul ja sel puhul esialgset transporditasu ei h\u00fcvitata (v\u00e4lja arvatud juhul kui tagastatud kaup ei vasta tellitule).<br \/>\n\u00b7Kauba tagastamisel tuleb ostetud toode\/tooted tagastada viivitamatult, kuid mitte hiljem kui 30 p\u00e4eva jooksul.<br \/>\n\u00b7Raha tagastatud toodete eest h\u00fcvitatakse teile viivitamatult, kuid mitte hiljem kui 30 p\u00e4eva jooksul.<br \/>\nTarbija tagastus\u00f5igus on s\u00e4testatud \u00f5igusaktidega.<\/p>\n<p>PRETENSIOONIDE ESITAMISE t\u00e4htaeg on 30 p\u00e4eva tellimuse postitamisest.<\/p>\n","protected":false},"excerpt":{"rendered":"<p>Ostu- ja m\u00fc\u00fcgitingimused TELLIMINE Kauba v\u00e4ljavalimise j\u00e4rel tuleb toode\/tooted lisada ostukorvi. Ostukorvi saate n\u00e4ha, kui vajutate kodulehe p\u00e4ises olevale \u201eOstukorvi\u201c nupule ning liigute edasi ostukorvi lehele. Ostukorvis on n\u00e4htavad k\u00f5ik sinna lisatud tooted nimekirjana ning iga toote kohta on kuvatud soovitud hulk (tk) ja hind. Samuti kogu ostukorvi maksumus. Tellimuse vormistamise alustamiseks vajutage nupule \u201evormista&#8230;<\/p>\n","protected":false},"author":1,"featured_media":0,"parent":0,"menu_order":0,"comment_status":"closed","ping_status":"closed","template":"","meta":{"_acf_changed":false,"_monsterinsights_skip_tracking":false,"_monsterinsights_sitenote_active":false,"_monsterinsights_sitenote_note":"","_monsterinsights_sitenote_category":0,"footnotes":""},"class_list":["post-5928","page","type-page","status-publish","hentry"],"acf":[],"yoast_head":"<!-- This site is optimized with the Yoast SEO plugin v26.4 - https:\/\/yoast.com\/wordpress\/plugins\/seo\/ -->\n<title>Ostu- ja m\u00fc\u00fcgitingimused | Shoppe by Olde Hansa<\/title>\n<meta name=\"description\" content=\"Famous throughout the world as the \u2018most authentic medieval dining experience ever\u2019. Olde Hansa has touched the hearts &amp; emotions of thousands of travellers from over 130 countries\" \/>\n<meta name=\"robots\" content=\"index, follow, max-snippet:-1, max-image-preview:large, max-video-preview:-1\" \/>\n<link rel=\"canonical\" href=\"https:\/\/www.shoppe.ee\/et\/terms-conditions\/\" \/>\n<meta property=\"og:locale\" content=\"et_EE\" \/>\n<meta property=\"og:type\" content=\"article\" \/>\n<meta property=\"og:title\" content=\"Ostu- ja m\u00fc\u00fcgitingimused | Shoppe by Olde Hansa\" \/>\n<meta property=\"og:description\" content=\"Famous throughout the world as the \u2018most authentic medieval dining experience ever\u2019. Olde Hansa has touched the hearts &amp; emotions of thousands of travellers from over 130 countries\" \/>\n<meta property=\"og:url\" content=\"https:\/\/www.shoppe.ee\/et\/terms-conditions\/\" \/>\n<meta property=\"og:site_name\" content=\"Shoppe by Olde Hansa\" \/>\n<meta property=\"article:modified_time\" content=\"2018-09-11T10:25:11+00:00\" \/>\n<meta name=\"twitter:card\" content=\"summary_large_image\" \/>\n<meta name=\"twitter:label1\" content=\"Est. reading time\" \/>\n\t<meta name=\"twitter:data1\" content=\"4 minutit\" \/>\n<script type=\"application\/ld+json\" class=\"yoast-schema-graph\">{\"@context\":\"https:\/\/schema.org\",\"@graph\":[{\"@type\":\"WebPage\",\"@id\":\"https:\/\/www.shoppe.ee\/et\/terms-conditions\/\",\"url\":\"https:\/\/www.shoppe.ee\/et\/terms-conditions\/\",\"name\":\"Ostu- ja m\u00fc\u00fcgitingimused | Shoppe by Olde Hansa\",\"isPartOf\":{\"@id\":\"https:\/\/www.shoppe.ee\/ru\/#website\"},\"datePublished\":\"2018-06-16T16:11:55+00:00\",\"dateModified\":\"2018-09-11T10:25:11+00:00\",\"description\":\"Famous throughout the world as the \u2018most authentic medieval dining experience ever\u2019. Olde Hansa has touched the hearts & emotions of thousands of travellers from over 130 countries\",\"breadcrumb\":{\"@id\":\"https:\/\/www.shoppe.ee\/et\/terms-conditions\/#breadcrumb\"},\"inLanguage\":\"et\",\"potentialAction\":[{\"@type\":\"ReadAction\",\"target\":[\"https:\/\/www.shoppe.ee\/et\/terms-conditions\/\"]}]},{\"@type\":\"BreadcrumbList\",\"@id\":\"https:\/\/www.shoppe.ee\/et\/terms-conditions\/#breadcrumb\",\"itemListElement\":[{\"@type\":\"ListItem\",\"position\":1,\"name\":\"Home\",\"item\":\"https:\/\/www.shoppe.ee\/et\/\"},{\"@type\":\"ListItem\",\"position\":2,\"name\":\"Ostu- ja m\u00fc\u00fcgitingimused\"}]},{\"@type\":\"WebSite\",\"@id\":\"https:\/\/www.shoppe.ee\/ru\/#website\",\"url\":\"https:\/\/www.shoppe.ee\/ru\/\",\"name\":\"Shoppe by Olde Hansa\",\"description\":\"Food is good :)\",\"potentialAction\":[{\"@type\":\"SearchAction\",\"target\":{\"@type\":\"EntryPoint\",\"urlTemplate\":\"https:\/\/www.shoppe.ee\/ru\/?s={search_term_string}\"},\"query-input\":{\"@type\":\"PropertyValueSpecification\",\"valueRequired\":true,\"valueName\":\"search_term_string\"}}],\"inLanguage\":\"et\"}]}<\/script>\n<!-- \/ Yoast SEO plugin. -->","yoast_head_json":{"title":"Ostu- ja m\u00fc\u00fcgitingimused | Shoppe by Olde Hansa","description":"Famous throughout the world as the \u2018most authentic medieval dining experience ever\u2019. Olde Hansa has touched the hearts & emotions of thousands of travellers from over 130 countries","robots":{"index":"index","follow":"follow","max-snippet":"max-snippet:-1","max-image-preview":"max-image-preview:large","max-video-preview":"max-video-preview:-1"},"canonical":"https:\/\/www.shoppe.ee\/et\/terms-conditions\/","og_locale":"et_EE","og_type":"article","og_title":"Ostu- ja m\u00fc\u00fcgitingimused | Shoppe by Olde Hansa","og_description":"Famous throughout the world as the \u2018most authentic medieval dining experience ever\u2019. Olde Hansa has touched the hearts & emotions of thousands of travellers from over 130 countries","og_url":"https:\/\/www.shoppe.ee\/et\/terms-conditions\/","og_site_name":"Shoppe by Olde Hansa","article_modified_time":"2018-09-11T10:25:11+00:00","twitter_card":"summary_large_image","twitter_misc":{"Est. reading time":"4 minutit"},"schema":{"@context":"https:\/\/schema.org","@graph":[{"@type":"WebPage","@id":"https:\/\/www.shoppe.ee\/et\/terms-conditions\/","url":"https:\/\/www.shoppe.ee\/et\/terms-conditions\/","name":"Ostu- ja m\u00fc\u00fcgitingimused | Shoppe by Olde Hansa","isPartOf":{"@id":"https:\/\/www.shoppe.ee\/ru\/#website"},"datePublished":"2018-06-16T16:11:55+00:00","dateModified":"2018-09-11T10:25:11+00:00","description":"Famous throughout the world as the \u2018most authentic medieval dining experience ever\u2019. Olde Hansa has touched the hearts & emotions of thousands of travellers from over 130 countries","breadcrumb":{"@id":"https:\/\/www.shoppe.ee\/et\/terms-conditions\/#breadcrumb"},"inLanguage":"et","potentialAction":[{"@type":"ReadAction","target":["https:\/\/www.shoppe.ee\/et\/terms-conditions\/"]}]},{"@type":"BreadcrumbList","@id":"https:\/\/www.shoppe.ee\/et\/terms-conditions\/#breadcrumb","itemListElement":[{"@type":"ListItem","position":1,"name":"Home","item":"https:\/\/www.shoppe.ee\/et\/"},{"@type":"ListItem","position":2,"name":"Ostu- ja m\u00fc\u00fcgitingimused"}]},{"@type":"WebSite","@id":"https:\/\/www.shoppe.ee\/ru\/#website","url":"https:\/\/www.shoppe.ee\/ru\/","name":"Shoppe by Olde Hansa","description":"Food is good :)","potentialAction":[{"@type":"SearchAction","target":{"@type":"EntryPoint","urlTemplate":"https:\/\/www.shoppe.ee\/ru\/?s={search_term_string}"},"query-input":{"@type":"PropertyValueSpecification","valueRequired":true,"valueName":"search_term_string"}}],"inLanguage":"et"}]}},"_links":{"self":[{"href":"https:\/\/www.shoppe.ee\/et\/wp-json\/wp\/v2\/pages\/5928","targetHints":{"allow":["GET"]}}],"collection":[{"href":"https:\/\/www.shoppe.ee\/et\/wp-json\/wp\/v2\/pages"}],"about":[{"href":"https:\/\/www.shoppe.ee\/et\/wp-json\/wp\/v2\/types\/page"}],"author":[{"embeddable":true,"href":"https:\/\/www.shoppe.ee\/et\/wp-json\/wp\/v2\/users\/1"}],"replies":[{"embeddable":true,"href":"https:\/\/www.shoppe.ee\/et\/wp-json\/wp\/v2\/comments?post=5928"}],"version-history":[{"count":6,"href":"https:\/\/www.shoppe.ee\/et\/wp-json\/wp\/v2\/pages\/5928\/revisions"}],"predecessor-version":[{"id":5980,"href":"https:\/\/www.shoppe.ee\/et\/wp-json\/wp\/v2\/pages\/5928\/revisions\/5980"}],"wp:attachment":[{"href":"https:\/\/www.shoppe.ee\/et\/wp-json\/wp\/v2\/media?parent=5928"}],"curies":[{"name":"wp","href":"https:\/\/api.w.org\/{rel}","templated":true}]}}