{"id":5914,"date":"2018-06-16T19:12:53","date_gmt":"2018-06-16T16:12:53","guid":{"rendered":"https:\/\/www.shoppe.ee\/privacy-policy\/"},"modified":"2018-08-31T15:34:27","modified_gmt":"2018-08-31T12:34:27","slug":"privacy-policy","status":"publish","type":"page","link":"https:\/\/www.shoppe.ee\/et\/privacy-policy\/","title":{"rendered":"Privaatsustingimused"},"content":{"rendered":"<p><strong>PRIVAATSUSTINGIMUSED<\/strong><\/p>\n<p>Starmaker O\u00dc on v\u00f5tnud endale kohustuse kaitsta klientide ja kasutajate privaatsust. Sellest l\u00e4htuvalt oleme koostanud k\u00e4esolevad privaatsuspoliitika p\u00f5him\u00f5tted, mis k\u00e4sitlevad kliendi andmete kogumist, kasutamist, avaldamist, edastamist ja talletamist. Meie tegevus internetis on koosk\u00f5las k\u00f5igi Eesti Vabariigi seadustega ja vastavate Euroopa Liidu \u00f5igusaktidega.<\/p>\n<p>Hoolime oma www.shoppe.ee lehe kasutajate privaatsusest ja tekkinud info kaitsest v\u00e4ga ning teostame omalt poolt k\u00f5ik, et need ei j\u00f5uaks peale meie ja meie volitatud isikute kellegi teiseni.<\/p>\n<p><strong>Isikuandmete kogumine ja kasutamine:<\/strong><br \/>\nIsikuandmed on andmed, mida Starmaker O\u00dc kogub \u00fcksikisiku tuvastamiseks v\u00f5i temaga \u00fchenduse v\u00f5tmiseks. Keegi ei ole kohustatud oma isikuandmeid meiega jagama, kuid see on vajalik selleks, et saaksime koost\u00f6\u00f6d j\u00e4tkata.<\/p>\n<p><strong>Isikuandmete kogumine toimub kliendi n\u00f5usolekul allj\u00e4rgnevatel viisidel:<\/strong><br \/>\n\u00b7Kontaktandmete sisestamisel l\u00e4bi kontaktivormi (sh nimi, postiaadress, telefoninumber, e-posti aadress) esitamisel meie veebisaidil v\u00f5i mujal meie esinduses<br \/>\n\u00b7Veebisaidi kasutamisel kliendi konto loomisel<br \/>\n\u00b7Tellimuse sooritamisel meie e-poes<br \/>\n\u00b7K\u00fcpsiste (cookie) kaudu<\/p>\n<p><strong>K\u00fcpsised:<\/strong><br \/>\nKasutajate paremaks teenindamiseks kasutab Starmaker O\u00dc veebileht k\u00fcpsiseid ehk cookie\u2019sid.<\/p>\n<p>K\u00fcpsis on tekstifail, mille saadavad ja salvestavad kasutaja arvutisse veebilehed, mida kasutaja k\u00fclastab. K\u00fcpsis salvestatakse kasutaja veebilehitseja failikataloogi. Juhul kui kasutaja on veebilehte varem k\u00fclastanud, loeb veebilehitseja k\u00fcpsist ning edastab vastava teabe veebilehele v\u00f5i elemendile, mis k\u00fcpsise algul salvestas. Lisateave k\u00fcpsiste kohta on k\u00e4ttesaadav veebilehel http:\/\/www.aki.ee\/et\/kupsised . K\u00fcpsised v\u00f5imaldavad j\u00e4lgida veebilehe kasutusstatistikat, rubriikide populaarsust ning muid veebilehel tehtavaid toiminguid. K\u00fcpsisest saadavat teavet kasutatakse veebilehe kasutusmugavuse ja sisu parandamise eesm\u00e4rgil.<\/p>\n<p>Kasutatavad k\u00fcpsiste t\u00fc\u00fcbid on j\u00e4rgnevad:<br \/>\nP\u00fcsik\u00fcpsised on h\u00e4davajalikud veebilehel ringi liikumiseks ja selle funktsioonide kasutamiseks. P\u00fcsik\u00fcpsiste puudumisel ei saaks kasutaja kasutada k\u00f5iki veebilehe funktsioone.<br \/>\nSessioonik\u00fcpsised v\u00f5imaldavad veebilehel meelde j\u00e4tta kasutaja poolt tehtud varasemaid valikuid (n\u00e4iteks kasutajanimi, keelevalik jne) ning pakkuda seel\u00e4bi t\u00f5husamaid ja isikup\u00e4rasemaid funktsioone. J\u00e4lgimisk\u00fcpsised koguvad andmeid kasutaja k\u00e4itumisest veebilehel.<br \/>\nJ\u00e4lgimisk\u00fcpsisest saadav informatsioon v\u00f5imaldab t\u00f5sta veebilehe kasutusmugavust. Reklaamk\u00fcpsised koguvad andmeid kasutaja sirvimisharjumuste kohta, mis omakorda v\u00f5imaldavad veebilehel esitada kasutaja eelistustega koosk\u00f5las olevat reklaamisisu. Lisaks v\u00f5imaldab vastav k\u00fcpsiseliik m\u00f5\u00f5ta reklaamikampaania t\u00f5husust.<\/p>\n<p>Kasutajal on \u00f5igus keelduda k\u00fcpsiste salvestamisest arvutisse. Vastava soovi korral peab kasutaja muutma oma veebilehitseja seadeid. Eri t\u00fc\u00fcpi veebilehitsejad kasutavad k\u00fcpsiste keelamiseks erinevaid meetodeid. T\u00e4psem informatsioon on kuvatud veebilehel http:\/\/www.aki.ee\/et\/kupsised .<br \/>\nK\u00fcpsiste blokeerimisel peab kasutaja arvestama, et k\u00f5ik veebilehe funktsioonid ei pruugi p\u00e4rast k\u00fcpsiste blokeerimist enam kasutajale k\u00e4ttesaadavad olla.<\/p>\n<p><strong>Teie andmete turvalisus:<\/strong><br \/>\nKasutame oma www.shoppe.ee lehel SSL sertifikaate, mis teevad teie kasutajaandmed turvaliseks. Teie kasutajaandmed on kr\u00fcpteeritud.<\/p>\n<p><strong>Isikliku info \u00fclekanne:<\/strong><br \/>\nIsikliku info \u00fclekanne toimub siis kui tuuakse kohale kaupa, nii kaua kui toodete kohale toomine on vajalik.<\/p>\n<p>Samuti kasutame oma t\u00f6\u00f6s k\u00fcpsiste kaudu osalisi andmete \u00fclekannet. Me ei anna \u00fcle teie nime, e-posti, telefoni. Kasutame \u00fclekandeks IP\u2019d. Seda selleks, et saaksime kasutada oma turundust\u00f6\u00f6s vajalikke programme. Naiteks Google Analytics, Facebook Pixel, Hotjar. Programmid kasutavad meie edastatavat infot, et hinnata meie lehe kasutust teie kasutajamugavuse parandamiseks. Et ka tulevikus oleks leht sama hea ning isegi parem ja mugavam.<br \/>\nVajadusel saate ennetada seda keelates oma arvutis k\u00fcpsised, kuid see segaks t\u00e4nap\u00e4eva internet kasutuses t\u00f5en\u00e4oliselt kasutajamugavust tohutult.<\/p>\n<p><strong>Teised lingid:<\/strong><br \/>\nwww.shoppe.ee v\u00f5ivad sisaldada kolmandate osapoolte veebilehtede linke. www.shoppe.ee puudub vastutus nende lehek\u00fclgede sisu eest. Nende kasutamine on teie enda vastutusel.<\/p>\n<p><strong>Alaealised<\/strong><br \/>\nwww.shoppe.ee soovitab k\u0151ikidel vanematel ja eestkostjatel \u0151petada oma lastele ohutult ja vastutusrikkalt kasutama oma isiklikke andmeid internetis. Alaealised ei tohiks edastada isiklikke andmeid www.shoppe.ee kodulehek\u00fclgedele ilma vanemate v\u0151i eestkostjate loata. www.shoppe.ee ei kavatse kunagi koguda teadlikult isiklikke andmeid alaealistelt, v\u0151i kasutada seda mingil moel, v\u0151i avalikustada seda kolmandatele isikutele ilma loata.<\/p>\n<p><strong>Informatsioon, andmete muutmine v\u00f5i kustutamine:<\/strong><br \/>\nAndmekaitse seaduse all on teil \u00f5igus ligip\u00e4\u00e4sule oma andmetele ja \u00f5igus seda muuta ja kustutada.<\/p>\n<p><strong>\u00d5igus informatsioonile:<\/strong><br \/>\nKui Teil tekib k\u00fcsimusi meie privaatsuse kaitsepoliitika v\u0151i Teie isiklike andmete t\u00f6\u00f6tlemise suhtes, kontakteeruge julgelt meie e-maili teel info@shoppe.ee<br \/>\nPeale p\u00e4ringut informeeritakse kirjalikult ja koosk\u0151las rakenduvate \u0151igusaktidega \u2013 milliseid teie isiklikke andmeid, kui \u00fcldse, koguti Teie k\u00fclastuse ajal www.shoppe.ee veebilehel.<\/p>\n<p><strong>Tingimused ja muudatused:<\/strong><br \/>\nJ\u00e4tame endale \u00f5iguse vajadusel privaatsuspoliitikat muuta. Meie veebisaiti kasutama asudes, eeldame, et oled nende p\u00f5him\u00f5tetega tutvunud ning n\u00f5ustud nendega.<br \/>\nK\u00f5igi privaatsuspoliitika v\u00f5i andmet\u00f6\u00f6tluse kohta tekkivate k\u00fcsimuste v\u00f5i muredega palume v\u00f5tta meiega \u00fchendust klienditeeninduse telefoninumbril &#8211; +372 627 9020<\/p>\n<p><strong>Starmaker O\u00dc<\/strong><br \/>\nVana turg 1<br \/>\nRegistri number: 10412838<br \/>\nE-mail: info@shoppe.ee<br \/>\nWeb: www.shoppe.ee<\/p>\n","protected":false},"excerpt":{"rendered":"<p>PRIVAATSUSTINGIMUSED Starmaker O\u00dc on v\u00f5tnud endale kohustuse kaitsta klientide ja kasutajate privaatsust. Sellest l\u00e4htuvalt oleme koostanud k\u00e4esolevad privaatsuspoliitika p\u00f5him\u00f5tted, mis k\u00e4sitlevad kliendi andmete kogumist, kasutamist, avaldamist, edastamist ja talletamist. Meie tegevus internetis on koosk\u00f5las k\u00f5igi Eesti Vabariigi seadustega ja vastavate Euroopa Liidu \u00f5igusaktidega. Hoolime oma www.shoppe.ee lehe kasutajate privaatsusest ja tekkinud info kaitsest v\u00e4ga ning&#8230;<\/p>\n","protected":false},"author":1,"featured_media":0,"parent":0,"menu_order":0,"comment_status":"closed","ping_status":"closed","template":"","meta":{"_acf_changed":false,"_monsterinsights_skip_tracking":false,"_monsterinsights_sitenote_active":false,"_monsterinsights_sitenote_note":"","_monsterinsights_sitenote_category":0,"footnotes":""},"class_list":["post-5914","page","type-page","status-publish","hentry"],"acf":[],"yoast_head":"<!-- This site is optimized with the Yoast SEO plugin v26.4 - https:\/\/yoast.com\/wordpress\/plugins\/seo\/ -->\n<title>Privaatsustingimused | Shoppe by Olde Hansa<\/title>\n<meta name=\"description\" content=\"Famous throughout the world as the \u2018most authentic medieval dining experience ever\u2019. Olde Hansa has touched the hearts &amp; emotions of thousands of travellers from over 130 countries\" \/>\n<meta name=\"robots\" content=\"index, follow, max-snippet:-1, max-image-preview:large, max-video-preview:-1\" \/>\n<link rel=\"canonical\" href=\"https:\/\/www.shoppe.ee\/et\/privacy-policy\/\" \/>\n<meta property=\"og:locale\" content=\"et_EE\" \/>\n<meta property=\"og:type\" content=\"article\" \/>\n<meta property=\"og:title\" content=\"Privaatsustingimused | Shoppe by Olde Hansa\" \/>\n<meta property=\"og:description\" content=\"Famous throughout the world as the \u2018most authentic medieval dining experience ever\u2019. Olde Hansa has touched the hearts &amp; emotions of thousands of travellers from over 130 countries\" \/>\n<meta property=\"og:url\" content=\"https:\/\/www.shoppe.ee\/et\/privacy-policy\/\" \/>\n<meta property=\"og:site_name\" content=\"Shoppe by Olde Hansa\" \/>\n<meta property=\"article:modified_time\" content=\"2018-08-31T12:34:27+00:00\" \/>\n<meta name=\"twitter:card\" content=\"summary_large_image\" \/>\n<meta name=\"twitter:label1\" content=\"Est. reading time\" \/>\n\t<meta name=\"twitter:data1\" content=\"4 minutit\" \/>\n<script type=\"application\/ld+json\" class=\"yoast-schema-graph\">{\"@context\":\"https:\/\/schema.org\",\"@graph\":[{\"@type\":\"WebPage\",\"@id\":\"https:\/\/www.shoppe.ee\/et\/privacy-policy\/\",\"url\":\"https:\/\/www.shoppe.ee\/et\/privacy-policy\/\",\"name\":\"Privaatsustingimused | Shoppe by Olde Hansa\",\"isPartOf\":{\"@id\":\"https:\/\/www.shoppe.ee\/ru\/#website\"},\"datePublished\":\"2018-06-16T16:12:53+00:00\",\"dateModified\":\"2018-08-31T12:34:27+00:00\",\"description\":\"Famous throughout the world as the \u2018most authentic medieval dining experience ever\u2019. Olde Hansa has touched the hearts & emotions of thousands of travellers from over 130 countries\",\"breadcrumb\":{\"@id\":\"https:\/\/www.shoppe.ee\/et\/privacy-policy\/#breadcrumb\"},\"inLanguage\":\"et\",\"potentialAction\":[{\"@type\":\"ReadAction\",\"target\":[\"https:\/\/www.shoppe.ee\/et\/privacy-policy\/\"]}]},{\"@type\":\"BreadcrumbList\",\"@id\":\"https:\/\/www.shoppe.ee\/et\/privacy-policy\/#breadcrumb\",\"itemListElement\":[{\"@type\":\"ListItem\",\"position\":1,\"name\":\"Home\",\"item\":\"https:\/\/www.shoppe.ee\/et\/\"},{\"@type\":\"ListItem\",\"position\":2,\"name\":\"Privaatsustingimused\"}]},{\"@type\":\"WebSite\",\"@id\":\"https:\/\/www.shoppe.ee\/ru\/#website\",\"url\":\"https:\/\/www.shoppe.ee\/ru\/\",\"name\":\"Shoppe by Olde Hansa\",\"description\":\"Food is good :)\",\"potentialAction\":[{\"@type\":\"SearchAction\",\"target\":{\"@type\":\"EntryPoint\",\"urlTemplate\":\"https:\/\/www.shoppe.ee\/ru\/?s={search_term_string}\"},\"query-input\":{\"@type\":\"PropertyValueSpecification\",\"valueRequired\":true,\"valueName\":\"search_term_string\"}}],\"inLanguage\":\"et\"}]}<\/script>\n<!-- \/ Yoast SEO plugin. -->","yoast_head_json":{"title":"Privaatsustingimused | Shoppe by Olde Hansa","description":"Famous throughout the world as the \u2018most authentic medieval dining experience ever\u2019. Olde Hansa has touched the hearts & emotions of thousands of travellers from over 130 countries","robots":{"index":"index","follow":"follow","max-snippet":"max-snippet:-1","max-image-preview":"max-image-preview:large","max-video-preview":"max-video-preview:-1"},"canonical":"https:\/\/www.shoppe.ee\/et\/privacy-policy\/","og_locale":"et_EE","og_type":"article","og_title":"Privaatsustingimused | Shoppe by Olde Hansa","og_description":"Famous throughout the world as the \u2018most authentic medieval dining experience ever\u2019. Olde Hansa has touched the hearts & emotions of thousands of travellers from over 130 countries","og_url":"https:\/\/www.shoppe.ee\/et\/privacy-policy\/","og_site_name":"Shoppe by Olde Hansa","article_modified_time":"2018-08-31T12:34:27+00:00","twitter_card":"summary_large_image","twitter_misc":{"Est. reading time":"4 minutit"},"schema":{"@context":"https:\/\/schema.org","@graph":[{"@type":"WebPage","@id":"https:\/\/www.shoppe.ee\/et\/privacy-policy\/","url":"https:\/\/www.shoppe.ee\/et\/privacy-policy\/","name":"Privaatsustingimused | Shoppe by Olde Hansa","isPartOf":{"@id":"https:\/\/www.shoppe.ee\/ru\/#website"},"datePublished":"2018-06-16T16:12:53+00:00","dateModified":"2018-08-31T12:34:27+00:00","description":"Famous throughout the world as the \u2018most authentic medieval dining experience ever\u2019. Olde Hansa has touched the hearts & emotions of thousands of travellers from over 130 countries","breadcrumb":{"@id":"https:\/\/www.shoppe.ee\/et\/privacy-policy\/#breadcrumb"},"inLanguage":"et","potentialAction":[{"@type":"ReadAction","target":["https:\/\/www.shoppe.ee\/et\/privacy-policy\/"]}]},{"@type":"BreadcrumbList","@id":"https:\/\/www.shoppe.ee\/et\/privacy-policy\/#breadcrumb","itemListElement":[{"@type":"ListItem","position":1,"name":"Home","item":"https:\/\/www.shoppe.ee\/et\/"},{"@type":"ListItem","position":2,"name":"Privaatsustingimused"}]},{"@type":"WebSite","@id":"https:\/\/www.shoppe.ee\/ru\/#website","url":"https:\/\/www.shoppe.ee\/ru\/","name":"Shoppe by Olde Hansa","description":"Food is good :)","potentialAction":[{"@type":"SearchAction","target":{"@type":"EntryPoint","urlTemplate":"https:\/\/www.shoppe.ee\/ru\/?s={search_term_string}"},"query-input":{"@type":"PropertyValueSpecification","valueRequired":true,"valueName":"search_term_string"}}],"inLanguage":"et"}]}},"_links":{"self":[{"href":"https:\/\/www.shoppe.ee\/et\/wp-json\/wp\/v2\/pages\/5914","targetHints":{"allow":["GET"]}}],"collection":[{"href":"https:\/\/www.shoppe.ee\/et\/wp-json\/wp\/v2\/pages"}],"about":[{"href":"https:\/\/www.shoppe.ee\/et\/wp-json\/wp\/v2\/types\/page"}],"author":[{"embeddable":true,"href":"https:\/\/www.shoppe.ee\/et\/wp-json\/wp\/v2\/users\/1"}],"replies":[{"embeddable":true,"href":"https:\/\/www.shoppe.ee\/et\/wp-json\/wp\/v2\/comments?post=5914"}],"version-history":[{"count":3,"href":"https:\/\/www.shoppe.ee\/et\/wp-json\/wp\/v2\/pages\/5914\/revisions"}],"predecessor-version":[{"id":5917,"href":"https:\/\/www.shoppe.ee\/et\/wp-json\/wp\/v2\/pages\/5914\/revisions\/5917"}],"wp:attachment":[{"href":"https:\/\/www.shoppe.ee\/et\/wp-json\/wp\/v2\/media?parent=5914"}],"curies":[{"name":"wp","href":"https:\/\/api.w.org\/{rel}","templated":true}]}}